{"id":5165,"date":"2025-03-27T09:00:27","date_gmt":"2025-03-27T09:00:27","guid":{"rendered":"https:\/\/ecosentec.com\/?post_type=product&#038;p=5165"},"modified":"2025-04-10T07:10:33","modified_gmt":"2025-04-10T07:10:33","slug":"ws3056-ultraschall-windgeschwindigkeits-und-richtungssender","status":"publish","type":"product","link":"https:\/\/ecosentec.com\/de\/produkt\/ws3056-ultraschall-windgeschwindigkeits-und-richtungssender\/","title":{"rendered":"ES-W3056 Ultraschall-Windgeschwindigkeits- und -richtungssender"},"content":{"rendered":"<p class=\"p1\">Der Windgeschwindigkeits- und -richtungssender ES-W3056 ist ein Ger\u00e4t, das Windgeschwindigkeit, Windrichtung und Schalltemperatur anhand der Zeitdifferenz der Ultraschallausbreitung in der Luft messen kann. Die kompakte Bauweise reduziert das Volumen und sorgt f\u00fcr ein ansprechenderes Erscheinungsbild. Das Geh\u00e4use aus Aluminiumlegierung reduziert das Gewicht. Die integrierte Heizung funktioniert auch bei kaltem und frostigem Wetter einwandfrei. Er wird f\u00fcr Windkraftanlagen, Tunnel, hochgelegene Geb\u00e4ude und andere Bereiche empfohlen.<\/p>\n<p class=\"p1\">Es wird haupts\u00e4chlich in den Bereichen Autobahn, Meteorologie, Bohrplattformen, Wasserstra\u00dfen, H\u00e4fen, Windkrafterzeugung, Schifffahrt, automatische Wetterstationen und anderen Branchen eingesetzt.<\/p>","protected":false},"excerpt":{"rendered":"<p>Der Windgeschwindigkeits- und -richtungssender ES-W3056 ist ein Ger\u00e4t, das Windgeschwindigkeit, Windrichtung und Schalltemperatur anhand der Zeitdifferenz der Ultraschallausbreitung in der Luft messen kann. Die kompakte Bauweise reduziert das Volumen und sorgt f\u00fcr ein ansprechenderes Erscheinungsbild. Das Geh\u00e4use aus Aluminiumlegierung reduziert das Gewicht. Die integrierte Heizung funktioniert auch bei kaltem und frostigem Wetter einwandfrei. Er wird f\u00fcr Windkraftanlagen, Tunnel, hochgelegene Geb\u00e4ude und andere Bereiche empfohlen.<\/p>","protected":false},"featured_media":6013,"template":"","meta":{"om_disable_all_campaigns":false,"_monsterinsights_skip_tracking":false,"_monsterinsights_sitenote_active":false,"_monsterinsights_sitenote_note":"","_monsterinsights_sitenote_category":0,"site-sidebar-layout":"default","site-content-layout":"","ast-site-content-layout":"default","site-content-style":"default","site-sidebar-style":"default","ast-global-header-display":"","ast-banner-title-visibility":"","ast-main-header-display":"","ast-hfb-above-header-display":"","ast-hfb-below-header-display":"","ast-hfb-mobile-header-display":"","site-post-title":"","ast-breadcrumbs-content":"","ast-featured-img":"","footer-sml-layout":"","ast-disable-related-posts":"","theme-transparent-header-meta":"default","adv-header-id-meta":"","stick-header-meta":"","header-above-stick-meta":"","header-main-stick-meta":"","header-below-stick-meta":"","astra-migrate-meta-layouts":"set","ast-page-background-enabled":"default","ast-page-background-meta":{"desktop":{"background-color":"","background-image":"","background-repeat":"repeat","background-position":"center center","background-size":"auto","background-attachment":"scroll","background-type":"","background-media":"","overlay-type":"","overlay-color":"","overlay-opacity":"","overlay-gradient":""},"tablet":{"background-color":"","background-image":"","background-repeat":"repeat","background-position":"center center","background-size":"auto","background-attachment":"scroll","background-type":"","background-media":"","overlay-type":"","overlay-color":"","overlay-opacity":"","overlay-gradient":""},"mobile":{"background-color":"","background-image":"","background-repeat":"repeat","background-position":"center center","background-size":"auto","background-attachment":"scroll","background-type":"","background-media":"","overlay-type":"","overlay-color":"","overlay-opacity":"","overlay-gradient":""}},"ast-content-background-meta":{"desktop":{"background-color":"var(--ast-global-color-5)","background-image":"","background-repeat":"repeat","background-position":"center center","background-size":"auto","background-attachment":"scroll","background-type":"","background-media":"","overlay-type":"","overlay-color":"","overlay-opacity":"","overlay-gradient":""},"tablet":{"background-color":"var(--ast-global-color-5)","background-image":"","background-repeat":"repeat","background-position":"center center","background-size":"auto","background-attachment":"scroll","background-type":"","background-media":"","overlay-type":"","overlay-color":"","overlay-opacity":"","overlay-gradient":""},"mobile":{"background-color":"var(--ast-global-color-5)","background-image":"","background-repeat":"repeat","background-position":"center center","background-size":"auto","background-attachment":"scroll","background-type":"","background-media":"","overlay-type":"","overlay-color":"","overlay-opacity":"","overlay-gradient":""}},"_joinchat":[]},"product_brand":[],"product_cat":[25,77],"product_tag":[],"class_list":{"0":"post-5165","1":"product","2":"type-product","3":"status-publish","4":"has-post-thumbnail","6":"product_cat-wind-sensor","7":"product_cat-ultrasonic-wind-sensor","8":"desktop-align-left","9":"tablet-align-left","10":"mobile-align-left","12":"first","13":"instock","14":"shipping-taxable","15":"purchasable","16":"product-type-simple"},"jetpack_sharing_enabled":true,"_links":{"self":[{"href":"https:\/\/ecosentec.com\/de\/wp-json\/wp\/v2\/product\/5165","targetHints":{"allow":["GET"]}}],"collection":[{"href":"https:\/\/ecosentec.com\/de\/wp-json\/wp\/v2\/product"}],"about":[{"href":"https:\/\/ecosentec.com\/de\/wp-json\/wp\/v2\/types\/product"}],"version-history":[{"count":2,"href":"https:\/\/ecosentec.com\/de\/wp-json\/wp\/v2\/product\/5165\/revisions"}],"predecessor-version":[{"id":5487,"href":"https:\/\/ecosentec.com\/de\/wp-json\/wp\/v2\/product\/5165\/revisions\/5487"}],"wp:featuredmedia":[{"embeddable":true,"href":"https:\/\/ecosentec.com\/de\/wp-json\/wp\/v2\/media\/6013"}],"wp:attachment":[{"href":"https:\/\/ecosentec.com\/de\/wp-json\/wp\/v2\/media?parent=5165"}],"wp:term":[{"taxonomy":"product_brand","embeddable":true,"href":"https:\/\/ecosentec.com\/de\/wp-json\/wp\/v2\/product_brand?post=5165"},{"taxonomy":"product_cat","embeddable":true,"href":"https:\/\/ecosentec.com\/de\/wp-json\/wp\/v2\/product_cat?post=5165"},{"taxonomy":"product_tag","embeddable":true,"href":"https:\/\/ecosentec.com\/de\/wp-json\/wp\/v2\/product_tag?post=5165"}],"curies":[{"name":"wp","href":"https:\/\/api.w.org\/{rel}","templated":true}]}}