{"id":5162,"date":"2025-03-27T09:00:25","date_gmt":"2025-03-27T09:00:25","guid":{"rendered":"https:\/\/ecosentec.com\/?post_type=product&#038;p=5162"},"modified":"2025-04-01T04:03:13","modified_gmt":"2025-04-01T04:03:13","slug":"ultraschall-anemometer-mit-heizung","status":"publish","type":"product","link":"https:\/\/ecosentec.com\/de\/produkt\/ultraschall-anemometer-mit-heizung\/","title":{"rendered":"ES-W3055 Mini-Ultraschall-Anemometer mit Heizung"},"content":{"rendered":"<p class=\"p1\">Das Ultraschall-Anemometer der Serie ES-W3055 mit Heizung nutzt die Ultraschallresonanzmethode zur Messung von Windgeschwindigkeit und -richtung. Mit einem Durchmesser von nur 43 mm und einem Gewicht von nur 130 g ist das ES-W3055 das kleinste und leichteste Ultraschall-Anemometer auf dem Markt. Es verf\u00fcgt \u00fcber einen stromsparenden Chip und verbraucht im niedrigen Betriebszustand nur 0,1 W.<\/p>\n<p class=\"p1\">Diese Serie von Ultraschall-Anemometern ist f\u00fcr unterschiedliche Einsatzumgebungen konzipiert und bietet mehrere Installationsmethoden sowie drei Geh\u00e4usematerialien, um den individuellen Anforderungen des Benutzers gerecht zu werden. Die Geh\u00e4usematerialien bestehen aus ABS, Aluminiumlegierung und Edelstahl. Die Oberfl\u00e4che ist speziell behandelt, um Oxidations- und Korrosionsbest\u00e4ndigkeit zu gew\u00e4hrleisten.<\/p>\n<p class=\"p1\">Zu den Installationsmethoden geh\u00f6ren vertikale Installation, Heben und horizontale Installation. Der Schutzgrad kann auf IP68 erh\u00f6ht werden, um den Einsatz in rauen Offshore-Umgebungen zu erm\u00f6glichen.<\/p>\n<p class=\"p1\">Wird haupts\u00e4chlich in Wetterstationen, Hochspannungsmasten, Kommunikationst\u00fcrmen, speziellen L\u00fcftungskan\u00e4len, Offshore-Bojen usw. verwendet.<\/p>","protected":false},"excerpt":{"rendered":"<p>Der Windgeschwindigkeits- und -richtungsmesser der Serie ES-W3055 misst Windgeschwindigkeit und -richtung mit Ultraschallresonanz. Mit einem Durchmesser von nur 43 mm und einem Gewicht von nur 130 g ist der ES-W3055 das kleinste und leichteste Ultraschall-Anemometer auf dem Markt. Er verf\u00fcgt \u00fcber einen stromsparenden Chip und verbraucht im niedrigen Betriebszustand nur 0,1 W.<\/p>","protected":false},"featured_media":5305,"template":"","meta":{"om_disable_all_campaigns":false,"_monsterinsights_skip_tracking":false,"_monsterinsights_sitenote_active":false,"_monsterinsights_sitenote_note":"","_monsterinsights_sitenote_category":0,"site-sidebar-layout":"default","site-content-layout":"","ast-site-content-layout":"default","site-content-style":"default","site-sidebar-style":"default","ast-global-header-display":"","ast-banner-title-visibility":"","ast-main-header-display":"","ast-hfb-above-header-display":"","ast-hfb-below-header-display":"","ast-hfb-mobile-header-display":"","site-post-title":"","ast-breadcrumbs-content":"","ast-featured-img":"","footer-sml-layout":"","ast-disable-related-posts":"","theme-transparent-header-meta":"default","adv-header-id-meta":"","stick-header-meta":"","header-above-stick-meta":"","header-main-stick-meta":"","header-below-stick-meta":"","astra-migrate-meta-layouts":"set","ast-page-background-enabled":"default","ast-page-background-meta":{"desktop":{"background-color":"","background-image":"","background-repeat":"repeat","background-position":"center center","background-size":"auto","background-attachment":"scroll","background-type":"","background-media":"","overlay-type":"","overlay-color":"","overlay-opacity":"","overlay-gradient":""},"tablet":{"background-color":"","background-image":"","background-repeat":"repeat","background-position":"center center","background-size":"auto","background-attachment":"scroll","background-type":"","background-media":"","overlay-type":"","overlay-color":"","overlay-opacity":"","overlay-gradient":""},"mobile":{"background-color":"","background-image":"","background-repeat":"repeat","background-position":"center center","background-size":"auto","background-attachment":"scroll","background-type":"","background-media":"","overlay-type":"","overlay-color":"","overlay-opacity":"","overlay-gradient":""}},"ast-content-background-meta":{"desktop":{"background-color":"var(--ast-global-color-5)","background-image":"","background-repeat":"repeat","background-position":"center center","background-size":"auto","background-attachment":"scroll","background-type":"","background-media":"","overlay-type":"","overlay-color":"","overlay-opacity":"","overlay-gradient":""},"tablet":{"background-color":"var(--ast-global-color-5)","background-image":"","background-repeat":"repeat","background-position":"center center","background-size":"auto","background-attachment":"scroll","background-type":"","background-media":"","overlay-type":"","overlay-color":"","overlay-opacity":"","overlay-gradient":""},"mobile":{"background-color":"var(--ast-global-color-5)","background-image":"","background-repeat":"repeat","background-position":"center center","background-size":"auto","background-attachment":"scroll","background-type":"","background-media":"","overlay-type":"","overlay-color":"","overlay-opacity":"","overlay-gradient":""}},"_joinchat":[]},"product_brand":[],"product_cat":[25,77],"product_tag":[],"class_list":{"0":"post-5162","1":"product","2":"type-product","3":"status-publish","4":"has-post-thumbnail","6":"product_cat-wind-sensor","7":"product_cat-ultrasonic-wind-sensor","8":"desktop-align-left","9":"tablet-align-left","10":"mobile-align-left","12":"first","13":"instock","14":"shipping-taxable","15":"purchasable","16":"product-type-simple"},"jetpack_sharing_enabled":true,"_links":{"self":[{"href":"https:\/\/ecosentec.com\/de\/wp-json\/wp\/v2\/product\/5162","targetHints":{"allow":["GET"]}}],"collection":[{"href":"https:\/\/ecosentec.com\/de\/wp-json\/wp\/v2\/product"}],"about":[{"href":"https:\/\/ecosentec.com\/de\/wp-json\/wp\/v2\/types\/product"}],"version-history":[{"count":5,"href":"https:\/\/ecosentec.com\/de\/wp-json\/wp\/v2\/product\/5162\/revisions"}],"predecessor-version":[{"id":5679,"href":"https:\/\/ecosentec.com\/de\/wp-json\/wp\/v2\/product\/5162\/revisions\/5679"}],"wp:featuredmedia":[{"embeddable":true,"href":"https:\/\/ecosentec.com\/de\/wp-json\/wp\/v2\/media\/5305"}],"wp:attachment":[{"href":"https:\/\/ecosentec.com\/de\/wp-json\/wp\/v2\/media?parent=5162"}],"wp:term":[{"taxonomy":"product_brand","embeddable":true,"href":"https:\/\/ecosentec.com\/de\/wp-json\/wp\/v2\/product_brand?post=5162"},{"taxonomy":"product_cat","embeddable":true,"href":"https:\/\/ecosentec.com\/de\/wp-json\/wp\/v2\/product_cat?post=5162"},{"taxonomy":"product_tag","embeddable":true,"href":"https:\/\/ecosentec.com\/de\/wp-json\/wp\/v2\/product_tag?post=5162"}],"curies":[{"name":"wp","href":"https:\/\/api.w.org\/{rel}","templated":true}]}}