{"id":5160,"date":"2025-03-27T09:00:24","date_gmt":"2025-03-27T09:00:24","guid":{"rendered":"https:\/\/ecosentec.com\/?post_type=product&#038;p=5160"},"modified":"2025-04-10T07:12:53","modified_gmt":"2025-04-10T07:12:53","slug":"ws3032-mini-ultraschall-windgeschwindigkeits-und-richtungsanemometer","status":"publish","type":"product","link":"https:\/\/ecosentec.com\/de\/produkt\/ws3032-mini-ultraschall-windgeschwindigkeits-und-richtungsanemometer\/","title":{"rendered":"ES-W3032 Mini-Ultraschall-Windgeschwindigkeits- und -richtungsanemometer"},"content":{"rendered":"<p class=\"p1\">Das Mini-Ultraschall-Windgeschwindigkeits- und -richtungsanemometer ES-W3032 ist ein Messger\u00e4t, das die Zeitdifferenz von Ultraschallwellen in der Luft zur Messung von Windgeschwindigkeit und -richtung nutzt. Das ES-W3032 verf\u00fcgt \u00fcber einen stromsparenden Chip, der nur 0,2 W verbraucht und sich daher besonders f\u00fcr solar- oder batteriebetriebene Umgebungen mit hohem Stromverbrauch eignet. Dank neuer Technologie und neuer Verfahren ist die Bauweise kompakter und die Kosten im Vergleich zum urspr\u00fcnglichen kosteng\u00fcnstigen Anemometer der ES-W3032-Serie deutlich reduziert. Das Geh\u00e4use besteht aus zwei Metallgussteilen, Aluminium und ABS, was den Einsatz in verschiedenen Umgebungen erleichtert.<\/p>\n<p class=\"p1\">Es wird haupts\u00e4chlich in Familienwetterstationen, zur meteorologischen Erkennung von Ackerland, zur \u00dcberwachung der Windgeschwindigkeit von Turmdrehkranen usw. verwendet.<\/p>","protected":false},"excerpt":{"rendered":"<p>Das Mini-Ultraschall-Windgeschwindigkeits- und -richtungsanemometer ES-W3032 ist ein Messger\u00e4t, das die Zeitdifferenz von Ultraschallwellen in der Luft zur Messung von Windgeschwindigkeit und -richtung nutzt. Das ES-W3032 verf\u00fcgt \u00fcber einen stromsparenden Chip, der nur 0,2 W verbraucht und sich daher besonders f\u00fcr solar- oder batteriebetriebene Umgebungen mit hohem Stromverbrauch eignet. Dank neuer Technologien und Verfahren ist die Bauweise kompakter und die Kosten im Vergleich zum urspr\u00fcnglichen Anemometer der ES-W3032-Serie deutlich reduziert. Das Geh\u00e4use besteht aus zwei Metallgussteilen, Aluminium und ABS, was den Einsatz in verschiedenen Umgebungen erleichtert.<\/p>","protected":false},"featured_media":6024,"template":"","meta":{"om_disable_all_campaigns":false,"_monsterinsights_skip_tracking":false,"_monsterinsights_sitenote_active":false,"_monsterinsights_sitenote_note":"","_monsterinsights_sitenote_category":0,"site-sidebar-layout":"default","site-content-layout":"","ast-site-content-layout":"default","site-content-style":"default","site-sidebar-style":"default","ast-global-header-display":"","ast-banner-title-visibility":"","ast-main-header-display":"","ast-hfb-above-header-display":"","ast-hfb-below-header-display":"","ast-hfb-mobile-header-display":"","site-post-title":"","ast-breadcrumbs-content":"","ast-featured-img":"","footer-sml-layout":"","ast-disable-related-posts":"","theme-transparent-header-meta":"default","adv-header-id-meta":"","stick-header-meta":"","header-above-stick-meta":"","header-main-stick-meta":"","header-below-stick-meta":"","astra-migrate-meta-layouts":"set","ast-page-background-enabled":"default","ast-page-background-meta":{"desktop":{"background-color":"","background-image":"","background-repeat":"repeat","background-position":"center center","background-size":"auto","background-attachment":"scroll","background-type":"","background-media":"","overlay-type":"","overlay-color":"","overlay-opacity":"","overlay-gradient":""},"tablet":{"background-color":"","background-image":"","background-repeat":"repeat","background-position":"center center","background-size":"auto","background-attachment":"scroll","background-type":"","background-media":"","overlay-type":"","overlay-color":"","overlay-opacity":"","overlay-gradient":""},"mobile":{"background-color":"","background-image":"","background-repeat":"repeat","background-position":"center center","background-size":"auto","background-attachment":"scroll","background-type":"","background-media":"","overlay-type":"","overlay-color":"","overlay-opacity":"","overlay-gradient":""}},"ast-content-background-meta":{"desktop":{"background-color":"var(--ast-global-color-5)","background-image":"","background-repeat":"repeat","background-position":"center center","background-size":"auto","background-attachment":"scroll","background-type":"","background-media":"","overlay-type":"","overlay-color":"","overlay-opacity":"","overlay-gradient":""},"tablet":{"background-color":"var(--ast-global-color-5)","background-image":"","background-repeat":"repeat","background-position":"center center","background-size":"auto","background-attachment":"scroll","background-type":"","background-media":"","overlay-type":"","overlay-color":"","overlay-opacity":"","overlay-gradient":""},"mobile":{"background-color":"var(--ast-global-color-5)","background-image":"","background-repeat":"repeat","background-position":"center center","background-size":"auto","background-attachment":"scroll","background-type":"","background-media":"","overlay-type":"","overlay-color":"","overlay-opacity":"","overlay-gradient":""}},"_joinchat":[]},"product_brand":[],"product_cat":[25,77],"product_tag":[],"class_list":{"0":"post-5160","1":"product","2":"type-product","3":"status-publish","4":"has-post-thumbnail","6":"product_cat-wind-sensor","7":"product_cat-ultrasonic-wind-sensor","8":"desktop-align-left","9":"tablet-align-left","10":"mobile-align-left","12":"first","13":"instock","14":"shipping-taxable","15":"purchasable","16":"product-type-simple"},"jetpack_sharing_enabled":true,"_links":{"self":[{"href":"https:\/\/ecosentec.com\/de\/wp-json\/wp\/v2\/product\/5160","targetHints":{"allow":["GET"]}}],"collection":[{"href":"https:\/\/ecosentec.com\/de\/wp-json\/wp\/v2\/product"}],"about":[{"href":"https:\/\/ecosentec.com\/de\/wp-json\/wp\/v2\/types\/product"}],"version-history":[{"count":3,"href":"https:\/\/ecosentec.com\/de\/wp-json\/wp\/v2\/product\/5160\/revisions"}],"predecessor-version":[{"id":6025,"href":"https:\/\/ecosentec.com\/de\/wp-json\/wp\/v2\/product\/5160\/revisions\/6025"}],"wp:featuredmedia":[{"embeddable":true,"href":"https:\/\/ecosentec.com\/de\/wp-json\/wp\/v2\/media\/6024"}],"wp:attachment":[{"href":"https:\/\/ecosentec.com\/de\/wp-json\/wp\/v2\/media?parent=5160"}],"wp:term":[{"taxonomy":"product_brand","embeddable":true,"href":"https:\/\/ecosentec.com\/de\/wp-json\/wp\/v2\/product_brand?post=5160"},{"taxonomy":"product_cat","embeddable":true,"href":"https:\/\/ecosentec.com\/de\/wp-json\/wp\/v2\/product_cat?post=5160"},{"taxonomy":"product_tag","embeddable":true,"href":"https:\/\/ecosentec.com\/de\/wp-json\/wp\/v2\/product_tag?post=5160"}],"curies":[{"name":"wp","href":"https:\/\/api.w.org\/{rel}","templated":true}]}}