{"id":5158,"date":"2025-03-27T09:00:24","date_gmt":"2025-03-27T09:00:24","guid":{"rendered":"https:\/\/ecosentec.com\/?post_type=product&#038;p=5158"},"modified":"2025-07-02T08:17:48","modified_gmt":"2025-07-02T08:17:48","slug":"hochprazises-ultraschall-anemometer","status":"publish","type":"product","link":"https:\/\/ecosentec.com\/de\/produkt\/hochprazises-ultraschall-anemometer\/","title":{"rendered":"ES-W303 Hochpr\u00e4zises Ultraschall-Anemometer"},"content":{"rendered":"<p class=\"p1\">Das hochpr\u00e4zise Ultraschall-Anemometer ES-W303 misst Windgeschwindigkeit, Windrichtung und Schalltemperatur anhand der Zeitdifferenz der Ultraschallausbreitung in der Luft. Die kompakte Bauweise reduziert das Volumen und sorgt f\u00fcr ein ansprechenderes Erscheinungsbild. Das Geh\u00e4use aus Aluminiumlegierung reduziert das Gewicht. Die integrierte Heizung funktioniert auch bei kaltem und frostigem Wetter einwandfrei. Es eignet sich f\u00fcr Windkraftanlagen, Tunnel, hochgelegene Geb\u00e4ude und andere Bereiche.<\/p>\n<p class=\"p1\">Es wird haupts\u00e4chlich in den Bereichen Autobahn, Meteorologie, Bohrplattformen, Wasserstra\u00dfen, H\u00e4fen, Windkrafterzeugung, Schifffahrt, automatische Wetterstationen und anderen Branchen eingesetzt.<\/p>","protected":false},"excerpt":{"rendered":"<p>Das hochpr\u00e4zise Ultraschall-Anemometer ES-W303 misst Windgeschwindigkeit, Windrichtung und Schalltemperatur anhand der Zeitdifferenz der Ultraschallausbreitung in der Luft. Die kompakte Bauweise reduziert das Volumen und sorgt f\u00fcr ein ansprechenderes Erscheinungsbild. Das Geh\u00e4use aus Aluminiumlegierung reduziert das Gewicht. Die integrierte Heizung funktioniert auch bei kaltem und frostigem Wetter einwandfrei. Es eignet sich f\u00fcr Windkraftanlagen, Tunnel, hochgelegene Geb\u00e4ude und andere Bereiche.<\/p>","protected":false},"featured_media":6027,"template":"","meta":{"om_disable_all_campaigns":false,"_monsterinsights_skip_tracking":false,"_monsterinsights_sitenote_active":false,"_monsterinsights_sitenote_note":"","_monsterinsights_sitenote_category":0,"site-sidebar-layout":"default","site-content-layout":"","ast-site-content-layout":"default","site-content-style":"default","site-sidebar-style":"default","ast-global-header-display":"","ast-banner-title-visibility":"","ast-main-header-display":"","ast-hfb-above-header-display":"","ast-hfb-below-header-display":"","ast-hfb-mobile-header-display":"","site-post-title":"","ast-breadcrumbs-content":"","ast-featured-img":"","footer-sml-layout":"","ast-disable-related-posts":"","theme-transparent-header-meta":"default","adv-header-id-meta":"","stick-header-meta":"","header-above-stick-meta":"","header-main-stick-meta":"","header-below-stick-meta":"","astra-migrate-meta-layouts":"set","ast-page-background-enabled":"default","ast-page-background-meta":{"desktop":{"background-color":"","background-image":"","background-repeat":"repeat","background-position":"center center","background-size":"auto","background-attachment":"scroll","background-type":"","background-media":"","overlay-type":"","overlay-color":"","overlay-opacity":"","overlay-gradient":""},"tablet":{"background-color":"","background-image":"","background-repeat":"repeat","background-position":"center center","background-size":"auto","background-attachment":"scroll","background-type":"","background-media":"","overlay-type":"","overlay-color":"","overlay-opacity":"","overlay-gradient":""},"mobile":{"background-color":"","background-image":"","background-repeat":"repeat","background-position":"center center","background-size":"auto","background-attachment":"scroll","background-type":"","background-media":"","overlay-type":"","overlay-color":"","overlay-opacity":"","overlay-gradient":""}},"ast-content-background-meta":{"desktop":{"background-color":"var(--ast-global-color-5)","background-image":"","background-repeat":"repeat","background-position":"center center","background-size":"auto","background-attachment":"scroll","background-type":"","background-media":"","overlay-type":"","overlay-color":"","overlay-opacity":"","overlay-gradient":""},"tablet":{"background-color":"var(--ast-global-color-5)","background-image":"","background-repeat":"repeat","background-position":"center center","background-size":"auto","background-attachment":"scroll","background-type":"","background-media":"","overlay-type":"","overlay-color":"","overlay-opacity":"","overlay-gradient":""},"mobile":{"background-color":"var(--ast-global-color-5)","background-image":"","background-repeat":"repeat","background-position":"center center","background-size":"auto","background-attachment":"scroll","background-type":"","background-media":"","overlay-type":"","overlay-color":"","overlay-opacity":"","overlay-gradient":""}},"_joinchat":[]},"product_brand":[],"product_cat":[25,77],"product_tag":[299,300],"class_list":{"0":"post-5158","1":"product","2":"type-product","3":"status-publish","4":"has-post-thumbnail","6":"product_cat-wind-sensor","7":"product_cat-ultrasonic-wind-sensor","8":"product_tag-ultrasonic-anemometer","9":"product_tag-wind-sensor","10":"desktop-align-left","11":"tablet-align-left","12":"mobile-align-left","14":"first","15":"instock","16":"shipping-taxable","17":"purchasable","18":"product-type-simple"},"jetpack_sharing_enabled":true,"_links":{"self":[{"href":"https:\/\/ecosentec.com\/de\/wp-json\/wp\/v2\/product\/5158","targetHints":{"allow":["GET"]}}],"collection":[{"href":"https:\/\/ecosentec.com\/de\/wp-json\/wp\/v2\/product"}],"about":[{"href":"https:\/\/ecosentec.com\/de\/wp-json\/wp\/v2\/types\/product"}],"version-history":[{"count":4,"href":"https:\/\/ecosentec.com\/de\/wp-json\/wp\/v2\/product\/5158\/revisions"}],"predecessor-version":[{"id":6028,"href":"https:\/\/ecosentec.com\/de\/wp-json\/wp\/v2\/product\/5158\/revisions\/6028"}],"wp:featuredmedia":[{"embeddable":true,"href":"https:\/\/ecosentec.com\/de\/wp-json\/wp\/v2\/media\/6027"}],"wp:attachment":[{"href":"https:\/\/ecosentec.com\/de\/wp-json\/wp\/v2\/media?parent=5158"}],"wp:term":[{"taxonomy":"product_brand","embeddable":true,"href":"https:\/\/ecosentec.com\/de\/wp-json\/wp\/v2\/product_brand?post=5158"},{"taxonomy":"product_cat","embeddable":true,"href":"https:\/\/ecosentec.com\/de\/wp-json\/wp\/v2\/product_cat?post=5158"},{"taxonomy":"product_tag","embeddable":true,"href":"https:\/\/ecosentec.com\/de\/wp-json\/wp\/v2\/product_tag?post=5158"}],"curies":[{"name":"wp","href":"https:\/\/api.w.org\/{rel}","templated":true}]}}