{"id":5155,"date":"2025-03-27T09:00:22","date_gmt":"2025-03-27T09:00:22","guid":{"rendered":"https:\/\/ecosentec.com\/?post_type=product&#038;p=5155"},"modified":"2025-04-10T06:43:07","modified_gmt":"2025-04-10T06:43:07","slug":"becher-windgeschwindigkeitssensor","status":"publish","type":"product","link":"https:\/\/ecosentec.com\/de\/produkt\/becher-windgeschwindigkeitssensor\/","title":{"rendered":"ES-W200 Cup Windgeschwindigkeitssensor"},"content":{"rendered":"<p class=\"p1\">ES-W200 c<span class=\"s1\">Aufwindgeschwindigkeitssensor <\/span>ist ein von unserem Unternehmen eigenst\u00e4ndig entwickeltes und produziertes Windgeschwindigkeitsmessger\u00e4t. Es unterst\u00fctzt kundenspezifische Heiz-Windgeschwindigkeitsmessger\u00e4te. Die Heizprodukte verf\u00fcgen \u00fcber integrierte empfindliche Temperatursensoren und Hochleistungsheizplatten. Das Sensorgeh\u00e4use besteht aus Aluminium mit sehr geringen Ma\u00dftoleranzen und zeichnet sich durch hohe Witterungsbest\u00e4ndigkeit, hohe Festigkeit, Korrosionsbest\u00e4ndigkeit und Wasserbest\u00e4ndigkeit aus. Intern integriert sind ein photoelektrischer Umwandlungsmechanismus, ein industrieller Mikrocomputerprozessor, ein Standardstromgenerator, ein Stromtreiber usw.<br \/>\nDie Leiterplatte des ES-W200 besteht aus Materialien der Milit\u00e4rklasse A, um die Stabilit\u00e4t der Messparameter und die elektrische Leistung zu gew\u00e4hrleisten. Bei den elektronischen Komponenten handelt es sich um importierte Chips in Industriequalit\u00e4t, wodurch die allgemeine Widerstandsf\u00e4higkeit gegen elektromagnetische St\u00f6rungen \u00e4u\u00dferst zuverl\u00e4ssig ist und sichergestellt werden kann, dass der Host in einem Temperaturbereich von -30 \u00b0C bis 75 \u00b0C und einer Luftfeuchtigkeit von 5% bis 95%RH (nicht kondensierend) normal funktioniert.<\/p>\n<p class=\"p1\">Dieses Produkt wird h\u00e4ufig in Gew\u00e4chsh\u00e4usern, im Umweltschutz, in Wetterstationen, im Maschinenbau, auf Schiffen, in Docks, in der Aquakultur und in anderen Bereichen zur Messung der Windgeschwindigkeit in der Umwelt eingesetzt.<\/p>","protected":false},"excerpt":{"rendered":"<p>ES-W200 c<span class=\"s1\">Aufwindgeschwindigkeitssensor <\/span>ist ein von unserem Unternehmen eigenst\u00e4ndig entwickeltes und produziertes Windgeschwindigkeitsmessger\u00e4t. Es unterst\u00fctzt kundenspezifische Heiz-Windgeschwindigkeitsmessger\u00e4te. Die Heizprodukte verf\u00fcgen \u00fcber integrierte empfindliche Temperatursensoren und Hochleistungsheizplatten. Das Sensorgeh\u00e4use besteht aus Aluminium mit sehr geringen Ma\u00dftoleranzen und zeichnet sich durch hohe Witterungsbest\u00e4ndigkeit, hohe Festigkeit, Korrosionsbest\u00e4ndigkeit und Wasserbest\u00e4ndigkeit aus. Intern integriert sind ein photoelektrischer Umwandlungsmechanismus, ein industrieller Mikrocomputerprozessor, ein Standardstromgenerator, ein Stromtreiber usw.<\/p>","protected":false},"featured_media":6008,"template":"","meta":{"om_disable_all_campaigns":false,"_monsterinsights_skip_tracking":false,"_monsterinsights_sitenote_active":false,"_monsterinsights_sitenote_note":"","_monsterinsights_sitenote_category":0,"site-sidebar-layout":"default","site-content-layout":"","ast-site-content-layout":"default","site-content-style":"default","site-sidebar-style":"default","ast-global-header-display":"","ast-banner-title-visibility":"","ast-main-header-display":"","ast-hfb-above-header-display":"","ast-hfb-below-header-display":"","ast-hfb-mobile-header-display":"","site-post-title":"","ast-breadcrumbs-content":"","ast-featured-img":"","footer-sml-layout":"","ast-disable-related-posts":"","theme-transparent-header-meta":"default","adv-header-id-meta":"","stick-header-meta":"","header-above-stick-meta":"","header-main-stick-meta":"","header-below-stick-meta":"","astra-migrate-meta-layouts":"set","ast-page-background-enabled":"default","ast-page-background-meta":{"desktop":{"background-color":"","background-image":"","background-repeat":"repeat","background-position":"center center","background-size":"auto","background-attachment":"scroll","background-type":"","background-media":"","overlay-type":"","overlay-color":"","overlay-opacity":"","overlay-gradient":""},"tablet":{"background-color":"","background-image":"","background-repeat":"repeat","background-position":"center center","background-size":"auto","background-attachment":"scroll","background-type":"","background-media":"","overlay-type":"","overlay-color":"","overlay-opacity":"","overlay-gradient":""},"mobile":{"background-color":"","background-image":"","background-repeat":"repeat","background-position":"center center","background-size":"auto","background-attachment":"scroll","background-type":"","background-media":"","overlay-type":"","overlay-color":"","overlay-opacity":"","overlay-gradient":""}},"ast-content-background-meta":{"desktop":{"background-color":"var(--ast-global-color-5)","background-image":"","background-repeat":"repeat","background-position":"center center","background-size":"auto","background-attachment":"scroll","background-type":"","background-media":"","overlay-type":"","overlay-color":"","overlay-opacity":"","overlay-gradient":""},"tablet":{"background-color":"var(--ast-global-color-5)","background-image":"","background-repeat":"repeat","background-position":"center center","background-size":"auto","background-attachment":"scroll","background-type":"","background-media":"","overlay-type":"","overlay-color":"","overlay-opacity":"","overlay-gradient":""},"mobile":{"background-color":"var(--ast-global-color-5)","background-image":"","background-repeat":"repeat","background-position":"center center","background-size":"auto","background-attachment":"scroll","background-type":"","background-media":"","overlay-type":"","overlay-color":"","overlay-opacity":"","overlay-gradient":""}},"_joinchat":[]},"product_brand":[],"product_cat":[25,78],"product_tag":[],"class_list":{"0":"post-5155","1":"product","2":"type-product","3":"status-publish","4":"has-post-thumbnail","6":"product_cat-wind-sensor","7":"product_cat-cup-vane-wind-sensor","8":"desktop-align-left","9":"tablet-align-left","10":"mobile-align-left","12":"first","13":"instock","14":"shipping-taxable","15":"purchasable","16":"product-type-simple"},"jetpack_sharing_enabled":true,"_links":{"self":[{"href":"https:\/\/ecosentec.com\/de\/wp-json\/wp\/v2\/product\/5155","targetHints":{"allow":["GET"]}}],"collection":[{"href":"https:\/\/ecosentec.com\/de\/wp-json\/wp\/v2\/product"}],"about":[{"href":"https:\/\/ecosentec.com\/de\/wp-json\/wp\/v2\/types\/product"}],"version-history":[{"count":3,"href":"https:\/\/ecosentec.com\/de\/wp-json\/wp\/v2\/product\/5155\/revisions"}],"predecessor-version":[{"id":5651,"href":"https:\/\/ecosentec.com\/de\/wp-json\/wp\/v2\/product\/5155\/revisions\/5651"}],"wp:featuredmedia":[{"embeddable":true,"href":"https:\/\/ecosentec.com\/de\/wp-json\/wp\/v2\/media\/6008"}],"wp:attachment":[{"href":"https:\/\/ecosentec.com\/de\/wp-json\/wp\/v2\/media?parent=5155"}],"wp:term":[{"taxonomy":"product_brand","embeddable":true,"href":"https:\/\/ecosentec.com\/de\/wp-json\/wp\/v2\/product_brand?post=5155"},{"taxonomy":"product_cat","embeddable":true,"href":"https:\/\/ecosentec.com\/de\/wp-json\/wp\/v2\/product_cat?post=5155"},{"taxonomy":"product_tag","embeddable":true,"href":"https:\/\/ecosentec.com\/de\/wp-json\/wp\/v2\/product_tag?post=5155"}],"curies":[{"name":"wp","href":"https:\/\/api.w.org\/{rel}","templated":true}]}}