{"id":5116,"date":"2025-03-27T08:53:16","date_gmt":"2025-03-27T08:53:16","guid":{"rendered":"https:\/\/ecosentec.com\/?post_type=product&#038;p=5116"},"modified":"2025-03-31T10:33:55","modified_gmt":"2025-03-31T10:33:55","slug":"laser-schneetiefensensor","status":"publish","type":"product","link":"https:\/\/ecosentec.com\/de\/produkt\/laser-schneetiefensensor\/","title":{"rendered":"ES-R226L Laser-Schneetiefensensor"},"content":{"rendered":"<p class=\"p1\">Der Laser-Schneetiefensender ES-R226L nutzt das Phasenverfahren der Laserentfernungsmessung und ist ein digitales Schneetiefenmessger\u00e4t. Das Ger\u00e4t ist unempfindlich gegen\u00fcber Umwelteinfl\u00fcssen. Basierend auf der universellen Laserentfernungsmessungstechnologie sorgt eine Temperaturkompensation f\u00fcr die Temperaturstabilit\u00e4t des Lasers, der sich durch hohe Messgenauigkeit und gute Stabilit\u00e4t auszeichnet. Auch bei starkem Schneefall oder Schneest\u00fcrmen bleibt die Kontinuit\u00e4t der Beobachtungsdaten gew\u00e4hrleistet. Das Ger\u00e4t kann mit unseren Wetterstationsprodukten gekoppelt oder f\u00fcr den Online-Upload ausgew\u00e4hlt werden. Schneefalldaten k\u00f6nnen in Echtzeit hochgeladen werden, und Beobachter k\u00f6nnen die Schneetiefe in Echtzeit \u00fcberwachen und so vergleichende Beobachtungsdaten f\u00fcr das Projekt \u201eAutomatische Schneetiefenbeobachtung\u201c bereitstellen. Die Beobachtungsergebnisse sind objektiv und die Beobachtungsdaten kontinuierlich, was den Arbeitsaufwand der Beobachter reduziert und die Qualit\u00e4t und Effizienz der Beobachtung weiter verbessert.<\/p>","protected":false},"excerpt":{"rendered":"<p>Der Laser-Schneetiefensender ES-R226L nutzt das Phasenverfahren der Laserentfernungsmessung und ist ein digitales Schneetiefenmessger\u00e4t. Das Ger\u00e4t ist unempfindlich gegen\u00fcber Umwelteinfl\u00fcssen. Basierend auf der universellen Laserentfernungsmessungstechnologie sorgt eine Temperaturkompensation f\u00fcr die Temperaturstabilit\u00e4t des Lasers, was sich durch hohe Messgenauigkeit und gute Stabilit\u00e4t auszeichnet. Auch bei starkem Schneefall oder Schneest\u00fcrmen bleibt die Kontinuit\u00e4t der Beobachtungsdaten gew\u00e4hrleistet.<\/p>","protected":false},"featured_media":5636,"template":"","meta":{"om_disable_all_campaigns":false,"_monsterinsights_skip_tracking":false,"_monsterinsights_sitenote_active":false,"_monsterinsights_sitenote_note":"","_monsterinsights_sitenote_category":0,"site-sidebar-layout":"default","site-content-layout":"","ast-site-content-layout":"default","site-content-style":"default","site-sidebar-style":"default","ast-global-header-display":"","ast-banner-title-visibility":"","ast-main-header-display":"","ast-hfb-above-header-display":"","ast-hfb-below-header-display":"","ast-hfb-mobile-header-display":"","site-post-title":"","ast-breadcrumbs-content":"","ast-featured-img":"","footer-sml-layout":"","ast-disable-related-posts":"","theme-transparent-header-meta":"default","adv-header-id-meta":"","stick-header-meta":"","header-above-stick-meta":"","header-main-stick-meta":"","header-below-stick-meta":"","astra-migrate-meta-layouts":"set","ast-page-background-enabled":"default","ast-page-background-meta":{"desktop":{"background-color":"","background-image":"","background-repeat":"repeat","background-position":"center center","background-size":"auto","background-attachment":"scroll","background-type":"","background-media":"","overlay-type":"","overlay-color":"","overlay-opacity":"","overlay-gradient":""},"tablet":{"background-color":"","background-image":"","background-repeat":"repeat","background-position":"center center","background-size":"auto","background-attachment":"scroll","background-type":"","background-media":"","overlay-type":"","overlay-color":"","overlay-opacity":"","overlay-gradient":""},"mobile":{"background-color":"","background-image":"","background-repeat":"repeat","background-position":"center center","background-size":"auto","background-attachment":"scroll","background-type":"","background-media":"","overlay-type":"","overlay-color":"","overlay-opacity":"","overlay-gradient":""}},"ast-content-background-meta":{"desktop":{"background-color":"var(--ast-global-color-5)","background-image":"","background-repeat":"repeat","background-position":"center center","background-size":"auto","background-attachment":"scroll","background-type":"","background-media":"","overlay-type":"","overlay-color":"","overlay-opacity":"","overlay-gradient":""},"tablet":{"background-color":"var(--ast-global-color-5)","background-image":"","background-repeat":"repeat","background-position":"center center","background-size":"auto","background-attachment":"scroll","background-type":"","background-media":"","overlay-type":"","overlay-color":"","overlay-opacity":"","overlay-gradient":""},"mobile":{"background-color":"var(--ast-global-color-5)","background-image":"","background-repeat":"repeat","background-position":"center center","background-size":"auto","background-attachment":"scroll","background-type":"","background-media":"","overlay-type":"","overlay-color":"","overlay-opacity":"","overlay-gradient":""}},"_joinchat":[]},"product_brand":[],"product_cat":[80,82],"product_tag":[],"class_list":{"0":"post-5116","1":"product","2":"type-product","3":"status-publish","4":"has-post-thumbnail","6":"product_cat-precipitation-snow-visibility-sensor","7":"product_cat-snow-sensor","8":"desktop-align-left","9":"tablet-align-left","10":"mobile-align-left","12":"first","13":"instock","14":"shipping-taxable","15":"purchasable","16":"product-type-simple"},"jetpack_sharing_enabled":true,"_links":{"self":[{"href":"https:\/\/ecosentec.com\/de\/wp-json\/wp\/v2\/product\/5116","targetHints":{"allow":["GET"]}}],"collection":[{"href":"https:\/\/ecosentec.com\/de\/wp-json\/wp\/v2\/product"}],"about":[{"href":"https:\/\/ecosentec.com\/de\/wp-json\/wp\/v2\/types\/product"}],"version-history":[{"count":3,"href":"https:\/\/ecosentec.com\/de\/wp-json\/wp\/v2\/product\/5116\/revisions"}],"predecessor-version":[{"id":5641,"href":"https:\/\/ecosentec.com\/de\/wp-json\/wp\/v2\/product\/5116\/revisions\/5641"}],"wp:featuredmedia":[{"embeddable":true,"href":"https:\/\/ecosentec.com\/de\/wp-json\/wp\/v2\/media\/5636"}],"wp:attachment":[{"href":"https:\/\/ecosentec.com\/de\/wp-json\/wp\/v2\/media?parent=5116"}],"wp:term":[{"taxonomy":"product_brand","embeddable":true,"href":"https:\/\/ecosentec.com\/de\/wp-json\/wp\/v2\/product_brand?post=5116"},{"taxonomy":"product_cat","embeddable":true,"href":"https:\/\/ecosentec.com\/de\/wp-json\/wp\/v2\/product_cat?post=5116"},{"taxonomy":"product_tag","embeddable":true,"href":"https:\/\/ecosentec.com\/de\/wp-json\/wp\/v2\/product_tag?post=5116"}],"curies":[{"name":"wp","href":"https:\/\/api.w.org\/{rel}","templated":true}]}}