{"id":5084,"date":"2025-03-27T08:52:23","date_gmt":"2025-03-27T08:52:23","guid":{"rendered":"https:\/\/ecosentec.com\/?post_type=product&#038;p=5084"},"modified":"2025-03-31T09:59:32","modified_gmt":"2025-03-31T09:59:32","slug":"kompaktes-sichtweitenmessgerat","status":"publish","type":"product","link":"https:\/\/ecosentec.com\/de\/produkt\/kompaktes-sichtweitenmessgerat\/","title":{"rendered":"ES-V226VC Kompaktes Sichtweitenmessger\u00e4t"},"content":{"rendered":"<p class=\"p1\">Der ES-V226VC ist ein kosteng\u00fcnstiger Sichtweitensensor, der nach dem Vorw\u00e4rtsstreuprinzip arbeitet. Hauptanwendungsgebiet ist der Verkehr. Das pulverbeschichtete Edelstahlgeh\u00e4use macht ihn rostfrei und eignet sich f\u00fcr Bohrinseln, Schiffe, Autobahnen und andere Transportbereiche.<\/p>\n<p class=\"p1\">Mithilfe der Vorw\u00e4rtsstreuungstechnik misst es die Menge der Partikel in der Luft, die die Sicht beeintr\u00e4chtigen. Es sendet Infrarotlichtimpulse aus und misst die Intensit\u00e4t des vorw\u00e4rts gestreuten Lichts der Schwebeteilchen in der Atmosph\u00e4re. Mithilfe geeigneter Algorithmen werden die Messungen in meteorologische Sichtwerte umgerechnet.<\/p>","protected":false},"excerpt":{"rendered":"<p>Der ES-V226VC ist ein kosteng\u00fcnstiger Sichtweitensensor, der nach dem Vorw\u00e4rtsstreuprinzip arbeitet. Hauptanwendungsgebiet ist der Verkehr. Das pulverbeschichtete Edelstahlgeh\u00e4use macht ihn rostfrei und eignet sich f\u00fcr Bohrinseln, Schiffe, Autobahnen und andere Transportbereiche.<\/p>","protected":false},"featured_media":5598,"template":"","meta":{"om_disable_all_campaigns":false,"_monsterinsights_skip_tracking":false,"_monsterinsights_sitenote_active":false,"_monsterinsights_sitenote_note":"","_monsterinsights_sitenote_category":0,"site-sidebar-layout":"default","site-content-layout":"default","ast-site-content-layout":"default","site-content-style":"default","site-sidebar-style":"default","ast-global-header-display":"","ast-banner-title-visibility":"","ast-main-header-display":"","ast-hfb-above-header-display":"","ast-hfb-below-header-display":"","ast-hfb-mobile-header-display":"","site-post-title":"","ast-breadcrumbs-content":"","ast-featured-img":"","footer-sml-layout":"","ast-disable-related-posts":"","theme-transparent-header-meta":"default","adv-header-id-meta":"","stick-header-meta":"","header-above-stick-meta":"","header-main-stick-meta":"","header-below-stick-meta":"","astra-migrate-meta-layouts":"set","ast-page-background-enabled":"default","ast-page-background-meta":{"desktop":{"background-color":"","background-image":"","background-repeat":"repeat","background-position":"center center","background-size":"auto","background-attachment":"scroll","background-type":"","background-media":"","overlay-type":"","overlay-color":"","overlay-opacity":"","overlay-gradient":""},"tablet":{"background-color":"","background-image":"","background-repeat":"repeat","background-position":"center center","background-size":"auto","background-attachment":"scroll","background-type":"","background-media":"","overlay-type":"","overlay-color":"","overlay-opacity":"","overlay-gradient":""},"mobile":{"background-color":"","background-image":"","background-repeat":"repeat","background-position":"center center","background-size":"auto","background-attachment":"scroll","background-type":"","background-media":"","overlay-type":"","overlay-color":"","overlay-opacity":"","overlay-gradient":""}},"ast-content-background-meta":{"desktop":{"background-color":"var(--ast-global-color-5)","background-image":"","background-repeat":"repeat","background-position":"center center","background-size":"auto","background-attachment":"scroll","background-type":"","background-media":"","overlay-type":"","overlay-color":"","overlay-opacity":"","overlay-gradient":""},"tablet":{"background-color":"var(--ast-global-color-5)","background-image":"","background-repeat":"repeat","background-position":"center center","background-size":"auto","background-attachment":"scroll","background-type":"","background-media":"","overlay-type":"","overlay-color":"","overlay-opacity":"","overlay-gradient":""},"mobile":{"background-color":"var(--ast-global-color-5)","background-image":"","background-repeat":"repeat","background-position":"center center","background-size":"auto","background-attachment":"scroll","background-type":"","background-media":"","overlay-type":"","overlay-color":"","overlay-opacity":"","overlay-gradient":""}},"_joinchat":[]},"product_brand":[],"product_cat":[80,83],"product_tag":[],"class_list":{"0":"post-5084","1":"product","2":"type-product","3":"status-publish","4":"has-post-thumbnail","6":"product_cat-precipitation-snow-visibility-sensor","7":"product_cat-visibility-sensor","8":"desktop-align-left","9":"tablet-align-left","10":"mobile-align-left","12":"first","13":"instock","14":"shipping-taxable","15":"purchasable","16":"product-type-simple"},"jetpack_sharing_enabled":true,"_links":{"self":[{"href":"https:\/\/ecosentec.com\/de\/wp-json\/wp\/v2\/product\/5084","targetHints":{"allow":["GET"]}}],"collection":[{"href":"https:\/\/ecosentec.com\/de\/wp-json\/wp\/v2\/product"}],"about":[{"href":"https:\/\/ecosentec.com\/de\/wp-json\/wp\/v2\/types\/product"}],"version-history":[{"count":2,"href":"https:\/\/ecosentec.com\/de\/wp-json\/wp\/v2\/product\/5084\/revisions"}],"predecessor-version":[{"id":5594,"href":"https:\/\/ecosentec.com\/de\/wp-json\/wp\/v2\/product\/5084\/revisions\/5594"}],"wp:featuredmedia":[{"embeddable":true,"href":"https:\/\/ecosentec.com\/de\/wp-json\/wp\/v2\/media\/5598"}],"wp:attachment":[{"href":"https:\/\/ecosentec.com\/de\/wp-json\/wp\/v2\/media?parent=5084"}],"wp:term":[{"taxonomy":"product_brand","embeddable":true,"href":"https:\/\/ecosentec.com\/de\/wp-json\/wp\/v2\/product_brand?post=5084"},{"taxonomy":"product_cat","embeddable":true,"href":"https:\/\/ecosentec.com\/de\/wp-json\/wp\/v2\/product_cat?post=5084"},{"taxonomy":"product_tag","embeddable":true,"href":"https:\/\/ecosentec.com\/de\/wp-json\/wp\/v2\/product_tag?post=5084"}],"curies":[{"name":"wp","href":"https:\/\/api.w.org\/{rel}","templated":true}]}}