{"id":5081,"date":"2025-03-27T08:52:23","date_gmt":"2025-03-27T08:52:23","guid":{"rendered":"https:\/\/ecosentec.com\/?post_type=product&#038;p=5081"},"modified":"2025-03-31T08:57:35","modified_gmt":"2025-03-31T08:57:35","slug":"verdunstungssensor","status":"publish","type":"product","link":"https:\/\/ecosentec.com\/de\/produkt\/verdunstungssensor\/","title":{"rendered":"ES-R406 Verdunstungssensor"},"content":{"rendered":"<p class=\"p1\">Der Verdunstungssensor ES-R406 ist ein von unserem Unternehmen entwickeltes Instrument zur Beobachtung der Verdunstung von Wasseroberfl\u00e4chen. Das Produkt verf\u00fcgt \u00fcber eine doppellagige Edelstahlkonstruktion, die Verdunstungsfehler durch direkte Sonneneinstrahlung verhindert und die Messgenauigkeit erh\u00f6ht. Das Produkt besteht aus Edelstahl 304, besticht durch sein ansprechendes Aussehen und seine Korrosionsbest\u00e4ndigkeit und gew\u00e4hrleistet so eine lange Lebensdauer des Sensors. Die digitalen Sensoren zeichnen sich durch hohe Messgenauigkeit, gro\u00dfen Messbereich, hohe Empfindlichkeit, keine Temperatur- und Zeitdrift sowie eine langfristig stabile Leistung aus.<\/p>\n<p class=\"p1\">Das Ger\u00e4t verwendet das Prinzip der Druckmessung und misst die Gewichts\u00e4nderung der Fl\u00fcssigkeit in der Verdampfungsschale durch das Wiegeprinzip und berechnet dann die H\u00f6he des Fl\u00fcssigkeitsspiegels, um das Verdampfungsvolumen zu ermitteln. Die Messung ist genauer und die Daten sind wissenschaftlicher; sie wird nicht durch das Gefrieren der Fl\u00fcssigkeit beeinflusst und \u00fcberwindet Nachteile. Bei der Messung der H\u00f6he des Fl\u00fcssigkeitsspiegels nach dem Ultraschallprinzip gibt es Nachteile wie z. B. ungenaue Messung beim Gefrieren, leichte Besch\u00e4digung des Sensors bei Wassermangel und geringe Messgenauigkeit.<\/p>","protected":false},"excerpt":{"rendered":"<p>Der Verdunstungssensor ES-R406 ist ein von unserem Unternehmen entwickeltes Instrument zur Beobachtung der Verdunstung von Wasseroberfl\u00e4chen. Das Produkt verf\u00fcgt \u00fcber eine doppellagige Edelstahlkonstruktion, die Verdunstungsfehler durch direkte Sonneneinstrahlung verhindert und die Messgenauigkeit erh\u00f6ht. Das Produkt besteht aus Edelstahl 304, besticht durch sein ansprechendes Aussehen und seine Korrosionsbest\u00e4ndigkeit und gew\u00e4hrleistet so eine lange Lebensdauer des Sensors. Die digitalen Sensoren zeichnen sich durch hohe Messgenauigkeit, gro\u00dfen Messbereich, hohe Empfindlichkeit, keine Temperatur- und Zeitdrift sowie eine langfristig stabile Leistung aus.<\/p>","protected":false},"featured_media":5141,"template":"","meta":{"om_disable_all_campaigns":false,"_monsterinsights_skip_tracking":false,"_monsterinsights_sitenote_active":false,"_monsterinsights_sitenote_note":"","_monsterinsights_sitenote_category":0,"site-sidebar-layout":"default","site-content-layout":"default","ast-site-content-layout":"default","site-content-style":"default","site-sidebar-style":"default","ast-global-header-display":"","ast-banner-title-visibility":"","ast-main-header-display":"","ast-hfb-above-header-display":"","ast-hfb-below-header-display":"","ast-hfb-mobile-header-display":"","site-post-title":"","ast-breadcrumbs-content":"","ast-featured-img":"","footer-sml-layout":"","ast-disable-related-posts":"","theme-transparent-header-meta":"default","adv-header-id-meta":"","stick-header-meta":"","header-above-stick-meta":"","header-main-stick-meta":"","header-below-stick-meta":"","astra-migrate-meta-layouts":"set","ast-page-background-enabled":"default","ast-page-background-meta":{"desktop":{"background-color":"","background-image":"","background-repeat":"repeat","background-position":"center center","background-size":"auto","background-attachment":"scroll","background-type":"","background-media":"","overlay-type":"","overlay-color":"","overlay-opacity":"","overlay-gradient":""},"tablet":{"background-color":"","background-image":"","background-repeat":"repeat","background-position":"center center","background-size":"auto","background-attachment":"scroll","background-type":"","background-media":"","overlay-type":"","overlay-color":"","overlay-opacity":"","overlay-gradient":""},"mobile":{"background-color":"","background-image":"","background-repeat":"repeat","background-position":"center center","background-size":"auto","background-attachment":"scroll","background-type":"","background-media":"","overlay-type":"","overlay-color":"","overlay-opacity":"","overlay-gradient":""}},"ast-content-background-meta":{"desktop":{"background-color":"var(--ast-global-color-5)","background-image":"","background-repeat":"repeat","background-position":"center center","background-size":"auto","background-attachment":"scroll","background-type":"","background-media":"","overlay-type":"","overlay-color":"","overlay-opacity":"","overlay-gradient":""},"tablet":{"background-color":"var(--ast-global-color-5)","background-image":"","background-repeat":"repeat","background-position":"center center","background-size":"auto","background-attachment":"scroll","background-type":"","background-media":"","overlay-type":"","overlay-color":"","overlay-opacity":"","overlay-gradient":""},"mobile":{"background-color":"var(--ast-global-color-5)","background-image":"","background-repeat":"repeat","background-position":"center center","background-size":"auto","background-attachment":"scroll","background-type":"","background-media":"","overlay-type":"","overlay-color":"","overlay-opacity":"","overlay-gradient":""}},"_joinchat":[]},"product_brand":[],"product_cat":[80,81],"product_tag":[],"class_list":{"0":"post-5081","1":"product","2":"type-product","3":"status-publish","4":"has-post-thumbnail","6":"product_cat-precipitation-snow-visibility-sensor","7":"product_cat-rain-gauge","8":"desktop-align-left","9":"tablet-align-left","10":"mobile-align-left","12":"first","13":"instock","14":"shipping-taxable","15":"purchasable","16":"product-type-simple"},"jetpack_sharing_enabled":true,"_links":{"self":[{"href":"https:\/\/ecosentec.com\/de\/wp-json\/wp\/v2\/product\/5081","targetHints":{"allow":["GET"]}}],"collection":[{"href":"https:\/\/ecosentec.com\/de\/wp-json\/wp\/v2\/product"}],"about":[{"href":"https:\/\/ecosentec.com\/de\/wp-json\/wp\/v2\/types\/product"}],"version-history":[{"count":2,"href":"https:\/\/ecosentec.com\/de\/wp-json\/wp\/v2\/product\/5081\/revisions"}],"predecessor-version":[{"id":5564,"href":"https:\/\/ecosentec.com\/de\/wp-json\/wp\/v2\/product\/5081\/revisions\/5564"}],"wp:featuredmedia":[{"embeddable":true,"href":"https:\/\/ecosentec.com\/de\/wp-json\/wp\/v2\/media\/5141"}],"wp:attachment":[{"href":"https:\/\/ecosentec.com\/de\/wp-json\/wp\/v2\/media?parent=5081"}],"wp:term":[{"taxonomy":"product_brand","embeddable":true,"href":"https:\/\/ecosentec.com\/de\/wp-json\/wp\/v2\/product_brand?post=5081"},{"taxonomy":"product_cat","embeddable":true,"href":"https:\/\/ecosentec.com\/de\/wp-json\/wp\/v2\/product_cat?post=5081"},{"taxonomy":"product_tag","embeddable":true,"href":"https:\/\/ecosentec.com\/de\/wp-json\/wp\/v2\/product_tag?post=5081"}],"curies":[{"name":"wp","href":"https:\/\/api.w.org\/{rel}","templated":true}]}}