{"id":5080,"date":"2025-03-27T08:52:23","date_gmt":"2025-03-27T08:52:23","guid":{"rendered":"https:\/\/ecosentec.com\/?post_type=product&#038;p=5080"},"modified":"2025-06-18T10:13:41","modified_gmt":"2025-06-18T10:13:41","slug":"abs-kipp-regenmesser","status":"publish","type":"product","link":"https:\/\/ecosentec.com\/de\/produkt\/abs-kipp-regenmesser\/","title":{"rendered":"ES-R404 ABS-Kippwaage-Regenmesser"},"content":{"rendered":"<p class=\"p1\">Der ES-R404 ABS-Kippwaagen-Regenmesser ist ein Niederschlagsmessger\u00e4t und seine Leistung erf\u00fcllt die Anforderungen der nationalen Norm GB\/T 21978.2-2014 \u201eAnforderungen an die Niederschlagsbeobachtung\u201c.<span class=\"s1\"><br \/>\n<\/span>Das Herzst\u00fcck des Ger\u00e4ts, die Kippwaage, verf\u00fcgt \u00fcber ein dreidimensionales, stromlinienf\u00f6rmiges Design, das das Wasser gleichm\u00e4\u00dfiger umlenkt und gleichzeitig Staub entfernt und die Reinigung erleichtert. Der Niederschlag kann direkt abgelesen werden, ohne dass eine zweite Berechnung erforderlich ist \u2013 einfach und bequem.<\/p>\n<p class=\"p2\">Der Kippbeh\u00e4lter des Ger\u00e4ts ist mit einem konstanten Magnetstahl ausgestattet, und die Reedschalterhalterung ist mit einem Reedschalter ausgestattet. Wenn das Ger\u00e4t das Werk verl\u00e4sst, wurden der Magnetstahl und der Reedschalter auf einen geeigneten Kopplungsabstand eingestellt, sodass das Ausgangssignal des Ger\u00e4ts proportional zur Anzahl der Umdrehungen des Kippbeh\u00e4lters ist.<\/p>","protected":false},"excerpt":{"rendered":"<p>Der ES-R404 ABS-Kippwaagen-Regenmesser ist ein Niederschlagsmessger\u00e4t und seine Leistung erf\u00fcllt die Anforderungen der nationalen Norm GB\/T 21978.2-2014 \u201eAnforderungen an die Niederschlagsbeobachtung\u201c.<span class=\"s1\"><br \/>\n<\/span>Das Herzst\u00fcck des Ger\u00e4ts, die Kippwaage, verf\u00fcgt \u00fcber ein dreidimensionales, stromlinienf\u00f6rmiges Design, das das Wasser gleichm\u00e4\u00dfiger umlenkt und gleichzeitig Staub entfernt und die Reinigung erleichtert. Der Niederschlag kann direkt abgelesen werden, ohne dass eine zweite Berechnung erforderlich ist \u2013 einfach und bequem.<\/p>","protected":false},"featured_media":6034,"template":"","meta":{"om_disable_all_campaigns":false,"_monsterinsights_skip_tracking":false,"_monsterinsights_sitenote_active":false,"_monsterinsights_sitenote_note":"","_monsterinsights_sitenote_category":0,"site-sidebar-layout":"default","site-content-layout":"default","ast-site-content-layout":"default","site-content-style":"default","site-sidebar-style":"default","ast-global-header-display":"","ast-banner-title-visibility":"","ast-main-header-display":"","ast-hfb-above-header-display":"","ast-hfb-below-header-display":"","ast-hfb-mobile-header-display":"","site-post-title":"","ast-breadcrumbs-content":"","ast-featured-img":"","footer-sml-layout":"","ast-disable-related-posts":"","theme-transparent-header-meta":"default","adv-header-id-meta":"","stick-header-meta":"","header-above-stick-meta":"","header-main-stick-meta":"","header-below-stick-meta":"","astra-migrate-meta-layouts":"set","ast-page-background-enabled":"default","ast-page-background-meta":{"desktop":{"background-color":"","background-image":"","background-repeat":"repeat","background-position":"center center","background-size":"auto","background-attachment":"scroll","background-type":"","background-media":"","overlay-type":"","overlay-color":"","overlay-opacity":"","overlay-gradient":""},"tablet":{"background-color":"","background-image":"","background-repeat":"repeat","background-position":"center center","background-size":"auto","background-attachment":"scroll","background-type":"","background-media":"","overlay-type":"","overlay-color":"","overlay-opacity":"","overlay-gradient":""},"mobile":{"background-color":"","background-image":"","background-repeat":"repeat","background-position":"center center","background-size":"auto","background-attachment":"scroll","background-type":"","background-media":"","overlay-type":"","overlay-color":"","overlay-opacity":"","overlay-gradient":""}},"ast-content-background-meta":{"desktop":{"background-color":"var(--ast-global-color-5)","background-image":"","background-repeat":"repeat","background-position":"center center","background-size":"auto","background-attachment":"scroll","background-type":"","background-media":"","overlay-type":"","overlay-color":"","overlay-opacity":"","overlay-gradient":""},"tablet":{"background-color":"var(--ast-global-color-5)","background-image":"","background-repeat":"repeat","background-position":"center center","background-size":"auto","background-attachment":"scroll","background-type":"","background-media":"","overlay-type":"","overlay-color":"","overlay-opacity":"","overlay-gradient":""},"mobile":{"background-color":"var(--ast-global-color-5)","background-image":"","background-repeat":"repeat","background-position":"center center","background-size":"auto","background-attachment":"scroll","background-type":"","background-media":"","overlay-type":"","overlay-color":"","overlay-opacity":"","overlay-gradient":""}},"_joinchat":[]},"product_brand":[],"product_cat":[80,81],"product_tag":[294],"class_list":{"0":"post-5080","1":"product","2":"type-product","3":"status-publish","4":"has-post-thumbnail","6":"product_cat-precipitation-snow-visibility-sensor","7":"product_cat-rain-gauge","8":"product_tag-rain-gauge","9":"desktop-align-left","10":"tablet-align-left","11":"mobile-align-left","13":"first","14":"instock","15":"shipping-taxable","16":"purchasable","17":"product-type-simple"},"jetpack_sharing_enabled":true,"_links":{"self":[{"href":"https:\/\/ecosentec.com\/de\/wp-json\/wp\/v2\/product\/5080","targetHints":{"allow":["GET"]}}],"collection":[{"href":"https:\/\/ecosentec.com\/de\/wp-json\/wp\/v2\/product"}],"about":[{"href":"https:\/\/ecosentec.com\/de\/wp-json\/wp\/v2\/types\/product"}],"version-history":[{"count":4,"href":"https:\/\/ecosentec.com\/de\/wp-json\/wp\/v2\/product\/5080\/revisions"}],"predecessor-version":[{"id":6036,"href":"https:\/\/ecosentec.com\/de\/wp-json\/wp\/v2\/product\/5080\/revisions\/6036"}],"wp:featuredmedia":[{"embeddable":true,"href":"https:\/\/ecosentec.com\/de\/wp-json\/wp\/v2\/media\/6034"}],"wp:attachment":[{"href":"https:\/\/ecosentec.com\/de\/wp-json\/wp\/v2\/media?parent=5080"}],"wp:term":[{"taxonomy":"product_brand","embeddable":true,"href":"https:\/\/ecosentec.com\/de\/wp-json\/wp\/v2\/product_brand?post=5080"},{"taxonomy":"product_cat","embeddable":true,"href":"https:\/\/ecosentec.com\/de\/wp-json\/wp\/v2\/product_cat?post=5080"},{"taxonomy":"product_tag","embeddable":true,"href":"https:\/\/ecosentec.com\/de\/wp-json\/wp\/v2\/product_tag?post=5080"}],"curies":[{"name":"wp","href":"https:\/\/api.w.org\/{rel}","templated":true}]}}