{"id":5079,"date":"2025-03-27T08:52:22","date_gmt":"2025-03-27T08:52:22","guid":{"rendered":"https:\/\/ecosentec.com\/?post_type=product&#038;p=5079"},"modified":"2025-03-31T08:49:52","modified_gmt":"2025-03-31T08:49:52","slug":"kippwaage-regenmesser","status":"publish","type":"product","link":"https:\/\/ecosentec.com\/de\/produkt\/kippwaage-regenmesser\/","title":{"rendered":"ES-R400 Edelstahl-Kippwaage-Regenmesser"},"content":{"rendered":"<p class=\"p1\">Der ES-R400 Kippwaagen-Regenmesser aus Edelstahl hat die Form eines chinesischen Schriftzeichens \u201eU\u201c und besteht aus verdicktem Edelstahl, der eine h\u00f6here Kernstabilit\u00e4t bietet. Die Nivellierplatte ist verst\u00e4rkt und verdickt, um eine h\u00f6here Stabilit\u00e4t zu gew\u00e4hrleisten. Der Reedschalter ist integriert und eingebettet, und die Libelle hat einen speziellen, formsch\u00f6nen und gro\u00dfz\u00fcgigen Sockel. Der Wasserablaufbeh\u00e4lter ist labyrinthartig gestaltet und erh\u00f6ht, um zu verhindern, dass Regenwasser beim Umkippen der Waage herausspritzt. Der Reedschalteranschluss ist an der Halterung der Waage befestigt. Die Feineinstellmutter ist mit einer geraden R\u00e4ndelung versehen, um die manuelle Feineinstellung vor Ort zu erleichtern. Der Regeneinlass ist standardm\u00e4\u00dfig tief ausgef\u00fchrt, und am Boden befindet sich ein zylindrischer Filter, der standardm\u00e4\u00dfig mit einem Wickelfilter ausgestattet ist.<\/p>","protected":false},"excerpt":{"rendered":"<p>Der ES-R400 Regenmesser aus Edelstahl mit Kippschaufel hat die Form eines chinesischen Schriftzeichens \u201eU\u201c und besteht aus verdicktem Edelstahl, der eine h\u00f6here Kernstabilit\u00e4t bietet. Die Nivellierplatte ist verst\u00e4rkt und verdickt, um mehr Stabilit\u00e4t zu gew\u00e4hrleisten. Der Reedschalter verf\u00fcgt \u00fcber eine integrierte, eingebettete Struktur, und die Libelle hat einen speziellen Sockel, der formsch\u00f6n und gro\u00dfz\u00fcgig ist.<\/p>","protected":false},"featured_media":5137,"template":"","meta":{"om_disable_all_campaigns":false,"_monsterinsights_skip_tracking":false,"_monsterinsights_sitenote_active":false,"_monsterinsights_sitenote_note":"","_monsterinsights_sitenote_category":0,"site-sidebar-layout":"default","site-content-layout":"default","ast-site-content-layout":"default","site-content-style":"default","site-sidebar-style":"default","ast-global-header-display":"","ast-banner-title-visibility":"","ast-main-header-display":"","ast-hfb-above-header-display":"","ast-hfb-below-header-display":"","ast-hfb-mobile-header-display":"","site-post-title":"","ast-breadcrumbs-content":"","ast-featured-img":"","footer-sml-layout":"","ast-disable-related-posts":"","theme-transparent-header-meta":"default","adv-header-id-meta":"","stick-header-meta":"","header-above-stick-meta":"","header-main-stick-meta":"","header-below-stick-meta":"","astra-migrate-meta-layouts":"set","ast-page-background-enabled":"default","ast-page-background-meta":{"desktop":{"background-color":"","background-image":"","background-repeat":"repeat","background-position":"center center","background-size":"auto","background-attachment":"scroll","background-type":"","background-media":"","overlay-type":"","overlay-color":"","overlay-opacity":"","overlay-gradient":""},"tablet":{"background-color":"","background-image":"","background-repeat":"repeat","background-position":"center center","background-size":"auto","background-attachment":"scroll","background-type":"","background-media":"","overlay-type":"","overlay-color":"","overlay-opacity":"","overlay-gradient":""},"mobile":{"background-color":"","background-image":"","background-repeat":"repeat","background-position":"center center","background-size":"auto","background-attachment":"scroll","background-type":"","background-media":"","overlay-type":"","overlay-color":"","overlay-opacity":"","overlay-gradient":""}},"ast-content-background-meta":{"desktop":{"background-color":"var(--ast-global-color-5)","background-image":"","background-repeat":"repeat","background-position":"center center","background-size":"auto","background-attachment":"scroll","background-type":"","background-media":"","overlay-type":"","overlay-color":"","overlay-opacity":"","overlay-gradient":""},"tablet":{"background-color":"var(--ast-global-color-5)","background-image":"","background-repeat":"repeat","background-position":"center center","background-size":"auto","background-attachment":"scroll","background-type":"","background-media":"","overlay-type":"","overlay-color":"","overlay-opacity":"","overlay-gradient":""},"mobile":{"background-color":"var(--ast-global-color-5)","background-image":"","background-repeat":"repeat","background-position":"center center","background-size":"auto","background-attachment":"scroll","background-type":"","background-media":"","overlay-type":"","overlay-color":"","overlay-opacity":"","overlay-gradient":""}},"_joinchat":[]},"product_brand":[],"product_cat":[80,81],"product_tag":[],"class_list":{"0":"post-5079","1":"product","2":"type-product","3":"status-publish","4":"has-post-thumbnail","6":"product_cat-precipitation-snow-visibility-sensor","7":"product_cat-rain-gauge","8":"desktop-align-left","9":"tablet-align-left","10":"mobile-align-left","12":"first","13":"instock","14":"shipping-taxable","15":"purchasable","16":"product-type-simple"},"jetpack_sharing_enabled":true,"_links":{"self":[{"href":"https:\/\/ecosentec.com\/de\/wp-json\/wp\/v2\/product\/5079","targetHints":{"allow":["GET"]}}],"collection":[{"href":"https:\/\/ecosentec.com\/de\/wp-json\/wp\/v2\/product"}],"about":[{"href":"https:\/\/ecosentec.com\/de\/wp-json\/wp\/v2\/types\/product"}],"version-history":[{"count":3,"href":"https:\/\/ecosentec.com\/de\/wp-json\/wp\/v2\/product\/5079\/revisions"}],"predecessor-version":[{"id":5553,"href":"https:\/\/ecosentec.com\/de\/wp-json\/wp\/v2\/product\/5079\/revisions\/5553"}],"wp:featuredmedia":[{"embeddable":true,"href":"https:\/\/ecosentec.com\/de\/wp-json\/wp\/v2\/media\/5137"}],"wp:attachment":[{"href":"https:\/\/ecosentec.com\/de\/wp-json\/wp\/v2\/media?parent=5079"}],"wp:term":[{"taxonomy":"product_brand","embeddable":true,"href":"https:\/\/ecosentec.com\/de\/wp-json\/wp\/v2\/product_brand?post=5079"},{"taxonomy":"product_cat","embeddable":true,"href":"https:\/\/ecosentec.com\/de\/wp-json\/wp\/v2\/product_cat?post=5079"},{"taxonomy":"product_tag","embeddable":true,"href":"https:\/\/ecosentec.com\/de\/wp-json\/wp\/v2\/product_tag?post=5079"}],"curies":[{"name":"wp","href":"https:\/\/api.w.org\/{rel}","templated":true}]}}