{"id":5078,"date":"2025-03-27T08:52:22","date_gmt":"2025-03-27T08:52:22","guid":{"rendered":"https:\/\/ecosentec.com\/?post_type=product&#038;p=5078"},"modified":"2025-03-31T10:02:08","modified_gmt":"2025-03-31T10:02:08","slug":"sichtweitenmesser","status":"publish","type":"product","link":"https:\/\/ecosentec.com\/de\/produkt\/sichtweitenmesser\/","title":{"rendered":"ES-V226VP Sichtweitenmesser"},"content":{"rendered":"<p class=\"p1\">Die ES-V226VP-Serie ist ein professionelles meteorologisches Sichtweitenmessger\u00e4t.<\/p>\n<p class=\"p1\">Es besteht aus einem Aluminiumgussgeh\u00e4use, das robust und leicht zugleich ist und sich f\u00fcr den Einsatz an Autobahnen eignet. Es ist \u00e4u\u00dferst klein und tragbar und kann in schnell fahrenden Fahrzeugen installiert werden.<\/p>\n<p class=\"p1\">Das Edelstahlgeh\u00e4use eignet sich hervorragend f\u00fcr den Einsatz in salzhaltigen und feuchten Umgebungen wie Schiffen, Bohrinseln und K\u00fcstengebieten. Um sich an den Einsatz in Umgebungen mit hohem Risiko und brennbaren Gasen anzupassen, wurde f\u00fcr diese Serie au\u00dferdem ein explosionsgesch\u00fctztes Sichtweitenmessger\u00e4t entwickelt.<\/p>\n<p class=\"p1\">Das Sichtweitenmessger\u00e4t der ES-V226VP-Serie kann mit einem Modul zur Wetterph\u00e4nomenerkennung ausgestattet werden. Dieses erkennt Niederschlags- und Schneefallarten und unterscheidet zwischen Nieselregen, leichtem, m\u00e4\u00dfigem und starkem Regen. Optionale Module k\u00f6nnen auch die Intensit\u00e4t und Ansammlung von Niederschlag und Schneefall messen, um eine Spezialisierung und mehrere Funktionen zu erreichen.<\/p>\n<p class=\"p1\">Sie k\u00f6nnen \u00fcber ein DC12-30V-Netzteil mit Strom versorgt werden. Die optische Linse des Instruments verf\u00fcgt \u00fcber ein automatisches Heizungssteuerungsmodul und kann auch in extremen Umgebungen wie gro\u00dfer K\u00e4lte normal funktionieren.<\/p>","protected":false},"excerpt":{"rendered":"<p class=\"p1\">Die ES-V226VP-Serie ist ein professionelles Wettersichtweitenmessger\u00e4t. Es verf\u00fcgt \u00fcber ein robustes und leichtes Aluminiumgussgeh\u00e4use und kann an Autobahnen installiert werden. Das Ger\u00e4t ist extrem klein und handlich und kann in schnellfahrenden Fahrzeugen installiert werden.<\/p>","protected":false},"featured_media":5135,"template":"","meta":{"om_disable_all_campaigns":false,"_monsterinsights_skip_tracking":false,"_monsterinsights_sitenote_active":false,"_monsterinsights_sitenote_note":"","_monsterinsights_sitenote_category":0,"site-sidebar-layout":"default","site-content-layout":"default","ast-site-content-layout":"default","site-content-style":"default","site-sidebar-style":"default","ast-global-header-display":"","ast-banner-title-visibility":"","ast-main-header-display":"","ast-hfb-above-header-display":"","ast-hfb-below-header-display":"","ast-hfb-mobile-header-display":"","site-post-title":"","ast-breadcrumbs-content":"","ast-featured-img":"","footer-sml-layout":"","ast-disable-related-posts":"","theme-transparent-header-meta":"default","adv-header-id-meta":"","stick-header-meta":"","header-above-stick-meta":"","header-main-stick-meta":"","header-below-stick-meta":"","astra-migrate-meta-layouts":"set","ast-page-background-enabled":"default","ast-page-background-meta":{"desktop":{"background-color":"","background-image":"","background-repeat":"repeat","background-position":"center center","background-size":"auto","background-attachment":"scroll","background-type":"","background-media":"","overlay-type":"","overlay-color":"","overlay-opacity":"","overlay-gradient":""},"tablet":{"background-color":"","background-image":"","background-repeat":"repeat","background-position":"center center","background-size":"auto","background-attachment":"scroll","background-type":"","background-media":"","overlay-type":"","overlay-color":"","overlay-opacity":"","overlay-gradient":""},"mobile":{"background-color":"","background-image":"","background-repeat":"repeat","background-position":"center center","background-size":"auto","background-attachment":"scroll","background-type":"","background-media":"","overlay-type":"","overlay-color":"","overlay-opacity":"","overlay-gradient":""}},"ast-content-background-meta":{"desktop":{"background-color":"var(--ast-global-color-5)","background-image":"","background-repeat":"repeat","background-position":"center center","background-size":"auto","background-attachment":"scroll","background-type":"","background-media":"","overlay-type":"","overlay-color":"","overlay-opacity":"","overlay-gradient":""},"tablet":{"background-color":"var(--ast-global-color-5)","background-image":"","background-repeat":"repeat","background-position":"center center","background-size":"auto","background-attachment":"scroll","background-type":"","background-media":"","overlay-type":"","overlay-color":"","overlay-opacity":"","overlay-gradient":""},"mobile":{"background-color":"var(--ast-global-color-5)","background-image":"","background-repeat":"repeat","background-position":"center center","background-size":"auto","background-attachment":"scroll","background-type":"","background-media":"","overlay-type":"","overlay-color":"","overlay-opacity":"","overlay-gradient":""}},"_joinchat":[]},"product_brand":[],"product_cat":[80,83],"product_tag":[],"class_list":{"0":"post-5078","1":"product","2":"type-product","3":"status-publish","4":"has-post-thumbnail","6":"product_cat-precipitation-snow-visibility-sensor","7":"product_cat-visibility-sensor","8":"desktop-align-left","9":"tablet-align-left","10":"mobile-align-left","12":"first","13":"instock","14":"shipping-taxable","15":"purchasable","16":"product-type-simple"},"jetpack_sharing_enabled":true,"_links":{"self":[{"href":"https:\/\/ecosentec.com\/de\/wp-json\/wp\/v2\/product\/5078","targetHints":{"allow":["GET"]}}],"collection":[{"href":"https:\/\/ecosentec.com\/de\/wp-json\/wp\/v2\/product"}],"about":[{"href":"https:\/\/ecosentec.com\/de\/wp-json\/wp\/v2\/types\/product"}],"version-history":[{"count":5,"href":"https:\/\/ecosentec.com\/de\/wp-json\/wp\/v2\/product\/5078\/revisions"}],"predecessor-version":[{"id":5613,"href":"https:\/\/ecosentec.com\/de\/wp-json\/wp\/v2\/product\/5078\/revisions\/5613"}],"wp:featuredmedia":[{"embeddable":true,"href":"https:\/\/ecosentec.com\/de\/wp-json\/wp\/v2\/media\/5135"}],"wp:attachment":[{"href":"https:\/\/ecosentec.com\/de\/wp-json\/wp\/v2\/media?parent=5078"}],"wp:term":[{"taxonomy":"product_brand","embeddable":true,"href":"https:\/\/ecosentec.com\/de\/wp-json\/wp\/v2\/product_brand?post=5078"},{"taxonomy":"product_cat","embeddable":true,"href":"https:\/\/ecosentec.com\/de\/wp-json\/wp\/v2\/product_cat?post=5078"},{"taxonomy":"product_tag","embeddable":true,"href":"https:\/\/ecosentec.com\/de\/wp-json\/wp\/v2\/product_tag?post=5078"}],"curies":[{"name":"wp","href":"https:\/\/api.w.org\/{rel}","templated":true}]}}