{"id":5050,"date":"2025-03-27T08:51:48","date_gmt":"2025-03-27T08:51:48","guid":{"rendered":"https:\/\/ecosentec.com\/?post_type=product&#038;p=5050"},"modified":"2025-06-18T10:14:02","modified_gmt":"2025-06-18T10:14:02","slug":"optischer-niederschlagssensor","status":"publish","type":"product","link":"https:\/\/ecosentec.com\/de\/produkt\/optischer-niederschlagssensor\/","title":{"rendered":"ES-R226O Optischer Niederschlagssensor"},"content":{"rendered":"<p class=\"p1\">Der ES-R226O ist ein optischer Regen- und Lichtsensor. Er misst den Niederschlag. Er nutzt das Prinzip der optischen Sensorik und verf\u00fcgt \u00fcber mehrere integrierte optische Sonden. Die Regenerkennung ist zuverl\u00e4ssig. Er unterscheidet sich vom herk\u00f6mmlichen mechanischen Regensensor. Der optische Regensensor hat ein kleineres Volumen. Er ist empfindlicher, zuverl\u00e4ssiger, intelligenter und wartungsfreundlicher.<\/p>\n<p class=\"p1\">Es kann in vielen Branchen und Bereichen eingesetzt werden, beispielsweise in der intelligenten Bew\u00e4sserung, der Schiffsnavigation, in mobilen Wetterstationen, automatischen T\u00fcren und Fenstern sowie bei geologischen Katastrophen.<\/p>","protected":false},"excerpt":{"rendered":"<p>Der ES-R226O ist ein optischer Regen- und Lichtsensor. Er misst den Niederschlag. Er nutzt das Prinzip der optischen Sensorik und verf\u00fcgt \u00fcber mehrere integrierte optische Sonden. Die Regenerkennung ist zuverl\u00e4ssig. Er unterscheidet sich vom herk\u00f6mmlichen mechanischen Regensensor. Der optische Regensensor hat ein kleineres Volumen. Er ist empfindlicher, zuverl\u00e4ssiger, intelligenter und wartungsfreundlicher.<\/p>","protected":false},"featured_media":5126,"template":"","meta":{"om_disable_all_campaigns":false,"_monsterinsights_skip_tracking":false,"_monsterinsights_sitenote_active":false,"_monsterinsights_sitenote_note":"","_monsterinsights_sitenote_category":0,"site-sidebar-layout":"default","site-content-layout":"default","ast-site-content-layout":"default","site-content-style":"default","site-sidebar-style":"default","ast-global-header-display":"","ast-banner-title-visibility":"","ast-main-header-display":"","ast-hfb-above-header-display":"","ast-hfb-below-header-display":"","ast-hfb-mobile-header-display":"","site-post-title":"","ast-breadcrumbs-content":"","ast-featured-img":"","footer-sml-layout":"","ast-disable-related-posts":"","theme-transparent-header-meta":"default","adv-header-id-meta":"","stick-header-meta":"","header-above-stick-meta":"","header-main-stick-meta":"","header-below-stick-meta":"","astra-migrate-meta-layouts":"set","ast-page-background-enabled":"default","ast-page-background-meta":{"desktop":{"background-color":"","background-image":"","background-repeat":"repeat","background-position":"center center","background-size":"auto","background-attachment":"scroll","background-type":"","background-media":"","overlay-type":"","overlay-color":"","overlay-opacity":"","overlay-gradient":""},"tablet":{"background-color":"","background-image":"","background-repeat":"repeat","background-position":"center center","background-size":"auto","background-attachment":"scroll","background-type":"","background-media":"","overlay-type":"","overlay-color":"","overlay-opacity":"","overlay-gradient":""},"mobile":{"background-color":"","background-image":"","background-repeat":"repeat","background-position":"center center","background-size":"auto","background-attachment":"scroll","background-type":"","background-media":"","overlay-type":"","overlay-color":"","overlay-opacity":"","overlay-gradient":""}},"ast-content-background-meta":{"desktop":{"background-color":"var(--ast-global-color-5)","background-image":"","background-repeat":"repeat","background-position":"center center","background-size":"auto","background-attachment":"scroll","background-type":"","background-media":"","overlay-type":"","overlay-color":"","overlay-opacity":"","overlay-gradient":""},"tablet":{"background-color":"var(--ast-global-color-5)","background-image":"","background-repeat":"repeat","background-position":"center center","background-size":"auto","background-attachment":"scroll","background-type":"","background-media":"","overlay-type":"","overlay-color":"","overlay-opacity":"","overlay-gradient":""},"mobile":{"background-color":"var(--ast-global-color-5)","background-image":"","background-repeat":"repeat","background-position":"center center","background-size":"auto","background-attachment":"scroll","background-type":"","background-media":"","overlay-type":"","overlay-color":"","overlay-opacity":"","overlay-gradient":""}},"_joinchat":[]},"product_brand":[],"product_cat":[80,81],"product_tag":[294],"class_list":{"0":"post-5050","1":"product","2":"type-product","3":"status-publish","4":"has-post-thumbnail","6":"product_cat-precipitation-snow-visibility-sensor","7":"product_cat-rain-gauge","8":"product_tag-rain-gauge","9":"desktop-align-left","10":"tablet-align-left","11":"mobile-align-left","13":"first","14":"instock","15":"shipping-taxable","16":"purchasable","17":"product-type-simple"},"jetpack_sharing_enabled":true,"_links":{"self":[{"href":"https:\/\/ecosentec.com\/de\/wp-json\/wp\/v2\/product\/5050","targetHints":{"allow":["GET"]}}],"collection":[{"href":"https:\/\/ecosentec.com\/de\/wp-json\/wp\/v2\/product"}],"about":[{"href":"https:\/\/ecosentec.com\/de\/wp-json\/wp\/v2\/types\/product"}],"version-history":[{"count":4,"href":"https:\/\/ecosentec.com\/de\/wp-json\/wp\/v2\/product\/5050\/revisions"}],"predecessor-version":[{"id":5625,"href":"https:\/\/ecosentec.com\/de\/wp-json\/wp\/v2\/product\/5050\/revisions\/5625"}],"wp:featuredmedia":[{"embeddable":true,"href":"https:\/\/ecosentec.com\/de\/wp-json\/wp\/v2\/media\/5126"}],"wp:attachment":[{"href":"https:\/\/ecosentec.com\/de\/wp-json\/wp\/v2\/media?parent=5050"}],"wp:term":[{"taxonomy":"product_brand","embeddable":true,"href":"https:\/\/ecosentec.com\/de\/wp-json\/wp\/v2\/product_brand?post=5050"},{"taxonomy":"product_cat","embeddable":true,"href":"https:\/\/ecosentec.com\/de\/wp-json\/wp\/v2\/product_cat?post=5050"},{"taxonomy":"product_tag","embeddable":true,"href":"https:\/\/ecosentec.com\/de\/wp-json\/wp\/v2\/product_tag?post=5050"}],"curies":[{"name":"wp","href":"https:\/\/api.w.org\/{rel}","templated":true}]}}