{"id":5049,"date":"2025-03-27T08:51:48","date_gmt":"2025-03-27T08:51:48","guid":{"rendered":"https:\/\/ecosentec.com\/?post_type=product&#038;p=5049"},"modified":"2025-04-01T04:22:29","modified_gmt":"2025-04-01T04:22:29","slug":"piezoelektrischer-niederschlagssensor","status":"publish","type":"product","link":"https:\/\/ecosentec.com\/de\/produkt\/piezoelektrischer-niederschlagssensor\/","title":{"rendered":"ES-R226H Piezoelektrischer Niederschlagssensor"},"content":{"rendered":"<p class=\"p1\">Der ES-R226H verf\u00fcgt \u00fcber ein modernes kleines piezoelektrisches Sensormodul und nutzt die Technologie des durch Regentropfen auf dem piezoelektrischen Modul erzeugten Spannungseffekts, um die Intensit\u00e4t des Regens zu messen.<\/p>\n<p class=\"p1\">Der piezoelektrische Regenmelder ES-R226H erkennt Beginn und Ende des Regens empfindlicher und schneller als herk\u00f6mmliche mechanische Methoden. Bewegliche Objekte wie Bl\u00e4tter und \u00c4ste, die \u00fcber dem Melder schwingen und die Regenerkennung beeintr\u00e4chtigen, sind unbedenklich. Optionale Heizvorrichtung im Inneren verhindert das Einfrieren.<\/p>\n<p class=\"p1\">Im Inneren des ES-R226H-Detektors befinden sich keine beweglichen Teile. Er ist wartungsfrei, klein und verbraucht wenig Energie.<\/p>","protected":false},"excerpt":{"rendered":"<p>Der ES-R226H verf\u00fcgt \u00fcber ein modernes kleines piezoelektrisches Sensormodul und nutzt die Technologie des durch Regentropfen auf dem piezoelektrischen Modul erzeugten Spannungseffekts, um die Intensit\u00e4t des Regens zu messen.<\/p>","protected":false},"featured_media":5643,"template":"","meta":{"om_disable_all_campaigns":false,"_monsterinsights_skip_tracking":false,"_monsterinsights_sitenote_active":false,"_monsterinsights_sitenote_note":"","_monsterinsights_sitenote_category":0,"site-sidebar-layout":"default","site-content-layout":"default","ast-site-content-layout":"default","site-content-style":"default","site-sidebar-style":"default","ast-global-header-display":"","ast-banner-title-visibility":"","ast-main-header-display":"","ast-hfb-above-header-display":"","ast-hfb-below-header-display":"","ast-hfb-mobile-header-display":"","site-post-title":"","ast-breadcrumbs-content":"","ast-featured-img":"","footer-sml-layout":"","ast-disable-related-posts":"","theme-transparent-header-meta":"default","adv-header-id-meta":"","stick-header-meta":"","header-above-stick-meta":"","header-main-stick-meta":"","header-below-stick-meta":"","astra-migrate-meta-layouts":"set","ast-page-background-enabled":"default","ast-page-background-meta":{"desktop":{"background-color":"","background-image":"","background-repeat":"repeat","background-position":"center center","background-size":"auto","background-attachment":"scroll","background-type":"","background-media":"","overlay-type":"","overlay-color":"","overlay-opacity":"","overlay-gradient":""},"tablet":{"background-color":"","background-image":"","background-repeat":"repeat","background-position":"center center","background-size":"auto","background-attachment":"scroll","background-type":"","background-media":"","overlay-type":"","overlay-color":"","overlay-opacity":"","overlay-gradient":""},"mobile":{"background-color":"","background-image":"","background-repeat":"repeat","background-position":"center center","background-size":"auto","background-attachment":"scroll","background-type":"","background-media":"","overlay-type":"","overlay-color":"","overlay-opacity":"","overlay-gradient":""}},"ast-content-background-meta":{"desktop":{"background-color":"var(--ast-global-color-5)","background-image":"","background-repeat":"repeat","background-position":"center center","background-size":"auto","background-attachment":"scroll","background-type":"","background-media":"","overlay-type":"","overlay-color":"","overlay-opacity":"","overlay-gradient":""},"tablet":{"background-color":"var(--ast-global-color-5)","background-image":"","background-repeat":"repeat","background-position":"center center","background-size":"auto","background-attachment":"scroll","background-type":"","background-media":"","overlay-type":"","overlay-color":"","overlay-opacity":"","overlay-gradient":""},"mobile":{"background-color":"var(--ast-global-color-5)","background-image":"","background-repeat":"repeat","background-position":"center center","background-size":"auto","background-attachment":"scroll","background-type":"","background-media":"","overlay-type":"","overlay-color":"","overlay-opacity":"","overlay-gradient":""}},"_joinchat":[]},"product_brand":[],"product_cat":[80,81],"product_tag":[],"class_list":{"0":"post-5049","1":"product","2":"type-product","3":"status-publish","4":"has-post-thumbnail","6":"product_cat-precipitation-snow-visibility-sensor","7":"product_cat-rain-gauge","8":"desktop-align-left","9":"tablet-align-left","10":"mobile-align-left","12":"first","13":"instock","14":"shipping-taxable","15":"purchasable","16":"product-type-simple"},"jetpack_sharing_enabled":true,"_links":{"self":[{"href":"https:\/\/ecosentec.com\/de\/wp-json\/wp\/v2\/product\/5049","targetHints":{"allow":["GET"]}}],"collection":[{"href":"https:\/\/ecosentec.com\/de\/wp-json\/wp\/v2\/product"}],"about":[{"href":"https:\/\/ecosentec.com\/de\/wp-json\/wp\/v2\/types\/product"}],"version-history":[{"count":3,"href":"https:\/\/ecosentec.com\/de\/wp-json\/wp\/v2\/product\/5049\/revisions"}],"predecessor-version":[{"id":5688,"href":"https:\/\/ecosentec.com\/de\/wp-json\/wp\/v2\/product\/5049\/revisions\/5688"}],"wp:featuredmedia":[{"embeddable":true,"href":"https:\/\/ecosentec.com\/de\/wp-json\/wp\/v2\/media\/5643"}],"wp:attachment":[{"href":"https:\/\/ecosentec.com\/de\/wp-json\/wp\/v2\/media?parent=5049"}],"wp:term":[{"taxonomy":"product_brand","embeddable":true,"href":"https:\/\/ecosentec.com\/de\/wp-json\/wp\/v2\/product_brand?post=5049"},{"taxonomy":"product_cat","embeddable":true,"href":"https:\/\/ecosentec.com\/de\/wp-json\/wp\/v2\/product_cat?post=5049"},{"taxonomy":"product_tag","embeddable":true,"href":"https:\/\/ecosentec.com\/de\/wp-json\/wp\/v2\/product_tag?post=5049"}],"curies":[{"name":"wp","href":"https:\/\/api.w.org\/{rel}","templated":true}]}}