{"id":5045,"date":"2025-03-27T08:51:47","date_gmt":"2025-03-27T08:51:47","guid":{"rendered":"https:\/\/ecosentec.com\/?post_type=product&#038;p=5045"},"modified":"2025-06-11T10:39:55","modified_gmt":"2025-06-11T10:39:55","slug":"tragbarer-bodendetektor","status":"publish","type":"product","link":"https:\/\/ecosentec.com\/de\/produkt\/tragbarer-bodendetektor\/","title":{"rendered":"ES-S2270 Tragbarer Bodendetektor"},"content":{"rendered":"<p class=\"p1\">Der tragbare Bodendetektor ES-S2270 nutzt die neueste digitale integrierte Schaltkreistechnologie und internationale Testtechnologie, um einen neuen intelligenten Handdetektor zu entwickeln.<\/p>\n<p class=\"p1\">Der Detektor verf\u00fcgt \u00fcber eine digitale R\u00f6hren-Hintergrundbeleuchtung, kann den Messwert in Echtzeit anzeigen und kann auch unter<span class=\"Apple-converted-space\">\u00a0 <\/span>schwachen Lichtverh\u00e4ltnissen und der Erkennungsschaltkreis<span class=\"Apple-converted-space\">\u00a0 <\/span>entworfen<span class=\"Apple-converted-space\">\u00a0 <\/span>von<span class=\"Apple-converted-space\">\u00a0 <\/span>Der Digitalchip einer internationalen Gro\u00dffabrik kann eine sehr hohe Empfindlichkeit und eine hervorragende Wiederholgenauigkeit erreichen. Das Geh\u00e4use besteht aus einem speziellen, hochfesten Industrie-Verbundkunststoff, f\u00fchlt sich gut an und ist zudem wasserdicht, staubdicht und explosionsgesch\u00fctzt.<\/p>\n<p class=\"p1\">Durch die Erfassung von Daten zur Verbesserung des Bodens, so dass die Pflanzen in der besten Lebensumgebung, wodurch die Ertr\u00e4ge zu erh\u00f6hen,<span class=\"Apple-converted-space\">\u00a0 <\/span>und erleichtern dem Kunden die Beurteilung der Bodensituation erheblich.<\/p>","protected":false},"excerpt":{"rendered":"<p>Der tragbare Bodendetektor ES-S2270 nutzt die neueste digitale integrierte Schaltkreistechnologie und internationale Testtechnologie, um einen neuen intelligenten Handdetektor zu entwickeln.<\/p>","protected":false},"featured_media":6152,"template":"","meta":{"om_disable_all_campaigns":false,"_monsterinsights_skip_tracking":false,"_monsterinsights_sitenote_active":false,"_monsterinsights_sitenote_note":"","_monsterinsights_sitenote_category":0,"site-sidebar-layout":"default","site-content-layout":"default","ast-site-content-layout":"default","site-content-style":"default","site-sidebar-style":"default","ast-global-header-display":"","ast-banner-title-visibility":"","ast-main-header-display":"","ast-hfb-above-header-display":"","ast-hfb-below-header-display":"","ast-hfb-mobile-header-display":"","site-post-title":"","ast-breadcrumbs-content":"","ast-featured-img":"","footer-sml-layout":"","ast-disable-related-posts":"","theme-transparent-header-meta":"default","adv-header-id-meta":"","stick-header-meta":"","header-above-stick-meta":"","header-main-stick-meta":"","header-below-stick-meta":"","astra-migrate-meta-layouts":"set","ast-page-background-enabled":"default","ast-page-background-meta":{"desktop":{"background-color":"","background-image":"","background-repeat":"repeat","background-position":"center center","background-size":"auto","background-attachment":"scroll","background-type":"","background-media":"","overlay-type":"","overlay-color":"","overlay-opacity":"","overlay-gradient":""},"tablet":{"background-color":"","background-image":"","background-repeat":"repeat","background-position":"center center","background-size":"auto","background-attachment":"scroll","background-type":"","background-media":"","overlay-type":"","overlay-color":"","overlay-opacity":"","overlay-gradient":""},"mobile":{"background-color":"","background-image":"","background-repeat":"repeat","background-position":"center center","background-size":"auto","background-attachment":"scroll","background-type":"","background-media":"","overlay-type":"","overlay-color":"","overlay-opacity":"","overlay-gradient":""}},"ast-content-background-meta":{"desktop":{"background-color":"var(--ast-global-color-5)","background-image":"","background-repeat":"repeat","background-position":"center center","background-size":"auto","background-attachment":"scroll","background-type":"","background-media":"","overlay-type":"","overlay-color":"","overlay-opacity":"","overlay-gradient":""},"tablet":{"background-color":"var(--ast-global-color-5)","background-image":"","background-repeat":"repeat","background-position":"center center","background-size":"auto","background-attachment":"scroll","background-type":"","background-media":"","overlay-type":"","overlay-color":"","overlay-opacity":"","overlay-gradient":""},"mobile":{"background-color":"var(--ast-global-color-5)","background-image":"","background-repeat":"repeat","background-position":"center center","background-size":"auto","background-attachment":"scroll","background-type":"","background-media":"","overlay-type":"","overlay-color":"","overlay-opacity":"","overlay-gradient":""}},"_joinchat":[]},"product_brand":[],"product_cat":[94,95],"product_tag":[292],"class_list":{"0":"post-5045","1":"product","2":"type-product","3":"status-publish","4":"has-post-thumbnail","6":"product_cat-agro-soil-sensor","7":"product_cat-soil-sensor","8":"product_tag-soil-sensor","9":"desktop-align-left","10":"tablet-align-left","11":"mobile-align-left","13":"first","14":"instock","15":"shipping-taxable","16":"purchasable","17":"product-type-simple"},"jetpack_sharing_enabled":true,"_links":{"self":[{"href":"https:\/\/ecosentec.com\/de\/wp-json\/wp\/v2\/product\/5045","targetHints":{"allow":["GET"]}}],"collection":[{"href":"https:\/\/ecosentec.com\/de\/wp-json\/wp\/v2\/product"}],"about":[{"href":"https:\/\/ecosentec.com\/de\/wp-json\/wp\/v2\/types\/product"}],"version-history":[{"count":3,"href":"https:\/\/ecosentec.com\/de\/wp-json\/wp\/v2\/product\/5045\/revisions"}],"predecessor-version":[{"id":6154,"href":"https:\/\/ecosentec.com\/de\/wp-json\/wp\/v2\/product\/5045\/revisions\/6154"}],"wp:featuredmedia":[{"embeddable":true,"href":"https:\/\/ecosentec.com\/de\/wp-json\/wp\/v2\/media\/6152"}],"wp:attachment":[{"href":"https:\/\/ecosentec.com\/de\/wp-json\/wp\/v2\/media?parent=5045"}],"wp:term":[{"taxonomy":"product_brand","embeddable":true,"href":"https:\/\/ecosentec.com\/de\/wp-json\/wp\/v2\/product_brand?post=5045"},{"taxonomy":"product_cat","embeddable":true,"href":"https:\/\/ecosentec.com\/de\/wp-json\/wp\/v2\/product_cat?post=5045"},{"taxonomy":"product_tag","embeddable":true,"href":"https:\/\/ecosentec.com\/de\/wp-json\/wp\/v2\/product_tag?post=5045"}],"curies":[{"name":"wp","href":"https:\/\/api.w.org\/{rel}","templated":true}]}}