{"id":5043,"date":"2025-03-27T08:51:47","date_gmt":"2025-03-27T08:51:47","guid":{"rendered":"https:\/\/ecosentec.com\/?post_type=product&#038;p=5043"},"modified":"2025-06-11T10:39:43","modified_gmt":"2025-06-11T10:39:43","slug":"mehrschicht-bodensensor","status":"publish","type":"product","link":"https:\/\/ecosentec.com\/de\/produkt\/mehrschicht-bodensensor\/","title":{"rendered":"ES-S2255 Mehrschicht-Bodensensor"},"content":{"rendered":"<p class=\"p1\">Der Mehrschicht-Bodensensor ES-S2255 ist ein von unserem Unternehmen entwickelter Sensor zur Messung mehrschichtiger Bodenparameter. Er kann die Bodenleitf\u00e4higkeit, den Feuchtigkeitsgehalt und die Temperatur verschiedener Schichten dynamisch beobachten. Dieser Detektor erfasst die Temperatur und Luftfeuchtigkeit der Bodenleitf\u00e4higkeit von mindestens drei Schichten und von h\u00f6chstens f\u00fcnf Schichten und erfasst die Bodenparameter schnell und umfassend. Das Produkt nutzt die Standard-Modbus-RTU485-Kommunikation mit einer maximalen Kommunikationsreichweite von 2000 Metern und unterst\u00fctzt die Sekund\u00e4rentwicklung.<\/p>\n<p class=\"p1\">Das Produktgeh\u00e4use besteht aus Edelstahl, ist vollst\u00e4ndig mit schwarzem, flammhemmendem Epoxidharz versiegelt, best\u00e4ndig gegen S\u00e4ure- und Alkalikorrosion und kann zur langfristigen dynamischen Erkennung im Boden vergraben werden.<\/p>","protected":false},"excerpt":{"rendered":"<p>Der Mehrschicht-Bodensensor ES-S2255 ist ein von unserem Unternehmen entwickelter Sensor zur Messung mehrschichtiger Bodenparameter. Er kann die Bodenleitf\u00e4higkeit, den Feuchtigkeitsgehalt und die Temperatur verschiedener Schichten dynamisch beobachten. Dieser Detektor erfasst die Temperatur und Luftfeuchtigkeit der Bodenleitf\u00e4higkeit von mindestens drei Schichten und von h\u00f6chstens f\u00fcnf Schichten und erfasst die Bodenparameter schnell und umfassend.<\/p>","protected":false},"featured_media":6159,"template":"","meta":{"om_disable_all_campaigns":false,"_monsterinsights_skip_tracking":false,"_monsterinsights_sitenote_active":false,"_monsterinsights_sitenote_note":"","_monsterinsights_sitenote_category":0,"site-sidebar-layout":"default","site-content-layout":"default","ast-site-content-layout":"default","site-content-style":"default","site-sidebar-style":"default","ast-global-header-display":"","ast-banner-title-visibility":"","ast-main-header-display":"","ast-hfb-above-header-display":"","ast-hfb-below-header-display":"","ast-hfb-mobile-header-display":"","site-post-title":"","ast-breadcrumbs-content":"","ast-featured-img":"","footer-sml-layout":"","ast-disable-related-posts":"","theme-transparent-header-meta":"default","adv-header-id-meta":"","stick-header-meta":"","header-above-stick-meta":"","header-main-stick-meta":"","header-below-stick-meta":"","astra-migrate-meta-layouts":"set","ast-page-background-enabled":"default","ast-page-background-meta":{"desktop":{"background-color":"","background-image":"","background-repeat":"repeat","background-position":"center center","background-size":"auto","background-attachment":"scroll","background-type":"","background-media":"","overlay-type":"","overlay-color":"","overlay-opacity":"","overlay-gradient":""},"tablet":{"background-color":"","background-image":"","background-repeat":"repeat","background-position":"center center","background-size":"auto","background-attachment":"scroll","background-type":"","background-media":"","overlay-type":"","overlay-color":"","overlay-opacity":"","overlay-gradient":""},"mobile":{"background-color":"","background-image":"","background-repeat":"repeat","background-position":"center center","background-size":"auto","background-attachment":"scroll","background-type":"","background-media":"","overlay-type":"","overlay-color":"","overlay-opacity":"","overlay-gradient":""}},"ast-content-background-meta":{"desktop":{"background-color":"var(--ast-global-color-5)","background-image":"","background-repeat":"repeat","background-position":"center center","background-size":"auto","background-attachment":"scroll","background-type":"","background-media":"","overlay-type":"","overlay-color":"","overlay-opacity":"","overlay-gradient":""},"tablet":{"background-color":"var(--ast-global-color-5)","background-image":"","background-repeat":"repeat","background-position":"center center","background-size":"auto","background-attachment":"scroll","background-type":"","background-media":"","overlay-type":"","overlay-color":"","overlay-opacity":"","overlay-gradient":""},"mobile":{"background-color":"var(--ast-global-color-5)","background-image":"","background-repeat":"repeat","background-position":"center center","background-size":"auto","background-attachment":"scroll","background-type":"","background-media":"","overlay-type":"","overlay-color":"","overlay-opacity":"","overlay-gradient":""}},"_joinchat":[]},"product_brand":[],"product_cat":[94,95],"product_tag":[292],"class_list":{"0":"post-5043","1":"product","2":"type-product","3":"status-publish","4":"has-post-thumbnail","6":"product_cat-agro-soil-sensor","7":"product_cat-soil-sensor","8":"product_tag-soil-sensor","9":"desktop-align-left","10":"tablet-align-left","11":"mobile-align-left","13":"first","14":"instock","15":"shipping-taxable","16":"purchasable","17":"product-type-simple"},"jetpack_sharing_enabled":true,"_links":{"self":[{"href":"https:\/\/ecosentec.com\/de\/wp-json\/wp\/v2\/product\/5043","targetHints":{"allow":["GET"]}}],"collection":[{"href":"https:\/\/ecosentec.com\/de\/wp-json\/wp\/v2\/product"}],"about":[{"href":"https:\/\/ecosentec.com\/de\/wp-json\/wp\/v2\/types\/product"}],"version-history":[{"count":3,"href":"https:\/\/ecosentec.com\/de\/wp-json\/wp\/v2\/product\/5043\/revisions"}],"predecessor-version":[{"id":6161,"href":"https:\/\/ecosentec.com\/de\/wp-json\/wp\/v2\/product\/5043\/revisions\/6161"}],"wp:featuredmedia":[{"embeddable":true,"href":"https:\/\/ecosentec.com\/de\/wp-json\/wp\/v2\/media\/6159"}],"wp:attachment":[{"href":"https:\/\/ecosentec.com\/de\/wp-json\/wp\/v2\/media?parent=5043"}],"wp:term":[{"taxonomy":"product_brand","embeddable":true,"href":"https:\/\/ecosentec.com\/de\/wp-json\/wp\/v2\/product_brand?post=5043"},{"taxonomy":"product_cat","embeddable":true,"href":"https:\/\/ecosentec.com\/de\/wp-json\/wp\/v2\/product_cat?post=5043"},{"taxonomy":"product_tag","embeddable":true,"href":"https:\/\/ecosentec.com\/de\/wp-json\/wp\/v2\/product_tag?post=5043"}],"curies":[{"name":"wp","href":"https:\/\/api.w.org\/{rel}","templated":true}]}}