{"id":5038,"date":"2025-03-27T08:51:46","date_gmt":"2025-03-27T08:51:46","guid":{"rendered":"https:\/\/ecosentec.com\/?post_type=product&#038;p=5038"},"modified":"2025-04-12T08:44:41","modified_gmt":"2025-04-12T08:44:41","slug":"blatttemperatur-feuchtigkeitssensor","status":"publish","type":"product","link":"https:\/\/ecosentec.com\/de\/produkt\/blatttemperatur-feuchtigkeitssensor\/","title":{"rendered":"ES-S225B Blatttemperatur-Feuchtigkeitssensor"},"content":{"rendered":"<p class=\"p1\"><span class=\"s1\">ES-S<\/span>Der Blatttemperatur-Feuchtigkeitssensor 225B besteht aus einem hochpr\u00e4zisen Thermistor und einem Transmitter, der die Temperatur im gesamten Bereich pr\u00e4zise misst. Der Feuchtigkeitssensor basiert auf dem Messprinzip der Dielektrizit\u00e4tskonstante, simuliert die Blattform und bildet die Oberfl\u00e4cheneigenschaften des Blattes exakt nach. Die Luftfeuchtigkeit l\u00e4sst sich anhand der Ver\u00e4nderung der Dielektrizit\u00e4tskonstante auf der Blattoberfl\u00e4che pr\u00e4zise messen. Dank seiner hohen Empfindlichkeit erkennt er auch Spuren von Feuchtigkeit auf der Blattoberfl\u00e4che. Der Blatttemperatur- und Feuchtigkeitstransmitter ist wasserdicht, verbraucht wenig Strom und erm\u00f6glicht eine kontinuierliche \u00dcberwachung \u00fcber lange Zeitr\u00e4ume. Er ist einfach zu installieren und kann im Gew\u00e4chshaus oder an \u00c4sten aufgeh\u00e4ngt werden, um eine langfristige, unterbrechungsfreie \u00dcberwachung zu gew\u00e4hrleisten.<\/p>","protected":false},"excerpt":{"rendered":"<p class=\"p1\"><span class=\"s1\">ES-S<\/span>Der Blatttemperatur-Feuchtigkeitssensor 225B besteht aus einem hochpr\u00e4zisen Thermistor und einem Sender, der die Temperatur im gesamten Bereich genau messen kann.<\/p>","protected":false},"featured_media":6140,"template":"","meta":{"om_disable_all_campaigns":false,"_monsterinsights_skip_tracking":false,"_monsterinsights_sitenote_active":false,"_monsterinsights_sitenote_note":"","_monsterinsights_sitenote_category":0,"site-sidebar-layout":"default","site-content-layout":"default","ast-site-content-layout":"default","site-content-style":"default","site-sidebar-style":"default","ast-global-header-display":"","ast-banner-title-visibility":"","ast-main-header-display":"","ast-hfb-above-header-display":"","ast-hfb-below-header-display":"","ast-hfb-mobile-header-display":"","site-post-title":"","ast-breadcrumbs-content":"","ast-featured-img":"","footer-sml-layout":"","ast-disable-related-posts":"","theme-transparent-header-meta":"default","adv-header-id-meta":"","stick-header-meta":"","header-above-stick-meta":"","header-main-stick-meta":"","header-below-stick-meta":"","astra-migrate-meta-layouts":"set","ast-page-background-enabled":"default","ast-page-background-meta":{"desktop":{"background-color":"","background-image":"","background-repeat":"repeat","background-position":"center center","background-size":"auto","background-attachment":"scroll","background-type":"","background-media":"","overlay-type":"","overlay-color":"","overlay-opacity":"","overlay-gradient":""},"tablet":{"background-color":"","background-image":"","background-repeat":"repeat","background-position":"center center","background-size":"auto","background-attachment":"scroll","background-type":"","background-media":"","overlay-type":"","overlay-color":"","overlay-opacity":"","overlay-gradient":""},"mobile":{"background-color":"","background-image":"","background-repeat":"repeat","background-position":"center center","background-size":"auto","background-attachment":"scroll","background-type":"","background-media":"","overlay-type":"","overlay-color":"","overlay-opacity":"","overlay-gradient":""}},"ast-content-background-meta":{"desktop":{"background-color":"var(--ast-global-color-5)","background-image":"","background-repeat":"repeat","background-position":"center center","background-size":"auto","background-attachment":"scroll","background-type":"","background-media":"","overlay-type":"","overlay-color":"","overlay-opacity":"","overlay-gradient":""},"tablet":{"background-color":"var(--ast-global-color-5)","background-image":"","background-repeat":"repeat","background-position":"center center","background-size":"auto","background-attachment":"scroll","background-type":"","background-media":"","overlay-type":"","overlay-color":"","overlay-opacity":"","overlay-gradient":""},"mobile":{"background-color":"var(--ast-global-color-5)","background-image":"","background-repeat":"repeat","background-position":"center center","background-size":"auto","background-attachment":"scroll","background-type":"","background-media":"","overlay-type":"","overlay-color":"","overlay-opacity":"","overlay-gradient":""}},"_joinchat":[]},"product_brand":[],"product_cat":[94,260,95],"product_tag":[],"class_list":{"0":"post-5038","1":"product","2":"type-product","3":"status-publish","4":"has-post-thumbnail","6":"product_cat-agro-soil-sensor","7":"product_cat-leaf-sensor","8":"product_cat-soil-sensor","9":"desktop-align-left","10":"tablet-align-left","11":"mobile-align-left","13":"first","14":"instock","15":"shipping-taxable","16":"purchasable","17":"product-type-simple"},"jetpack_sharing_enabled":true,"_links":{"self":[{"href":"https:\/\/ecosentec.com\/de\/wp-json\/wp\/v2\/product\/5038","targetHints":{"allow":["GET"]}}],"collection":[{"href":"https:\/\/ecosentec.com\/de\/wp-json\/wp\/v2\/product"}],"about":[{"href":"https:\/\/ecosentec.com\/de\/wp-json\/wp\/v2\/types\/product"}],"version-history":[{"count":2,"href":"https:\/\/ecosentec.com\/de\/wp-json\/wp\/v2\/product\/5038\/revisions"}],"predecessor-version":[{"id":6143,"href":"https:\/\/ecosentec.com\/de\/wp-json\/wp\/v2\/product\/5038\/revisions\/6143"}],"wp:featuredmedia":[{"embeddable":true,"href":"https:\/\/ecosentec.com\/de\/wp-json\/wp\/v2\/media\/6140"}],"wp:attachment":[{"href":"https:\/\/ecosentec.com\/de\/wp-json\/wp\/v2\/media?parent=5038"}],"wp:term":[{"taxonomy":"product_brand","embeddable":true,"href":"https:\/\/ecosentec.com\/de\/wp-json\/wp\/v2\/product_brand?post=5038"},{"taxonomy":"product_cat","embeddable":true,"href":"https:\/\/ecosentec.com\/de\/wp-json\/wp\/v2\/product_cat?post=5038"},{"taxonomy":"product_tag","embeddable":true,"href":"https:\/\/ecosentec.com\/de\/wp-json\/wp\/v2\/product_tag?post=5038"}],"curies":[{"name":"wp","href":"https:\/\/api.w.org\/{rel}","templated":true}]}}