{"id":5037,"date":"2025-03-27T08:51:46","date_gmt":"2025-03-27T08:51:46","guid":{"rendered":"https:\/\/ecosentec.com\/?post_type=product&#038;p=5037"},"modified":"2025-06-11T10:40:18","modified_gmt":"2025-06-11T10:40:18","slug":"boden-ec-ph-npk-temperatur-feuchtigkeitssensor","status":"publish","type":"product","link":"https:\/\/ecosentec.com\/de\/produkt\/boden-ec-ph-npk-temperatur-feuchtigkeitssensor\/","title":{"rendered":"Bodensensor der Serie ES-S225 f\u00fcr EC, PH, NPK, Temperatur und Feuchtigkeit"},"content":{"rendered":"<p class=\"p1\"><span class=\"s1\">ES-S<\/span>Der Bodensensor der Serie 225 ist ein hochpr\u00e4ziser und empfindlicher Sensor zur Online-Messung von Bodenfeuchtigkeit, Temperatur, Leitf\u00e4higkeit (EC), pH-Wert und NPK. Dieser Sensor eignet sich zur Messung von Bodentemperatur und -feuchtigkeit. Nach dem Vergleich mit dem originalen hochpr\u00e4zisen Sensor aus Deutschland und der Kalibrierung mittels Bodentrocknungsw\u00e4gung zeichnet er sich durch hohe Pr\u00e4zision, schnelle Reaktion und stabile Ergebnisse aus.<\/p>\n<p class=\"p1\">Die Elektroden bestehen aus speziell behandelten Legierungen, die starken \u00e4u\u00dferen Einfl\u00fcssen standhalten und nicht leicht besch\u00e4digt werden. Das vollst\u00e4ndig versiegelte IP68-Design ist s\u00e4ure- und laugenbest\u00e4ndig und kann zur langfristigen dynamischen Detektion im Boden vergraben oder direkt in Wasser gelegt werden. Es ist weniger anf\u00e4llig f\u00fcr Bodensalzgehalt und f\u00fcr verschiedene Bodenarten geeignet. Es kann lange im Boden vergraben werden, ist best\u00e4ndig gegen Langzeitelektrolyse, Korrosion und Vakuumverguss und ist vollst\u00e4ndig wasserdicht.<\/p>","protected":false},"excerpt":{"rendered":"<p><span class=\"s1\">ES-S<\/span>Der Bodensensor der Serie 225 ist ein hochpr\u00e4ziser und empfindlicher Sensor zur Online-Messung von Bodenfeuchtigkeit, Temperatur, Leitf\u00e4higkeit (EC), pH-Wert und NPK. Dieser Sensor eignet sich zur Messung von Bodentemperatur und -feuchtigkeit.<\/p>","protected":false},"featured_media":6134,"template":"","meta":{"om_disable_all_campaigns":false,"_monsterinsights_skip_tracking":false,"_monsterinsights_sitenote_active":false,"_monsterinsights_sitenote_note":"","_monsterinsights_sitenote_category":0,"site-sidebar-layout":"default","site-content-layout":"default","ast-site-content-layout":"default","site-content-style":"default","site-sidebar-style":"default","ast-global-header-display":"","ast-banner-title-visibility":"","ast-main-header-display":"","ast-hfb-above-header-display":"","ast-hfb-below-header-display":"","ast-hfb-mobile-header-display":"","site-post-title":"","ast-breadcrumbs-content":"","ast-featured-img":"","footer-sml-layout":"","ast-disable-related-posts":"","theme-transparent-header-meta":"default","adv-header-id-meta":"","stick-header-meta":"","header-above-stick-meta":"","header-main-stick-meta":"","header-below-stick-meta":"","astra-migrate-meta-layouts":"set","ast-page-background-enabled":"default","ast-page-background-meta":{"desktop":{"background-color":"","background-image":"","background-repeat":"repeat","background-position":"center center","background-size":"auto","background-attachment":"scroll","background-type":"","background-media":"","overlay-type":"","overlay-color":"","overlay-opacity":"","overlay-gradient":""},"tablet":{"background-color":"","background-image":"","background-repeat":"repeat","background-position":"center center","background-size":"auto","background-attachment":"scroll","background-type":"","background-media":"","overlay-type":"","overlay-color":"","overlay-opacity":"","overlay-gradient":""},"mobile":{"background-color":"","background-image":"","background-repeat":"repeat","background-position":"center center","background-size":"auto","background-attachment":"scroll","background-type":"","background-media":"","overlay-type":"","overlay-color":"","overlay-opacity":"","overlay-gradient":""}},"ast-content-background-meta":{"desktop":{"background-color":"var(--ast-global-color-5)","background-image":"","background-repeat":"repeat","background-position":"center center","background-size":"auto","background-attachment":"scroll","background-type":"","background-media":"","overlay-type":"","overlay-color":"","overlay-opacity":"","overlay-gradient":""},"tablet":{"background-color":"var(--ast-global-color-5)","background-image":"","background-repeat":"repeat","background-position":"center center","background-size":"auto","background-attachment":"scroll","background-type":"","background-media":"","overlay-type":"","overlay-color":"","overlay-opacity":"","overlay-gradient":""},"mobile":{"background-color":"var(--ast-global-color-5)","background-image":"","background-repeat":"repeat","background-position":"center center","background-size":"auto","background-attachment":"scroll","background-type":"","background-media":"","overlay-type":"","overlay-color":"","overlay-opacity":"","overlay-gradient":""}},"_joinchat":[]},"product_brand":[],"product_cat":[94,95],"product_tag":[292],"class_list":{"0":"post-5037","1":"product","2":"type-product","3":"status-publish","4":"has-post-thumbnail","6":"product_cat-agro-soil-sensor","7":"product_cat-soil-sensor","8":"product_tag-soil-sensor","9":"desktop-align-left","10":"tablet-align-left","11":"mobile-align-left","13":"first","14":"instock","15":"shipping-taxable","16":"purchasable","17":"product-type-simple"},"jetpack_sharing_enabled":true,"_links":{"self":[{"href":"https:\/\/ecosentec.com\/de\/wp-json\/wp\/v2\/product\/5037","targetHints":{"allow":["GET"]}}],"collection":[{"href":"https:\/\/ecosentec.com\/de\/wp-json\/wp\/v2\/product"}],"about":[{"href":"https:\/\/ecosentec.com\/de\/wp-json\/wp\/v2\/types\/product"}],"version-history":[{"count":2,"href":"https:\/\/ecosentec.com\/de\/wp-json\/wp\/v2\/product\/5037\/revisions"}],"predecessor-version":[{"id":6135,"href":"https:\/\/ecosentec.com\/de\/wp-json\/wp\/v2\/product\/5037\/revisions\/6135"}],"wp:featuredmedia":[{"embeddable":true,"href":"https:\/\/ecosentec.com\/de\/wp-json\/wp\/v2\/media\/6134"}],"wp:attachment":[{"href":"https:\/\/ecosentec.com\/de\/wp-json\/wp\/v2\/media?parent=5037"}],"wp:term":[{"taxonomy":"product_brand","embeddable":true,"href":"https:\/\/ecosentec.com\/de\/wp-json\/wp\/v2\/product_brand?post=5037"},{"taxonomy":"product_cat","embeddable":true,"href":"https:\/\/ecosentec.com\/de\/wp-json\/wp\/v2\/product_cat?post=5037"},{"taxonomy":"product_tag","embeddable":true,"href":"https:\/\/ecosentec.com\/de\/wp-json\/wp\/v2\/product_tag?post=5037"}],"curies":[{"name":"wp","href":"https:\/\/api.w.org\/{rel}","templated":true}]}}