{"id":5036,"date":"2025-03-27T08:51:46","date_gmt":"2025-03-27T08:51:46","guid":{"rendered":"https:\/\/ecosentec.com\/?post_type=product&#038;p=5036"},"modified":"2025-06-26T09:33:43","modified_gmt":"2025-06-26T09:33:43","slug":"touch-lcd-luft-und-gassensor","status":"publish","type":"product","link":"https:\/\/ecosentec.com\/de\/produkt\/touch-lcd-luft-und-gassensor\/","title":{"rendered":"ES-A340 Touch-LCD-Luft- und Gassensor"},"content":{"rendered":"<p class=\"p1\">Der ES-A340 Luftqualit\u00e4ts-Multifaktor-Transmitter verf\u00fcgt \u00fcber ein integriertes gro\u00dfes LCD-Display, eine benutzerfreundliche Oberfl\u00e4che und ist einfach zu bedienen. Er dient zur Erfassung von Temperatur, Luftfeuchtigkeit, PM2,5, PM10, TSP, Luftdruck, Licht, L\u00e4rm, Geruch, TVOC, CO2, Formaldehyd, O3, CO, CH4, O2, SO2, NO2, H2, H2S, NH3, Rauch und anderen Faktoren in der Luft und deckt grunds\u00e4tzlich alle Indikatoren ab, die die Luftqualit\u00e4t widerspiegeln.<\/p>\n<p class=\"p1\">Der ES-A340 Touch-LCD-Luft- und Gassensor verwendet importierte Sensoren und Steuerchips mit hoher Aufl\u00f6sung und guter Stabilit\u00e4t. Das Ger\u00e4t verf\u00fcgt \u00fcber eine Weitspannungsversorgung (10\u201330 V Gleichstrom), einen 485-Signalausgang, das Standard-ModBus-RTU-Kommunikationsprotokoll, einstellbare ModBus-Adresse und ver\u00e4nderbare Baudrate. Die Kommunikationsdistanz betr\u00e4gt bis zu 2000 Meter.<\/p>","protected":false},"excerpt":{"rendered":"<p>Der ES-A340 Touch-LCD-Luft- und Gassensor verf\u00fcgt \u00fcber ein integriertes Gro\u00dfbild-LCD, eine benutzerfreundliche Oberfl\u00e4che und ist einfach zu bedienen. Er dient zur Erfassung von Temperatur, Luftfeuchtigkeit, PM2,5, PM10, TSP, Luftdruck, Licht, L\u00e4rm, Geruch, TVOC, CO2, Formaldehyd, O3, CO, CH4, O2, SO2, NO2, H2, H2S, NH3, Rauch und anderen Faktoren in der Luftumgebung und deckt grunds\u00e4tzlich alle Indikatoren ab, die die Luftqualit\u00e4t widerspiegeln.<\/p>","protected":false},"featured_media":6047,"template":"","meta":{"om_disable_all_campaigns":false,"_monsterinsights_skip_tracking":false,"_monsterinsights_sitenote_active":false,"_monsterinsights_sitenote_note":"","_monsterinsights_sitenote_category":0,"site-sidebar-layout":"default","site-content-layout":"default","ast-site-content-layout":"default","site-content-style":"default","site-sidebar-style":"default","ast-global-header-display":"","ast-banner-title-visibility":"","ast-main-header-display":"","ast-hfb-above-header-display":"","ast-hfb-below-header-display":"","ast-hfb-mobile-header-display":"","site-post-title":"","ast-breadcrumbs-content":"","ast-featured-img":"","footer-sml-layout":"","ast-disable-related-posts":"","theme-transparent-header-meta":"default","adv-header-id-meta":"","stick-header-meta":"","header-above-stick-meta":"","header-main-stick-meta":"","header-below-stick-meta":"","astra-migrate-meta-layouts":"set","ast-page-background-enabled":"default","ast-page-background-meta":{"desktop":{"background-color":"","background-image":"","background-repeat":"repeat","background-position":"center center","background-size":"auto","background-attachment":"scroll","background-type":"","background-media":"","overlay-type":"","overlay-color":"","overlay-opacity":"","overlay-gradient":""},"tablet":{"background-color":"","background-image":"","background-repeat":"repeat","background-position":"center center","background-size":"auto","background-attachment":"scroll","background-type":"","background-media":"","overlay-type":"","overlay-color":"","overlay-opacity":"","overlay-gradient":""},"mobile":{"background-color":"","background-image":"","background-repeat":"repeat","background-position":"center center","background-size":"auto","background-attachment":"scroll","background-type":"","background-media":"","overlay-type":"","overlay-color":"","overlay-opacity":"","overlay-gradient":""}},"ast-content-background-meta":{"desktop":{"background-color":"var(--ast-global-color-5)","background-image":"","background-repeat":"repeat","background-position":"center center","background-size":"auto","background-attachment":"scroll","background-type":"","background-media":"","overlay-type":"","overlay-color":"","overlay-opacity":"","overlay-gradient":""},"tablet":{"background-color":"var(--ast-global-color-5)","background-image":"","background-repeat":"repeat","background-position":"center center","background-size":"auto","background-attachment":"scroll","background-type":"","background-media":"","overlay-type":"","overlay-color":"","overlay-opacity":"","overlay-gradient":""},"mobile":{"background-color":"var(--ast-global-color-5)","background-image":"","background-repeat":"repeat","background-position":"center center","background-size":"auto","background-attachment":"scroll","background-type":"","background-media":"","overlay-type":"","overlay-color":"","overlay-opacity":"","overlay-gradient":""}},"_joinchat":[]},"product_brand":[],"product_cat":[91,97,89,259,93,92,90],"product_tag":[298],"class_list":{"0":"post-5036","1":"product","2":"type-product","3":"status-publish","4":"has-post-thumbnail","6":"product_cat-air-quality-pm-sensor","7":"product_cat-all-in-one-ambient-sensor","8":"product_cat-ambient-sensor","9":"product_cat-barometric-pressure-sensor","10":"product_cat-gas-concentration-sensor","11":"product_cat-noise-sensor","12":"product_cat-temperature-humidity-sensor","13":"product_tag-gas-detector","14":"desktop-align-left","15":"tablet-align-left","16":"mobile-align-left","18":"first","19":"instock","20":"shipping-taxable","21":"purchasable","22":"product-type-simple"},"jetpack_sharing_enabled":true,"_links":{"self":[{"href":"https:\/\/ecosentec.com\/de\/wp-json\/wp\/v2\/product\/5036","targetHints":{"allow":["GET"]}}],"collection":[{"href":"https:\/\/ecosentec.com\/de\/wp-json\/wp\/v2\/product"}],"about":[{"href":"https:\/\/ecosentec.com\/de\/wp-json\/wp\/v2\/types\/product"}],"version-history":[{"count":2,"href":"https:\/\/ecosentec.com\/de\/wp-json\/wp\/v2\/product\/5036\/revisions"}],"predecessor-version":[{"id":6048,"href":"https:\/\/ecosentec.com\/de\/wp-json\/wp\/v2\/product\/5036\/revisions\/6048"}],"wp:featuredmedia":[{"embeddable":true,"href":"https:\/\/ecosentec.com\/de\/wp-json\/wp\/v2\/media\/6047"}],"wp:attachment":[{"href":"https:\/\/ecosentec.com\/de\/wp-json\/wp\/v2\/media?parent=5036"}],"wp:term":[{"taxonomy":"product_brand","embeddable":true,"href":"https:\/\/ecosentec.com\/de\/wp-json\/wp\/v2\/product_brand?post=5036"},{"taxonomy":"product_cat","embeddable":true,"href":"https:\/\/ecosentec.com\/de\/wp-json\/wp\/v2\/product_cat?post=5036"},{"taxonomy":"product_tag","embeddable":true,"href":"https:\/\/ecosentec.com\/de\/wp-json\/wp\/v2\/product_tag?post=5036"}],"curies":[{"name":"wp","href":"https:\/\/api.w.org\/{rel}","templated":true}]}}