{"id":5034,"date":"2025-03-27T08:51:45","date_gmt":"2025-03-27T08:51:45","guid":{"rendered":"https:\/\/ecosentec.com\/?post_type=product&#038;p=5034"},"modified":"2025-07-08T07:42:51","modified_gmt":"2025-07-08T07:42:51","slug":"deckenluft-und-gassensor","status":"publish","type":"product","link":"https:\/\/ecosentec.com\/de\/produkt\/deckenluft-und-gassensor\/","title":{"rendered":"ES-A230 Deckenluft- und Gassensor"},"content":{"rendered":"<p class=\"p1\">Der Luft- und Gassensor ES-A230 ist ein von unserem Unternehmen unabh\u00e4ngig entwickelter Mehrelement-Luftumgebungstransmitter, der zur Erfassung von Temperatur, Feuchtigkeit, PM2,5, PM10, Luftdruck, Licht, L\u00e4rm, TVOC, CO2, Formaldehyd, O3, CO in der Luftumgebung, CH4, O2, SO2, NO2, H2, H2S, NH3 und anderen Elementen verwendet wird und grunds\u00e4tzlich verschiedene Indikatoren abdeckt, die die Luftqualit\u00e4t widerspiegeln.<\/p>\n<p class=\"p1\">Der Sender verwendet einen importierten Sensor- und Steuerchip, der sich durch hohe Pr\u00e4zision, hohe Aufl\u00f6sung und gute Stabilit\u00e4t auszeichnet. Das Ger\u00e4t verf\u00fcgt \u00fcber eine Weitspannungsversorgung von 10\u201330 V Gleichstrom, einen 485-Signalausgang und das Standard-Modbus-RTU-Kommunikationsprotokoll. Die ModBus-Adresse kann eingestellt und die Baudrate ge\u00e4ndert werden. Die Kommunikationsdistanz betr\u00e4gt bis zu 2000 Meter. Weit verbreitet in Geb\u00e4ude-HVAC, Geb\u00e4udeenergieeinsparung, Smart Home, Schulen, Krankenh\u00e4usern, Flughafenstationen und anderen Einrichtungen.<\/p>","protected":false},"excerpt":{"rendered":"<p>Der Luft- und Gassensor ES-A230 ist ein von unserem Unternehmen unabh\u00e4ngig entwickelter Mehrelement-Luftumgebungstransmitter, der zur Erfassung von Temperatur, Feuchtigkeit, PM2,5, PM10, Luftdruck, Licht, L\u00e4rm, TVOC, CO2, Formaldehyd, O3, CO in der Luftumgebung, CH4, O2, SO2, NO2, H2, H2S, NH3 und anderen Elementen verwendet wird und grunds\u00e4tzlich verschiedene Indikatoren abdeckt, die die Luftqualit\u00e4t widerspiegeln.<\/p>","protected":false},"featured_media":6037,"template":"","meta":{"om_disable_all_campaigns":false,"_monsterinsights_skip_tracking":false,"_monsterinsights_sitenote_active":false,"_monsterinsights_sitenote_note":"","_monsterinsights_sitenote_category":0,"site-sidebar-layout":"default","site-content-layout":"default","ast-site-content-layout":"default","site-content-style":"default","site-sidebar-style":"default","ast-global-header-display":"","ast-banner-title-visibility":"","ast-main-header-display":"","ast-hfb-above-header-display":"","ast-hfb-below-header-display":"","ast-hfb-mobile-header-display":"","site-post-title":"","ast-breadcrumbs-content":"","ast-featured-img":"","footer-sml-layout":"","ast-disable-related-posts":"","theme-transparent-header-meta":"default","adv-header-id-meta":"","stick-header-meta":"","header-above-stick-meta":"","header-main-stick-meta":"","header-below-stick-meta":"","astra-migrate-meta-layouts":"set","ast-page-background-enabled":"default","ast-page-background-meta":{"desktop":{"background-color":"","background-image":"","background-repeat":"repeat","background-position":"center center","background-size":"auto","background-attachment":"scroll","background-type":"","background-media":"","overlay-type":"","overlay-color":"","overlay-opacity":"","overlay-gradient":""},"tablet":{"background-color":"","background-image":"","background-repeat":"repeat","background-position":"center center","background-size":"auto","background-attachment":"scroll","background-type":"","background-media":"","overlay-type":"","overlay-color":"","overlay-opacity":"","overlay-gradient":""},"mobile":{"background-color":"","background-image":"","background-repeat":"repeat","background-position":"center center","background-size":"auto","background-attachment":"scroll","background-type":"","background-media":"","overlay-type":"","overlay-color":"","overlay-opacity":"","overlay-gradient":""}},"ast-content-background-meta":{"desktop":{"background-color":"var(--ast-global-color-5)","background-image":"","background-repeat":"repeat","background-position":"center center","background-size":"auto","background-attachment":"scroll","background-type":"","background-media":"","overlay-type":"","overlay-color":"","overlay-opacity":"","overlay-gradient":""},"tablet":{"background-color":"var(--ast-global-color-5)","background-image":"","background-repeat":"repeat","background-position":"center center","background-size":"auto","background-attachment":"scroll","background-type":"","background-media":"","overlay-type":"","overlay-color":"","overlay-opacity":"","overlay-gradient":""},"mobile":{"background-color":"var(--ast-global-color-5)","background-image":"","background-repeat":"repeat","background-position":"center center","background-size":"auto","background-attachment":"scroll","background-type":"","background-media":"","overlay-type":"","overlay-color":"","overlay-opacity":"","overlay-gradient":""}},"_joinchat":[]},"product_brand":[],"product_cat":[91,97,89,259,93,92,90],"product_tag":[301,298],"class_list":{"0":"post-5034","1":"product","2":"type-product","3":"status-publish","4":"has-post-thumbnail","6":"product_cat-air-quality-pm-sensor","7":"product_cat-all-in-one-ambient-sensor","8":"product_cat-ambient-sensor","9":"product_cat-barometric-pressure-sensor","10":"product_cat-gas-concentration-sensor","11":"product_cat-noise-sensor","12":"product_cat-temperature-humidity-sensor","13":"product_tag-ambient-sensor","14":"product_tag-gas-detector","15":"desktop-align-left","16":"tablet-align-left","17":"mobile-align-left","19":"first","20":"instock","21":"shipping-taxable","22":"purchasable","23":"product-type-simple"},"jetpack_sharing_enabled":true,"_links":{"self":[{"href":"https:\/\/ecosentec.com\/de\/wp-json\/wp\/v2\/product\/5034","targetHints":{"allow":["GET"]}}],"collection":[{"href":"https:\/\/ecosentec.com\/de\/wp-json\/wp\/v2\/product"}],"about":[{"href":"https:\/\/ecosentec.com\/de\/wp-json\/wp\/v2\/types\/product"}],"version-history":[{"count":2,"href":"https:\/\/ecosentec.com\/de\/wp-json\/wp\/v2\/product\/5034\/revisions"}],"predecessor-version":[{"id":6039,"href":"https:\/\/ecosentec.com\/de\/wp-json\/wp\/v2\/product\/5034\/revisions\/6039"}],"wp:featuredmedia":[{"embeddable":true,"href":"https:\/\/ecosentec.com\/de\/wp-json\/wp\/v2\/media\/6037"}],"wp:attachment":[{"href":"https:\/\/ecosentec.com\/de\/wp-json\/wp\/v2\/media?parent=5034"}],"wp:term":[{"taxonomy":"product_brand","embeddable":true,"href":"https:\/\/ecosentec.com\/de\/wp-json\/wp\/v2\/product_brand?post=5034"},{"taxonomy":"product_cat","embeddable":true,"href":"https:\/\/ecosentec.com\/de\/wp-json\/wp\/v2\/product_cat?post=5034"},{"taxonomy":"product_tag","embeddable":true,"href":"https:\/\/ecosentec.com\/de\/wp-json\/wp\/v2\/product_tag?post=5034"}],"curies":[{"name":"wp","href":"https:\/\/api.w.org\/{rel}","templated":true}]}}