{"id":5025,"date":"2025-03-27T08:51:44","date_gmt":"2025-03-27T08:51:44","guid":{"rendered":"https:\/\/ecosentec.com\/?post_type=product&#038;p=5025"},"modified":"2025-04-10T08:57:10","modified_gmt":"2025-04-10T08:57:10","slug":"temperatur-und-feuchtigkeitssensor-fur-din-schienen","status":"publish","type":"product","link":"https:\/\/ecosentec.com\/de\/produkt\/temperatur-und-feuchtigkeitssensor-fur-din-schienen\/","title":{"rendered":"ES-A240 Temperatur- und Feuchtigkeitssensor f\u00fcr DIN-Schienen"},"content":{"rendered":"<p class=\"p1\">Die relative Luftfeuchtigkeit ist das Verh\u00e4ltnis der absoluten Luftfeuchtigkeit zur ges\u00e4ttigten absoluten Luftfeuchtigkeit bei derselben Temperatur, und die Zahl ist ein Prozentsatz. (d. h. in einem bestimmten Zeitraum der Prozentsatz des in der Luft an einem bestimmten Ort enthaltenen Wasserdampfs zum ges\u00e4ttigten Wasserdampf bei dieser Temperatur), ausgedr\u00fcckt in RH.<\/p>\n<p class=\"p1\">Der Schienentemperatur- und Feuchtigkeitssensor ES-A240 verwendet einen importierten digitalen Temperatur- und Feuchtigkeitssensor, der w\u00e4hrend der Produktion sorgf\u00e4ltig kalibriert wurde. Die Kalibrierungsdaten werden im internen Speicher gespeichert. Der Sensor f\u00fcr relative Luftfeuchtigkeit und Temperatur verf\u00fcgt \u00fcber einen digitalen Ausgang und ist vollst\u00e4ndig interrotierbar, sodass kein komplexer Kalibrierungs- und Kalibrierprozess erforderlich ist. Er zeichnet sich durch herausragende Messgenauigkeit, Linearit\u00e4t, Wiederholbarkeit, Interrotation und Konsistenz aus. Anpassung an Umgebungsger\u00e4te, Integration von Instrumenten und Ger\u00e4ten sowie allgemeine Umweltpr\u00fcfungen sind m\u00f6glich.<\/p>","protected":false},"excerpt":{"rendered":"<p>Der Temperatur- und Feuchtigkeitssensor ES-A240 f\u00fcr DIN-Schienen verwendet einen importierten digitalen Temperatur- und Feuchtigkeitssensor, der w\u00e4hrend der Produktion sorgf\u00e4ltig kalibriert wurde, und die Kalibrierungsdaten werden im internen Speicher gespeichert.<\/p>","protected":false},"featured_media":6059,"template":"","meta":{"om_disable_all_campaigns":false,"_monsterinsights_skip_tracking":false,"_monsterinsights_sitenote_active":false,"_monsterinsights_sitenote_note":"","_monsterinsights_sitenote_category":0,"site-sidebar-layout":"default","site-content-layout":"default","ast-site-content-layout":"default","site-content-style":"default","site-sidebar-style":"default","ast-global-header-display":"","ast-banner-title-visibility":"","ast-main-header-display":"","ast-hfb-above-header-display":"","ast-hfb-below-header-display":"","ast-hfb-mobile-header-display":"","site-post-title":"","ast-breadcrumbs-content":"","ast-featured-img":"","footer-sml-layout":"","ast-disable-related-posts":"","theme-transparent-header-meta":"default","adv-header-id-meta":"","stick-header-meta":"","header-above-stick-meta":"","header-main-stick-meta":"","header-below-stick-meta":"","astra-migrate-meta-layouts":"set","ast-page-background-enabled":"default","ast-page-background-meta":{"desktop":{"background-color":"","background-image":"","background-repeat":"repeat","background-position":"center center","background-size":"auto","background-attachment":"scroll","background-type":"","background-media":"","overlay-type":"","overlay-color":"","overlay-opacity":"","overlay-gradient":""},"tablet":{"background-color":"","background-image":"","background-repeat":"repeat","background-position":"center center","background-size":"auto","background-attachment":"scroll","background-type":"","background-media":"","overlay-type":"","overlay-color":"","overlay-opacity":"","overlay-gradient":""},"mobile":{"background-color":"","background-image":"","background-repeat":"repeat","background-position":"center center","background-size":"auto","background-attachment":"scroll","background-type":"","background-media":"","overlay-type":"","overlay-color":"","overlay-opacity":"","overlay-gradient":""}},"ast-content-background-meta":{"desktop":{"background-color":"var(--ast-global-color-5)","background-image":"","background-repeat":"repeat","background-position":"center center","background-size":"auto","background-attachment":"scroll","background-type":"","background-media":"","overlay-type":"","overlay-color":"","overlay-opacity":"","overlay-gradient":""},"tablet":{"background-color":"var(--ast-global-color-5)","background-image":"","background-repeat":"repeat","background-position":"center center","background-size":"auto","background-attachment":"scroll","background-type":"","background-media":"","overlay-type":"","overlay-color":"","overlay-opacity":"","overlay-gradient":""},"mobile":{"background-color":"var(--ast-global-color-5)","background-image":"","background-repeat":"repeat","background-position":"center center","background-size":"auto","background-attachment":"scroll","background-type":"","background-media":"","overlay-type":"","overlay-color":"","overlay-opacity":"","overlay-gradient":""}},"_joinchat":[]},"product_brand":[],"product_cat":[89,90],"product_tag":[],"class_list":{"0":"post-5025","1":"product","2":"type-product","3":"status-publish","4":"has-post-thumbnail","6":"product_cat-ambient-sensor","7":"product_cat-temperature-humidity-sensor","8":"desktop-align-left","9":"tablet-align-left","10":"mobile-align-left","12":"first","13":"instock","14":"shipping-taxable","15":"purchasable","16":"product-type-simple"},"jetpack_sharing_enabled":true,"_links":{"self":[{"href":"https:\/\/ecosentec.com\/de\/wp-json\/wp\/v2\/product\/5025","targetHints":{"allow":["GET"]}}],"collection":[{"href":"https:\/\/ecosentec.com\/de\/wp-json\/wp\/v2\/product"}],"about":[{"href":"https:\/\/ecosentec.com\/de\/wp-json\/wp\/v2\/types\/product"}],"version-history":[{"count":2,"href":"https:\/\/ecosentec.com\/de\/wp-json\/wp\/v2\/product\/5025\/revisions"}],"predecessor-version":[{"id":6061,"href":"https:\/\/ecosentec.com\/de\/wp-json\/wp\/v2\/product\/5025\/revisions\/6061"}],"wp:featuredmedia":[{"embeddable":true,"href":"https:\/\/ecosentec.com\/de\/wp-json\/wp\/v2\/media\/6059"}],"wp:attachment":[{"href":"https:\/\/ecosentec.com\/de\/wp-json\/wp\/v2\/media?parent=5025"}],"wp:term":[{"taxonomy":"product_brand","embeddable":true,"href":"https:\/\/ecosentec.com\/de\/wp-json\/wp\/v2\/product_brand?post=5025"},{"taxonomy":"product_cat","embeddable":true,"href":"https:\/\/ecosentec.com\/de\/wp-json\/wp\/v2\/product_cat?post=5025"},{"taxonomy":"product_tag","embeddable":true,"href":"https:\/\/ecosentec.com\/de\/wp-json\/wp\/v2\/product_tag?post=5025"}],"curies":[{"name":"wp","href":"https:\/\/api.w.org\/{rel}","templated":true}]}}