{"id":5023,"date":"2025-03-27T08:51:44","date_gmt":"2025-03-27T08:51:44","guid":{"rendered":"https:\/\/ecosentec.com\/?post_type=product&#038;p=5023"},"modified":"2025-04-10T08:50:38","modified_gmt":"2025-04-10T08:50:38","slug":"temperatur-und-feuchtigkeitssensor","status":"publish","type":"product","link":"https:\/\/ecosentec.com\/de\/produkt\/temperatur-und-feuchtigkeitssensor\/","title":{"rendered":"Temperatur- und Feuchtigkeitssensor ES-A220"},"content":{"rendered":"<p class=\"p1\">Der Temperatur- und Feuchtigkeitssensor ES-A220 ist ein hochwertiges Wandgeh\u00e4use mit Schutzart IP65, regen- und schneefest, guter Luftdurchl\u00e4ssigkeit und einer Anzeigefunktion, die die aktuelle Temperatur und Luftfeuchtigkeit in Echtzeit anzeigt. Die Schaltung verwendet einen industrietauglichen Mikroprozessorchip aus den USA und einen importierten hochpr\u00e4zisen Temperatursensor, um h\u00f6chste Produktzuverl\u00e4ssigkeit, hohe Pr\u00e4zision und gute Austauschbarkeit zu gew\u00e4hrleisten. Das Produkt verf\u00fcgt \u00fcber eine k\u00f6rnig gesinterte F\u00fchlerh\u00fclle. Der F\u00fchler ist direkt mit dem Geh\u00e4use verbunden. Verschiedene F\u00fchler sind optional erh\u00e4ltlich. Die verl\u00e4ngerte F\u00fchlerleitung kann auf 30 Meter verl\u00e4ngert werden (Standardl\u00e4nge: 0,6 Meter).<\/p>\n<p class=\"p1\">Es unterst\u00fctzt mehrere Signalausg\u00e4nge von RS485\/4\u201320 mA\/0\u201310 V\/0\u20135 V, die maximale Kommunikationsdistanz von RS485 betr\u00e4gt 2000 Meter, Standard-Modbus-Protokoll und unterst\u00fctzt sekund\u00e4re Entwicklung.<\/p>","protected":false},"excerpt":{"rendered":"<p>Der Temperatur- und Feuchtigkeitssensor ES-A220 ist ein wandmontiertes High-End-Geh\u00e4use mit Schutzart IP65, regen- und schneefest, guter Luftdurchl\u00e4ssigkeit und einer Anzeigefunktion, die die aktuelle Temperatur und Luftfeuchtigkeit in Echtzeit anzeigen kann.<\/p>","protected":false},"featured_media":6052,"template":"","meta":{"om_disable_all_campaigns":false,"_monsterinsights_skip_tracking":false,"_monsterinsights_sitenote_active":false,"_monsterinsights_sitenote_note":"","_monsterinsights_sitenote_category":0,"site-sidebar-layout":"default","site-content-layout":"default","ast-site-content-layout":"default","site-content-style":"default","site-sidebar-style":"default","ast-global-header-display":"","ast-banner-title-visibility":"","ast-main-header-display":"","ast-hfb-above-header-display":"","ast-hfb-below-header-display":"","ast-hfb-mobile-header-display":"","site-post-title":"","ast-breadcrumbs-content":"","ast-featured-img":"","footer-sml-layout":"","ast-disable-related-posts":"","theme-transparent-header-meta":"default","adv-header-id-meta":"","stick-header-meta":"","header-above-stick-meta":"","header-main-stick-meta":"","header-below-stick-meta":"","astra-migrate-meta-layouts":"set","ast-page-background-enabled":"default","ast-page-background-meta":{"desktop":{"background-color":"","background-image":"","background-repeat":"repeat","background-position":"center center","background-size":"auto","background-attachment":"scroll","background-type":"","background-media":"","overlay-type":"","overlay-color":"","overlay-opacity":"","overlay-gradient":""},"tablet":{"background-color":"","background-image":"","background-repeat":"repeat","background-position":"center center","background-size":"auto","background-attachment":"scroll","background-type":"","background-media":"","overlay-type":"","overlay-color":"","overlay-opacity":"","overlay-gradient":""},"mobile":{"background-color":"","background-image":"","background-repeat":"repeat","background-position":"center center","background-size":"auto","background-attachment":"scroll","background-type":"","background-media":"","overlay-type":"","overlay-color":"","overlay-opacity":"","overlay-gradient":""}},"ast-content-background-meta":{"desktop":{"background-color":"var(--ast-global-color-5)","background-image":"","background-repeat":"repeat","background-position":"center center","background-size":"auto","background-attachment":"scroll","background-type":"","background-media":"","overlay-type":"","overlay-color":"","overlay-opacity":"","overlay-gradient":""},"tablet":{"background-color":"var(--ast-global-color-5)","background-image":"","background-repeat":"repeat","background-position":"center center","background-size":"auto","background-attachment":"scroll","background-type":"","background-media":"","overlay-type":"","overlay-color":"","overlay-opacity":"","overlay-gradient":""},"mobile":{"background-color":"var(--ast-global-color-5)","background-image":"","background-repeat":"repeat","background-position":"center center","background-size":"auto","background-attachment":"scroll","background-type":"","background-media":"","overlay-type":"","overlay-color":"","overlay-opacity":"","overlay-gradient":""}},"_joinchat":[]},"product_brand":[],"product_cat":[89,90],"product_tag":[],"class_list":{"0":"post-5023","1":"product","2":"type-product","3":"status-publish","4":"has-post-thumbnail","6":"product_cat-ambient-sensor","7":"product_cat-temperature-humidity-sensor","8":"desktop-align-left","9":"tablet-align-left","10":"mobile-align-left","12":"first","13":"instock","14":"shipping-taxable","15":"purchasable","16":"product-type-simple"},"jetpack_sharing_enabled":true,"_links":{"self":[{"href":"https:\/\/ecosentec.com\/de\/wp-json\/wp\/v2\/product\/5023","targetHints":{"allow":["GET"]}}],"collection":[{"href":"https:\/\/ecosentec.com\/de\/wp-json\/wp\/v2\/product"}],"about":[{"href":"https:\/\/ecosentec.com\/de\/wp-json\/wp\/v2\/types\/product"}],"version-history":[{"count":3,"href":"https:\/\/ecosentec.com\/de\/wp-json\/wp\/v2\/product\/5023\/revisions"}],"predecessor-version":[{"id":6058,"href":"https:\/\/ecosentec.com\/de\/wp-json\/wp\/v2\/product\/5023\/revisions\/6058"}],"wp:featuredmedia":[{"embeddable":true,"href":"https:\/\/ecosentec.com\/de\/wp-json\/wp\/v2\/media\/6052"}],"wp:attachment":[{"href":"https:\/\/ecosentec.com\/de\/wp-json\/wp\/v2\/media?parent=5023"}],"wp:term":[{"taxonomy":"product_brand","embeddable":true,"href":"https:\/\/ecosentec.com\/de\/wp-json\/wp\/v2\/product_brand?post=5023"},{"taxonomy":"product_cat","embeddable":true,"href":"https:\/\/ecosentec.com\/de\/wp-json\/wp\/v2\/product_cat?post=5023"},{"taxonomy":"product_tag","embeddable":true,"href":"https:\/\/ecosentec.com\/de\/wp-json\/wp\/v2\/product_tag?post=5023"}],"curies":[{"name":"wp","href":"https:\/\/api.w.org\/{rel}","templated":true}]}}