{"id":4960,"date":"2025-03-27T08:12:51","date_gmt":"2025-03-27T08:12:51","guid":{"rendered":"https:\/\/ecosentec.com\/?post_type=product&#038;p=4960"},"modified":"2025-05-29T10:40:11","modified_gmt":"2025-05-29T10:40:11","slug":"meteorologische-ultraschallwetterstation","status":"publish","type":"product","link":"https:\/\/ecosentec.com\/de\/produkt\/meteorologische-ultraschallwetterstation\/","title":{"rendered":"ES-W5006 Kompakte meteorologische Ultraschall-Wetterstation"},"content":{"rendered":"<p class=\"p1\">Die integrierte Wetterstation ES-W5006 dient zur \u00dcberwachung meteorologischer Parameter in verschiedenen Bereichen. Dank ihrer hochintegrierten Struktur erm\u00f6glicht sie eine 24-st\u00fcndige Online-\u00dcberwachung meteorologischer Parameter im Freien wie Temperatur, Luftfeuchtigkeit, Windgeschwindigkeit, Windrichtung, Luftdruck, Beleuchtung, Sonneneinstrahlung, Niederschlag, PM2,5, PM10, L\u00e4rm, Kohlenmonoxid, Stickstoffdioxid, Schwefeldioxid, Ozon und weitere Parameter. \u00dcber die digitale Kommunikationsschnittstelle werden mehrere Parameter gleichzeitig an den Benutzer ausgegeben.<\/p>","protected":false},"excerpt":{"rendered":"<p>Die integrierte Wetterstation ES-W5006 dient zur \u00dcberwachung meteorologischer Parameter in verschiedenen Bereichen. Dank ihrer hochintegrierten Struktur erm\u00f6glicht sie eine 24-st\u00fcndige Online-\u00dcberwachung meteorologischer Parameter im Freien wie Temperatur, Luftfeuchtigkeit, Windgeschwindigkeit, Windrichtung, Luftdruck, Beleuchtung, Sonneneinstrahlung, Niederschlag, PM2,5, PM10, L\u00e4rm, Kohlenmonoxid, Stickstoffdioxid, Schwefeldioxid, Ozon und weitere Parameter.<\/p>","protected":false},"featured_media":6808,"template":"","meta":{"om_disable_all_campaigns":false,"_monsterinsights_skip_tracking":false,"_monsterinsights_sitenote_active":false,"_monsterinsights_sitenote_note":"","_monsterinsights_sitenote_category":0,"site-sidebar-layout":"default","site-content-layout":"default","ast-site-content-layout":"default","site-content-style":"default","site-sidebar-style":"default","ast-global-header-display":"","ast-banner-title-visibility":"","ast-main-header-display":"","ast-hfb-above-header-display":"","ast-hfb-below-header-display":"","ast-hfb-mobile-header-display":"","site-post-title":"","ast-breadcrumbs-content":"","ast-featured-img":"","footer-sml-layout":"","ast-disable-related-posts":"","theme-transparent-header-meta":"default","adv-header-id-meta":"","stick-header-meta":"","header-above-stick-meta":"","header-main-stick-meta":"","header-below-stick-meta":"","astra-migrate-meta-layouts":"set","ast-page-background-enabled":"default","ast-page-background-meta":{"desktop":{"background-color":"","background-image":"","background-repeat":"repeat","background-position":"center center","background-size":"auto","background-attachment":"scroll","background-type":"","background-media":"","overlay-type":"","overlay-color":"","overlay-opacity":"","overlay-gradient":""},"tablet":{"background-color":"","background-image":"","background-repeat":"repeat","background-position":"center center","background-size":"auto","background-attachment":"scroll","background-type":"","background-media":"","overlay-type":"","overlay-color":"","overlay-opacity":"","overlay-gradient":""},"mobile":{"background-color":"","background-image":"","background-repeat":"repeat","background-position":"center center","background-size":"auto","background-attachment":"scroll","background-type":"","background-media":"","overlay-type":"","overlay-color":"","overlay-opacity":"","overlay-gradient":""}},"ast-content-background-meta":{"desktop":{"background-color":"var(--ast-global-color-5)","background-image":"","background-repeat":"repeat","background-position":"center center","background-size":"auto","background-attachment":"scroll","background-type":"","background-media":"","overlay-type":"","overlay-color":"","overlay-opacity":"","overlay-gradient":""},"tablet":{"background-color":"var(--ast-global-color-5)","background-image":"","background-repeat":"repeat","background-position":"center center","background-size":"auto","background-attachment":"scroll","background-type":"","background-media":"","overlay-type":"","overlay-color":"","overlay-opacity":"","overlay-gradient":""},"mobile":{"background-color":"var(--ast-global-color-5)","background-image":"","background-repeat":"repeat","background-position":"center center","background-size":"auto","background-attachment":"scroll","background-type":"","background-media":"","overlay-type":"","overlay-color":"","overlay-opacity":"","overlay-gradient":""}},"_joinchat":[]},"product_brand":[],"product_cat":[87,86],"product_tag":[],"class_list":{"0":"post-4960","1":"product","2":"type-product","3":"status-publish","4":"has-post-thumbnail","6":"product_cat-ultrasonic-weather-station","7":"product_cat-weather-station","8":"desktop-align-left","9":"tablet-align-left","10":"mobile-align-left","12":"first","13":"instock","14":"shipping-taxable","15":"purchasable","16":"product-type-simple"},"jetpack_sharing_enabled":true,"_links":{"self":[{"href":"https:\/\/ecosentec.com\/de\/wp-json\/wp\/v2\/product\/4960","targetHints":{"allow":["GET"]}}],"collection":[{"href":"https:\/\/ecosentec.com\/de\/wp-json\/wp\/v2\/product"}],"about":[{"href":"https:\/\/ecosentec.com\/de\/wp-json\/wp\/v2\/types\/product"}],"version-history":[{"count":2,"href":"https:\/\/ecosentec.com\/de\/wp-json\/wp\/v2\/product\/4960\/revisions"}],"predecessor-version":[{"id":5852,"href":"https:\/\/ecosentec.com\/de\/wp-json\/wp\/v2\/product\/4960\/revisions\/5852"}],"wp:featuredmedia":[{"embeddable":true,"href":"https:\/\/ecosentec.com\/de\/wp-json\/wp\/v2\/media\/6808"}],"wp:attachment":[{"href":"https:\/\/ecosentec.com\/de\/wp-json\/wp\/v2\/media?parent=4960"}],"wp:term":[{"taxonomy":"product_brand","embeddable":true,"href":"https:\/\/ecosentec.com\/de\/wp-json\/wp\/v2\/product_brand?post=4960"},{"taxonomy":"product_cat","embeddable":true,"href":"https:\/\/ecosentec.com\/de\/wp-json\/wp\/v2\/product_cat?post=4960"},{"taxonomy":"product_tag","embeddable":true,"href":"https:\/\/ecosentec.com\/de\/wp-json\/wp\/v2\/product_tag?post=4960"}],"curies":[{"name":"wp","href":"https:\/\/api.w.org\/{rel}","templated":true}]}}