{"id":4959,"date":"2025-03-27T08:12:50","date_gmt":"2025-03-27T08:12:50","guid":{"rendered":"https:\/\/ecosentec.com\/?post_type=product&#038;p=4959"},"modified":"2025-04-02T10:10:07","modified_gmt":"2025-04-02T10:10:07","slug":"kompakte-wetterstation","status":"publish","type":"product","link":"https:\/\/ecosentec.com\/de\/produkt\/kompakte-wetterstation\/","title":{"rendered":"ES-W5004 Kompakte Wetterstation"},"content":{"rendered":"<p class=\"p1\">Die kompakte Wetterstation ES-W5004 ist eine von unserem Unternehmen eigenst\u00e4ndig entwickelte Mehrparameter-Mikrowetterstation, die atmosph\u00e4rische Temperatur, Luftfeuchtigkeit, Windgeschwindigkeit, Windrichtung, Druck, Licht, Sonneneinstrahlung und Niederschlag sowie weitere Parameter erfasst. Sie eignet sich f\u00fcr die \u00dcberwachung und Steuerung des st\u00e4dtischen Stromnetzes, intelligenter Stra\u00dfenlaternen, die Umwelt\u00fcberwachung von Aussichtspunkten, die Agrarmeteorologie, die Autobahnmeteorologie und weitere Bereiche der meteorologischen Parameter\u00fcberwachung. Hohes Preis-Leistungs-Verh\u00e4ltnis.<\/p>","protected":false},"excerpt":{"rendered":"<p>Die kompakte Wetterstation ES-W5004 ist eine von unserem Unternehmen eigenst\u00e4ndig entwickelte Mehrparameter-Mikrowetterstation, die atmosph\u00e4rische Temperatur, Luftfeuchtigkeit, Windgeschwindigkeit, Windrichtung, Druck, Licht, Sonneneinstrahlung und Niederschlag sowie andere Parameter integriert.<\/p>","protected":false},"featured_media":5004,"template":"","meta":{"om_disable_all_campaigns":false,"_monsterinsights_skip_tracking":false,"_monsterinsights_sitenote_active":false,"_monsterinsights_sitenote_note":"","_monsterinsights_sitenote_category":0,"site-sidebar-layout":"default","site-content-layout":"default","ast-site-content-layout":"default","site-content-style":"default","site-sidebar-style":"default","ast-global-header-display":"","ast-banner-title-visibility":"","ast-main-header-display":"","ast-hfb-above-header-display":"","ast-hfb-below-header-display":"","ast-hfb-mobile-header-display":"","site-post-title":"","ast-breadcrumbs-content":"","ast-featured-img":"","footer-sml-layout":"","ast-disable-related-posts":"","theme-transparent-header-meta":"default","adv-header-id-meta":"","stick-header-meta":"","header-above-stick-meta":"","header-main-stick-meta":"","header-below-stick-meta":"","astra-migrate-meta-layouts":"set","ast-page-background-enabled":"default","ast-page-background-meta":{"desktop":{"background-color":"","background-image":"","background-repeat":"repeat","background-position":"center center","background-size":"auto","background-attachment":"scroll","background-type":"","background-media":"","overlay-type":"","overlay-color":"","overlay-opacity":"","overlay-gradient":""},"tablet":{"background-color":"","background-image":"","background-repeat":"repeat","background-position":"center center","background-size":"auto","background-attachment":"scroll","background-type":"","background-media":"","overlay-type":"","overlay-color":"","overlay-opacity":"","overlay-gradient":""},"mobile":{"background-color":"","background-image":"","background-repeat":"repeat","background-position":"center center","background-size":"auto","background-attachment":"scroll","background-type":"","background-media":"","overlay-type":"","overlay-color":"","overlay-opacity":"","overlay-gradient":""}},"ast-content-background-meta":{"desktop":{"background-color":"var(--ast-global-color-5)","background-image":"","background-repeat":"repeat","background-position":"center center","background-size":"auto","background-attachment":"scroll","background-type":"","background-media":"","overlay-type":"","overlay-color":"","overlay-opacity":"","overlay-gradient":""},"tablet":{"background-color":"var(--ast-global-color-5)","background-image":"","background-repeat":"repeat","background-position":"center center","background-size":"auto","background-attachment":"scroll","background-type":"","background-media":"","overlay-type":"","overlay-color":"","overlay-opacity":"","overlay-gradient":""},"mobile":{"background-color":"var(--ast-global-color-5)","background-image":"","background-repeat":"repeat","background-position":"center center","background-size":"auto","background-attachment":"scroll","background-type":"","background-media":"","overlay-type":"","overlay-color":"","overlay-opacity":"","overlay-gradient":""}},"_joinchat":[]},"product_brand":[],"product_cat":[87,86],"product_tag":[],"class_list":{"0":"post-4959","1":"product","2":"type-product","3":"status-publish","4":"has-post-thumbnail","6":"product_cat-ultrasonic-weather-station","7":"product_cat-weather-station","8":"desktop-align-left","9":"tablet-align-left","10":"mobile-align-left","12":"first","13":"instock","14":"shipping-taxable","15":"purchasable","16":"product-type-simple"},"jetpack_sharing_enabled":true,"_links":{"self":[{"href":"https:\/\/ecosentec.com\/de\/wp-json\/wp\/v2\/product\/4959","targetHints":{"allow":["GET"]}}],"collection":[{"href":"https:\/\/ecosentec.com\/de\/wp-json\/wp\/v2\/product"}],"about":[{"href":"https:\/\/ecosentec.com\/de\/wp-json\/wp\/v2\/types\/product"}],"version-history":[{"count":3,"href":"https:\/\/ecosentec.com\/de\/wp-json\/wp\/v2\/product\/4959\/revisions"}],"predecessor-version":[{"id":5856,"href":"https:\/\/ecosentec.com\/de\/wp-json\/wp\/v2\/product\/4959\/revisions\/5856"}],"wp:featuredmedia":[{"embeddable":true,"href":"https:\/\/ecosentec.com\/de\/wp-json\/wp\/v2\/media\/5004"}],"wp:attachment":[{"href":"https:\/\/ecosentec.com\/de\/wp-json\/wp\/v2\/media?parent=4959"}],"wp:term":[{"taxonomy":"product_brand","embeddable":true,"href":"https:\/\/ecosentec.com\/de\/wp-json\/wp\/v2\/product_brand?post=4959"},{"taxonomy":"product_cat","embeddable":true,"href":"https:\/\/ecosentec.com\/de\/wp-json\/wp\/v2\/product_cat?post=4959"},{"taxonomy":"product_tag","embeddable":true,"href":"https:\/\/ecosentec.com\/de\/wp-json\/wp\/v2\/product_tag?post=4959"}],"curies":[{"name":"wp","href":"https:\/\/api.w.org\/{rel}","templated":true}]}}