{"id":4931,"date":"2025-03-27T08:11:57","date_gmt":"2025-03-27T08:11:57","guid":{"rendered":"https:\/\/ecosentec.com\/?post_type=product&#038;p=4931"},"modified":"2025-04-10T10:31:33","modified_gmt":"2025-04-10T10:31:33","slug":"luftdrucksensor","status":"publish","type":"product","link":"https:\/\/ecosentec.com\/de\/produkt\/luftdrucksensor\/","title":{"rendered":"ES-A221 Atmosph\u00e4rendrucksensor"},"content":{"rendered":"<p class=\"p1\">Der Luftdrucksensor ES-A221 verwendet eine importierte hochpr\u00e4zise Messeinheit. Das Ger\u00e4t verf\u00fcgt \u00fcber eine integrierte hochpr\u00e4zise Temperaturkompensation, hohe Stabilit\u00e4t, geringe Drift und hohe Wiederholgenauigkeit. Das Wandgeh\u00e4use l\u00e4sst sich einfach an der Wand befestigen. Er eignet sich f\u00fcr kleine Wetterstationen, H\u00f6henmesser, Gew\u00e4chsh\u00e4user, Archive und andere Orte, an denen Luftdruck\u00fcberwachung und Temperaturmessung erforderlich sind.<\/p>\n<p class=\"p1\">Es integriert Temperatur- und Feuchtigkeitssensoren in einer Einheit und liefert umfassendere Messdaten. Es unterst\u00fctzt 4\u201320 mA, 0\u20135 V\/0\u201310 V, RS485-Ausg\u00e4nge, 485-Signale (Standard-Modbus-RTU-Protokoll), kann bis zu 2000 Meter weit kommunizieren und unterst\u00fctzt die Sekund\u00e4rentwicklung.<\/p>","protected":false},"excerpt":{"rendered":"<p>Der Luftdrucksensor ES-A221 verwendet eine importierte hochpr\u00e4zise Messeinheit. Das Ger\u00e4t verf\u00fcgt \u00fcber eine integrierte hochpr\u00e4zise Temperaturkompensation, hohe Stabilit\u00e4t, geringe Drift und hohe Wiederholgenauigkeit. Das wandmontierte Geh\u00e4use kann einfach an der Wand befestigt werden.<\/p>","protected":false},"featured_media":6105,"template":"","meta":{"om_disable_all_campaigns":false,"_monsterinsights_skip_tracking":false,"_monsterinsights_sitenote_active":false,"_monsterinsights_sitenote_note":"","_monsterinsights_sitenote_category":0,"site-sidebar-layout":"default","site-content-layout":"default","ast-site-content-layout":"default","site-content-style":"default","site-sidebar-style":"default","ast-global-header-display":"","ast-banner-title-visibility":"","ast-main-header-display":"","ast-hfb-above-header-display":"","ast-hfb-below-header-display":"","ast-hfb-mobile-header-display":"","site-post-title":"","ast-breadcrumbs-content":"","ast-featured-img":"","footer-sml-layout":"","ast-disable-related-posts":"","theme-transparent-header-meta":"default","adv-header-id-meta":"","stick-header-meta":"","header-above-stick-meta":"","header-main-stick-meta":"","header-below-stick-meta":"","astra-migrate-meta-layouts":"set","ast-page-background-enabled":"default","ast-page-background-meta":{"desktop":{"background-color":"","background-image":"","background-repeat":"repeat","background-position":"center center","background-size":"auto","background-attachment":"scroll","background-type":"","background-media":"","overlay-type":"","overlay-color":"","overlay-opacity":"","overlay-gradient":""},"tablet":{"background-color":"","background-image":"","background-repeat":"repeat","background-position":"center center","background-size":"auto","background-attachment":"scroll","background-type":"","background-media":"","overlay-type":"","overlay-color":"","overlay-opacity":"","overlay-gradient":""},"mobile":{"background-color":"","background-image":"","background-repeat":"repeat","background-position":"center center","background-size":"auto","background-attachment":"scroll","background-type":"","background-media":"","overlay-type":"","overlay-color":"","overlay-opacity":"","overlay-gradient":""}},"ast-content-background-meta":{"desktop":{"background-color":"var(--ast-global-color-5)","background-image":"","background-repeat":"repeat","background-position":"center center","background-size":"auto","background-attachment":"scroll","background-type":"","background-media":"","overlay-type":"","overlay-color":"","overlay-opacity":"","overlay-gradient":""},"tablet":{"background-color":"var(--ast-global-color-5)","background-image":"","background-repeat":"repeat","background-position":"center center","background-size":"auto","background-attachment":"scroll","background-type":"","background-media":"","overlay-type":"","overlay-color":"","overlay-opacity":"","overlay-gradient":""},"mobile":{"background-color":"var(--ast-global-color-5)","background-image":"","background-repeat":"repeat","background-position":"center center","background-size":"auto","background-attachment":"scroll","background-type":"","background-media":"","overlay-type":"","overlay-color":"","overlay-opacity":"","overlay-gradient":""}},"_joinchat":[]},"product_brand":[],"product_cat":[89,259],"product_tag":[],"class_list":{"0":"post-4931","1":"product","2":"type-product","3":"status-publish","4":"has-post-thumbnail","6":"product_cat-ambient-sensor","7":"product_cat-barometric-pressure-sensor","8":"desktop-align-left","9":"tablet-align-left","10":"mobile-align-left","12":"first","13":"instock","14":"shipping-taxable","15":"purchasable","16":"product-type-simple"},"jetpack_sharing_enabled":true,"_links":{"self":[{"href":"https:\/\/ecosentec.com\/de\/wp-json\/wp\/v2\/product\/4931","targetHints":{"allow":["GET"]}}],"collection":[{"href":"https:\/\/ecosentec.com\/de\/wp-json\/wp\/v2\/product"}],"about":[{"href":"https:\/\/ecosentec.com\/de\/wp-json\/wp\/v2\/types\/product"}],"version-history":[{"count":2,"href":"https:\/\/ecosentec.com\/de\/wp-json\/wp\/v2\/product\/4931\/revisions"}],"predecessor-version":[{"id":6106,"href":"https:\/\/ecosentec.com\/de\/wp-json\/wp\/v2\/product\/4931\/revisions\/6106"}],"wp:featuredmedia":[{"embeddable":true,"href":"https:\/\/ecosentec.com\/de\/wp-json\/wp\/v2\/media\/6105"}],"wp:attachment":[{"href":"https:\/\/ecosentec.com\/de\/wp-json\/wp\/v2\/media?parent=4931"}],"wp:term":[{"taxonomy":"product_brand","embeddable":true,"href":"https:\/\/ecosentec.com\/de\/wp-json\/wp\/v2\/product_brand?post=4931"},{"taxonomy":"product_cat","embeddable":true,"href":"https:\/\/ecosentec.com\/de\/wp-json\/wp\/v2\/product_cat?post=4931"},{"taxonomy":"product_tag","embeddable":true,"href":"https:\/\/ecosentec.com\/de\/wp-json\/wp\/v2\/product_tag?post=4931"}],"curies":[{"name":"wp","href":"https:\/\/api.w.org\/{rel}","templated":true}]}}