{"id":4930,"date":"2025-03-27T08:11:57","date_gmt":"2025-03-27T08:11:57","guid":{"rendered":"https:\/\/ecosentec.com\/?post_type=product&#038;p=4930"},"modified":"2025-07-08T07:43:03","modified_gmt":"2025-07-08T07:43:03","slug":"gerauschsender","status":"publish","type":"product","link":"https:\/\/ecosentec.com\/de\/produkt\/gerauschsender\/","title":{"rendered":"Flansch-Ger\u00e4uschsender ES-N601"},"content":{"rendered":"<p class=\"p1\">Der Ger\u00e4uschtransmitter ES-N601 ist ein hochpr\u00e4zises Schallmessger\u00e4t mit einem Messbereich von bis zu 30 dB bis 130 dB, das den t\u00e4glichen Messanforderungen gerecht wird. Das Produkt verf\u00fcgt \u00fcber ein hochempfindliches Kondensatormikrofon mit stabilem Signal und hoher Pr\u00e4zision. Es zeichnet sich durch einen gro\u00dfen Messbereich, gute Linearit\u00e4t, einfache Bedienung, einfache Installation und gro\u00dfe \u00dcbertragungsdistanz aus.<\/p>\n<p class=\"p1\">Es verwendet ein hochempfindliches Kondensatormikrofon und ein eingebautes Elektret als Schallmesselement zur Messung der Schallintensit\u00e4t. Das Messsignal ist stabil und pr\u00e4zise. Es unterst\u00fctzt mehrere Signalausg\u00e4nge: RS485\/4\u201320 mA\/0\u20135 V\/0\u201310 V\/TTL.<\/p>","protected":false},"excerpt":{"rendered":"<p>Der Ger\u00e4uschtransmitter ES-N601 ist ein hochpr\u00e4zises Schallmessger\u00e4t mit einem Messbereich von bis zu 30 dB bis 130 dB, das den t\u00e4glichen Messanforderungen gerecht wird. Das Produkt verf\u00fcgt \u00fcber ein hochempfindliches Kondensatormikrofon mit stabilem Signal und hoher Pr\u00e4zision. Es zeichnet sich durch einen gro\u00dfen Messbereich, gute Linearit\u00e4t, einfache Bedienung, einfache Installation und gro\u00dfe \u00dcbertragungsdistanz aus.<\/p>","protected":false},"featured_media":4994,"template":"","meta":{"om_disable_all_campaigns":false,"_monsterinsights_skip_tracking":false,"_monsterinsights_sitenote_active":false,"_monsterinsights_sitenote_note":"","_monsterinsights_sitenote_category":0,"site-sidebar-layout":"default","site-content-layout":"default","ast-site-content-layout":"default","site-content-style":"default","site-sidebar-style":"default","ast-global-header-display":"","ast-banner-title-visibility":"","ast-main-header-display":"","ast-hfb-above-header-display":"","ast-hfb-below-header-display":"","ast-hfb-mobile-header-display":"","site-post-title":"","ast-breadcrumbs-content":"","ast-featured-img":"","footer-sml-layout":"","ast-disable-related-posts":"","theme-transparent-header-meta":"default","adv-header-id-meta":"","stick-header-meta":"","header-above-stick-meta":"","header-main-stick-meta":"","header-below-stick-meta":"","astra-migrate-meta-layouts":"set","ast-page-background-enabled":"default","ast-page-background-meta":{"desktop":{"background-color":"","background-image":"","background-repeat":"repeat","background-position":"center center","background-size":"auto","background-attachment":"scroll","background-type":"","background-media":"","overlay-type":"","overlay-color":"","overlay-opacity":"","overlay-gradient":""},"tablet":{"background-color":"","background-image":"","background-repeat":"repeat","background-position":"center center","background-size":"auto","background-attachment":"scroll","background-type":"","background-media":"","overlay-type":"","overlay-color":"","overlay-opacity":"","overlay-gradient":""},"mobile":{"background-color":"","background-image":"","background-repeat":"repeat","background-position":"center center","background-size":"auto","background-attachment":"scroll","background-type":"","background-media":"","overlay-type":"","overlay-color":"","overlay-opacity":"","overlay-gradient":""}},"ast-content-background-meta":{"desktop":{"background-color":"var(--ast-global-color-5)","background-image":"","background-repeat":"repeat","background-position":"center center","background-size":"auto","background-attachment":"scroll","background-type":"","background-media":"","overlay-type":"","overlay-color":"","overlay-opacity":"","overlay-gradient":""},"tablet":{"background-color":"var(--ast-global-color-5)","background-image":"","background-repeat":"repeat","background-position":"center center","background-size":"auto","background-attachment":"scroll","background-type":"","background-media":"","overlay-type":"","overlay-color":"","overlay-opacity":"","overlay-gradient":""},"mobile":{"background-color":"var(--ast-global-color-5)","background-image":"","background-repeat":"repeat","background-position":"center center","background-size":"auto","background-attachment":"scroll","background-type":"","background-media":"","overlay-type":"","overlay-color":"","overlay-opacity":"","overlay-gradient":""}},"_joinchat":[]},"product_brand":[],"product_cat":[89,92],"product_tag":[301],"class_list":{"0":"post-4930","1":"product","2":"type-product","3":"status-publish","4":"has-post-thumbnail","6":"product_cat-ambient-sensor","7":"product_cat-noise-sensor","8":"product_tag-ambient-sensor","9":"desktop-align-left","10":"tablet-align-left","11":"mobile-align-left","13":"first","14":"instock","15":"shipping-taxable","16":"purchasable","17":"product-type-simple"},"jetpack_sharing_enabled":true,"_links":{"self":[{"href":"https:\/\/ecosentec.com\/de\/wp-json\/wp\/v2\/product\/4930","targetHints":{"allow":["GET"]}}],"collection":[{"href":"https:\/\/ecosentec.com\/de\/wp-json\/wp\/v2\/product"}],"about":[{"href":"https:\/\/ecosentec.com\/de\/wp-json\/wp\/v2\/types\/product"}],"version-history":[{"count":2,"href":"https:\/\/ecosentec.com\/de\/wp-json\/wp\/v2\/product\/4930\/revisions"}],"predecessor-version":[{"id":6111,"href":"https:\/\/ecosentec.com\/de\/wp-json\/wp\/v2\/product\/4930\/revisions\/6111"}],"wp:featuredmedia":[{"embeddable":true,"href":"https:\/\/ecosentec.com\/de\/wp-json\/wp\/v2\/media\/4994"}],"wp:attachment":[{"href":"https:\/\/ecosentec.com\/de\/wp-json\/wp\/v2\/media?parent=4930"}],"wp:term":[{"taxonomy":"product_brand","embeddable":true,"href":"https:\/\/ecosentec.com\/de\/wp-json\/wp\/v2\/product_brand?post=4930"},{"taxonomy":"product_cat","embeddable":true,"href":"https:\/\/ecosentec.com\/de\/wp-json\/wp\/v2\/product_cat?post=4930"},{"taxonomy":"product_tag","embeddable":true,"href":"https:\/\/ecosentec.com\/de\/wp-json\/wp\/v2\/product_tag?post=4930"}],"curies":[{"name":"wp","href":"https:\/\/api.w.org\/{rel}","templated":true}]}}