{"id":4927,"date":"2025-03-27T08:11:56","date_gmt":"2025-03-27T08:11:56","guid":{"rendered":"https:\/\/ecosentec.com\/?post_type=product&#038;p=4927"},"modified":"2025-07-08T07:43:25","modified_gmt":"2025-07-08T07:43:25","slug":"mikroautomatische-wetterstation","status":"publish","type":"product","link":"https:\/\/ecosentec.com\/de\/produkt\/mikroautomatische-wetterstation\/","title":{"rendered":"ES-W9000 Mikro-Automatik-Wetterstation"},"content":{"rendered":"<p class=\"p1\">Die mikroautomatische Wetterstation ES-W9000 ist eine von unserem Unternehmen eigenst\u00e4ndig entwickelte integrierte Wetterstation f\u00fcr den zivilen Einsatz, die mehrere meteorologische Parameter messen kann. Sie kann gleichzeitig Lufttemperatur, Luftfeuchtigkeit, Windgeschwindigkeit, Windrichtung, Luftdruck, Niederschlag, Strahlung, Beleuchtungsst\u00e4rke, UV-Strahlung, PM2,5 und PM10 sowie andere meteorologische Elemente messen.<\/p>\n<p class=\"p1\">Der ES-W9000 verwendet einen stromsparenden Chip und verbraucht nur 1,7 W. Dank neuer Technologien und Verfahren ist die Struktur kompakter und kompakter. Ein Mini-Sichtbarkeitserkennungsmodul ist optional erh\u00e4ltlich und eignet sich hervorragend f\u00fcr Smart-City-Steuerungssysteme. Das Geh\u00e4use besteht aus ABS-Kunststoff. Alle Testparameter k\u00f6nnen je nach Benutzeranforderung beliebig ausgew\u00e4hlt und kombiniert werden.<\/p>","protected":false},"excerpt":{"rendered":"<p>Die mikroautomatische Wetterstation ES-W9000 ist eine von unserem Unternehmen eigenst\u00e4ndig entwickelte integrierte Wetterstation f\u00fcr den zivilen Einsatz, die mehrere meteorologische Parameter messen kann. Sie kann gleichzeitig Lufttemperatur, Luftfeuchtigkeit, Windgeschwindigkeit, Windrichtung, Luftdruck, Niederschlag, Strahlung, Beleuchtungsst\u00e4rke, UV-Strahlung, PM2,5 und PM10 sowie andere meteorologische Elemente messen.<\/p>","protected":false},"featured_media":5994,"template":"","meta":{"om_disable_all_campaigns":false,"_monsterinsights_skip_tracking":false,"_monsterinsights_sitenote_active":false,"_monsterinsights_sitenote_note":"","_monsterinsights_sitenote_category":0,"site-sidebar-layout":"default","site-content-layout":"default","ast-site-content-layout":"default","site-content-style":"default","site-sidebar-style":"default","ast-global-header-display":"","ast-banner-title-visibility":"","ast-main-header-display":"","ast-hfb-above-header-display":"","ast-hfb-below-header-display":"","ast-hfb-mobile-header-display":"","site-post-title":"","ast-breadcrumbs-content":"","ast-featured-img":"","footer-sml-layout":"","ast-disable-related-posts":"","theme-transparent-header-meta":"default","adv-header-id-meta":"","stick-header-meta":"","header-above-stick-meta":"","header-main-stick-meta":"","header-below-stick-meta":"","astra-migrate-meta-layouts":"set","ast-page-background-enabled":"default","ast-page-background-meta":{"desktop":{"background-color":"","background-image":"","background-repeat":"repeat","background-position":"center center","background-size":"auto","background-attachment":"scroll","background-type":"","background-media":"","overlay-type":"","overlay-color":"","overlay-opacity":"","overlay-gradient":""},"tablet":{"background-color":"","background-image":"","background-repeat":"repeat","background-position":"center center","background-size":"auto","background-attachment":"scroll","background-type":"","background-media":"","overlay-type":"","overlay-color":"","overlay-opacity":"","overlay-gradient":""},"mobile":{"background-color":"","background-image":"","background-repeat":"repeat","background-position":"center center","background-size":"auto","background-attachment":"scroll","background-type":"","background-media":"","overlay-type":"","overlay-color":"","overlay-opacity":"","overlay-gradient":""}},"ast-content-background-meta":{"desktop":{"background-color":"var(--ast-global-color-5)","background-image":"","background-repeat":"repeat","background-position":"center center","background-size":"auto","background-attachment":"scroll","background-type":"","background-media":"","overlay-type":"","overlay-color":"","overlay-opacity":"","overlay-gradient":""},"tablet":{"background-color":"var(--ast-global-color-5)","background-image":"","background-repeat":"repeat","background-position":"center center","background-size":"auto","background-attachment":"scroll","background-type":"","background-media":"","overlay-type":"","overlay-color":"","overlay-opacity":"","overlay-gradient":""},"mobile":{"background-color":"var(--ast-global-color-5)","background-image":"","background-repeat":"repeat","background-position":"center center","background-size":"auto","background-attachment":"scroll","background-type":"","background-media":"","overlay-type":"","overlay-color":"","overlay-opacity":"","overlay-gradient":""}},"_joinchat":[]},"product_brand":[],"product_cat":[87,86],"product_tag":[301,293],"class_list":{"0":"post-4927","1":"product","2":"type-product","3":"status-publish","4":"has-post-thumbnail","6":"product_cat-ultrasonic-weather-station","7":"product_cat-weather-station","8":"product_tag-ambient-sensor","9":"product_tag-weather-station","10":"desktop-align-left","11":"tablet-align-left","12":"mobile-align-left","14":"first","15":"instock","16":"shipping-taxable","17":"purchasable","18":"product-type-simple"},"jetpack_sharing_enabled":true,"_links":{"self":[{"href":"https:\/\/ecosentec.com\/de\/wp-json\/wp\/v2\/product\/4927","targetHints":{"allow":["GET"]}}],"collection":[{"href":"https:\/\/ecosentec.com\/de\/wp-json\/wp\/v2\/product"}],"about":[{"href":"https:\/\/ecosentec.com\/de\/wp-json\/wp\/v2\/types\/product"}],"version-history":[{"count":2,"href":"https:\/\/ecosentec.com\/de\/wp-json\/wp\/v2\/product\/4927\/revisions"}],"predecessor-version":[{"id":5830,"href":"https:\/\/ecosentec.com\/de\/wp-json\/wp\/v2\/product\/4927\/revisions\/5830"}],"wp:featuredmedia":[{"embeddable":true,"href":"https:\/\/ecosentec.com\/de\/wp-json\/wp\/v2\/media\/5994"}],"wp:attachment":[{"href":"https:\/\/ecosentec.com\/de\/wp-json\/wp\/v2\/media?parent=4927"}],"wp:term":[{"taxonomy":"product_brand","embeddable":true,"href":"https:\/\/ecosentec.com\/de\/wp-json\/wp\/v2\/product_brand?post=4927"},{"taxonomy":"product_cat","embeddable":true,"href":"https:\/\/ecosentec.com\/de\/wp-json\/wp\/v2\/product_cat?post=4927"},{"taxonomy":"product_tag","embeddable":true,"href":"https:\/\/ecosentec.com\/de\/wp-json\/wp\/v2\/product_tag?post=4927"}],"curies":[{"name":"wp","href":"https:\/\/api.w.org\/{rel}","templated":true}]}}