{"id":4926,"date":"2025-03-27T08:11:56","date_gmt":"2025-03-27T08:11:56","guid":{"rendered":"https:\/\/ecosentec.com\/?post_type=product&#038;p=4926"},"modified":"2025-06-16T10:10:24","modified_gmt":"2025-06-16T10:10:24","slug":"tragbare-ultraschall-wetterstation-fur-fahrzeuge","status":"publish","type":"product","link":"https:\/\/ecosentec.com\/de\/produkt\/tragbare-ultraschall-wetterstation-fur-fahrzeuge\/","title":{"rendered":"Tragbare Ultraschall-Wetterstation ES-W8000 f\u00fcr Fahrzeuge"},"content":{"rendered":"<p class=\"p1\">Die tragbare Ultraschall-Wetterstation ES-W8000 f\u00fcr Fahrzeuge ist ein professioneller, fahrzeugmontierter automatischer Wettersensor, der von unserem Unternehmen eigenst\u00e4ndig entwickelt wurde. Er kann mehrere meteorologische Parameter gleichzeitig messen und verschiedene meteorologische Faktoren wie Temperatur, Luftfeuchtigkeit, Windgeschwindigkeit, Windrichtung, Luftdruck, Niederschlag, Staubentwicklung und Sichtweite erfassen. Die Daten werden in Echtzeit vor Ort angezeigt. Sie zeichnet sich durch hohe Integration, hohe Erkennungsgenauigkeit und schnelle Reaktionszeit aus.<\/p>\n<p class=\"p1\">Vier hochfeste Magnete (gummiummantelt) sind an der Unterseite der fahrzeugmontierten automatischen Wetterstation ES-W8000 angebracht, um die Haftung auf dem Fahrzeugdach zu gew\u00e4hrleisten. Die automatische Wetterstation ist mit einem eingebauten Lithium-Akku und einem Bluetooth-Daten\u00fcbertragungsmodul ausgestattet, das die Wetterstations-Erkennungsdaten in Echtzeit an die Smartphone-App sendet oder \u00fcber einen Laptop empf\u00e4ngt. Die integrierte Empfangssoftware der Wetterstation zeigt die von der Wetterstation gesendeten Daten an und speichert sie.<\/p>\n<p class=\"p1\">Die automatische Fahrzeugwetterstation ES-W8000 wiegt nur 1,8 kg und ist dank des integrierten Ger\u00e4tegeh\u00e4uses leicht zu transportieren. Die Bedienung ist kinderleicht und komfortabel.<\/p>","protected":false},"excerpt":{"rendered":"<p>Die tragbare Ultraschall-Wetterstation ES-W8000 f\u00fcr Fahrzeuge ist ein professioneller, fahrzeugmontierter automatischer Wettersensor, der von unserem Unternehmen eigenst\u00e4ndig entwickelt wurde. Er kann mehrere meteorologische Parameter gleichzeitig messen und verschiedene meteorologische Faktoren wie Temperatur, Luftfeuchtigkeit, Windgeschwindigkeit, Windrichtung, Luftdruck, Niederschlag, Staubentwicklung und Sichtweite erfassen. Die Daten werden in Echtzeit vor Ort angezeigt. Sie zeichnet sich durch hohe Integration, hohe Erkennungsgenauigkeit und schnelle Reaktionszeit aus.<\/p>","protected":false},"featured_media":5992,"template":"","meta":{"om_disable_all_campaigns":false,"_monsterinsights_skip_tracking":false,"_monsterinsights_sitenote_active":false,"_monsterinsights_sitenote_note":"","_monsterinsights_sitenote_category":0,"site-sidebar-layout":"default","site-content-layout":"default","ast-site-content-layout":"default","site-content-style":"default","site-sidebar-style":"default","ast-global-header-display":"","ast-banner-title-visibility":"","ast-main-header-display":"","ast-hfb-above-header-display":"","ast-hfb-below-header-display":"","ast-hfb-mobile-header-display":"","site-post-title":"","ast-breadcrumbs-content":"","ast-featured-img":"","footer-sml-layout":"","ast-disable-related-posts":"","theme-transparent-header-meta":"default","adv-header-id-meta":"","stick-header-meta":"","header-above-stick-meta":"","header-main-stick-meta":"","header-below-stick-meta":"","astra-migrate-meta-layouts":"set","ast-page-background-enabled":"default","ast-page-background-meta":{"desktop":{"background-color":"","background-image":"","background-repeat":"repeat","background-position":"center center","background-size":"auto","background-attachment":"scroll","background-type":"","background-media":"","overlay-type":"","overlay-color":"","overlay-opacity":"","overlay-gradient":""},"tablet":{"background-color":"","background-image":"","background-repeat":"repeat","background-position":"center center","background-size":"auto","background-attachment":"scroll","background-type":"","background-media":"","overlay-type":"","overlay-color":"","overlay-opacity":"","overlay-gradient":""},"mobile":{"background-color":"","background-image":"","background-repeat":"repeat","background-position":"center center","background-size":"auto","background-attachment":"scroll","background-type":"","background-media":"","overlay-type":"","overlay-color":"","overlay-opacity":"","overlay-gradient":""}},"ast-content-background-meta":{"desktop":{"background-color":"var(--ast-global-color-5)","background-image":"","background-repeat":"repeat","background-position":"center center","background-size":"auto","background-attachment":"scroll","background-type":"","background-media":"","overlay-type":"","overlay-color":"","overlay-opacity":"","overlay-gradient":""},"tablet":{"background-color":"var(--ast-global-color-5)","background-image":"","background-repeat":"repeat","background-position":"center center","background-size":"auto","background-attachment":"scroll","background-type":"","background-media":"","overlay-type":"","overlay-color":"","overlay-opacity":"","overlay-gradient":""},"mobile":{"background-color":"var(--ast-global-color-5)","background-image":"","background-repeat":"repeat","background-position":"center center","background-size":"auto","background-attachment":"scroll","background-type":"","background-media":"","overlay-type":"","overlay-color":"","overlay-opacity":"","overlay-gradient":""}},"_joinchat":[]},"product_brand":[],"product_cat":[87,86],"product_tag":[293],"class_list":{"0":"post-4926","1":"product","2":"type-product","3":"status-publish","4":"has-post-thumbnail","6":"product_cat-ultrasonic-weather-station","7":"product_cat-weather-station","8":"product_tag-weather-station","9":"desktop-align-left","10":"tablet-align-left","11":"mobile-align-left","13":"first","14":"instock","15":"shipping-taxable","16":"purchasable","17":"product-type-simple"},"jetpack_sharing_enabled":true,"_links":{"self":[{"href":"https:\/\/ecosentec.com\/de\/wp-json\/wp\/v2\/product\/4926","targetHints":{"allow":["GET"]}}],"collection":[{"href":"https:\/\/ecosentec.com\/de\/wp-json\/wp\/v2\/product"}],"about":[{"href":"https:\/\/ecosentec.com\/de\/wp-json\/wp\/v2\/types\/product"}],"version-history":[{"count":2,"href":"https:\/\/ecosentec.com\/de\/wp-json\/wp\/v2\/product\/4926\/revisions"}],"predecessor-version":[{"id":5829,"href":"https:\/\/ecosentec.com\/de\/wp-json\/wp\/v2\/product\/4926\/revisions\/5829"}],"wp:featuredmedia":[{"embeddable":true,"href":"https:\/\/ecosentec.com\/de\/wp-json\/wp\/v2\/media\/5992"}],"wp:attachment":[{"href":"https:\/\/ecosentec.com\/de\/wp-json\/wp\/v2\/media?parent=4926"}],"wp:term":[{"taxonomy":"product_brand","embeddable":true,"href":"https:\/\/ecosentec.com\/de\/wp-json\/wp\/v2\/product_brand?post=4926"},{"taxonomy":"product_cat","embeddable":true,"href":"https:\/\/ecosentec.com\/de\/wp-json\/wp\/v2\/product_cat?post=4926"},{"taxonomy":"product_tag","embeddable":true,"href":"https:\/\/ecosentec.com\/de\/wp-json\/wp\/v2\/product_tag?post=4926"}],"curies":[{"name":"wp","href":"https:\/\/api.w.org\/{rel}","templated":true}]}}