{"id":4925,"date":"2025-03-27T08:11:55","date_gmt":"2025-03-27T08:11:55","guid":{"rendered":"https:\/\/ecosentec.com\/?post_type=product&#038;p=4925"},"modified":"2025-06-16T10:09:26","modified_gmt":"2025-06-16T10:09:26","slug":"professionelle-ultraschall-wetterstation","status":"publish","type":"product","link":"https:\/\/ecosentec.com\/de\/produkt\/professionelle-ultraschall-wetterstation\/","title":{"rendered":"ES-W6000 professionelle Ultraschall-Wetterstation"},"content":{"rendered":"<p class=\"p1\">Die professionelle Ultraschall-Wetterstation ES-W6000 ist eine von unserem Unternehmen eigenst\u00e4ndig entwickelte integrierte Wetterstation f\u00fcr den zivilen Einsatz, die meteorologische Parameter verschiedener Elemente messen kann. Gleichzeitig misst sie neun wichtige Umweltparameter wie Temperatur, Luftfeuchtigkeit, Windgeschwindigkeit, Windrichtung, Luftdruck, Niederschlag, Beleuchtung, Strahlung und Staubkonzentration. Sie zeichnet sich durch eine hohe Integration aller Module und eine schnelle Reaktionszeit aus. Ein GPS-Navigationsmodul und ein elektronischer Kompass k\u00f6nnen ebenfalls integriert werden. Die oben genannten Funktionsmodule k\u00f6nnen frei nach den Bed\u00fcrfnissen der Benutzer zusammengestellt werden, um den unterschiedlichen Anforderungen verschiedener Kunden gerecht zu werden.<\/p>\n<p class=\"p1\">Es wird haupts\u00e4chlich in intelligenten St\u00e4dten, zur \u00dcberwachung der st\u00e4dtischen Umwelt, in automatischen Wetterstationen f\u00fcr die Landwirtschaft, in automatischen Verkehrswetterstationen entlang von Autobahnen, in Wetterstationen vor Ort, in Hochspannungs\u00fcbertragungs- und -umwandlungsleitungen, bei der Turmsteuerung, in automatischen Wetterstationen und anderen Branchen eingesetzt.<\/p>","protected":false},"excerpt":{"rendered":"<p>Die professionelle Ultraschall-Wetterstation ES-W6000 ist eine von unserem Unternehmen eigenst\u00e4ndig entwickelte integrierte Wetterstation f\u00fcr den zivilen Einsatz, die meteorologische Parameter verschiedener Elemente messen kann. Gleichzeitig misst sie neun wichtige Umweltparameter, darunter Temperatur, Luftfeuchtigkeit, Windgeschwindigkeit, Windrichtung, Luftdruck, Niederschlag, Beleuchtung, Strahlung, Staubkonzentration usw. Sie zeichnet sich durch eine hohe Integration aller Module und eine schnelle Reaktionszeit aus.<\/p>","protected":false},"featured_media":6005,"template":"","meta":{"om_disable_all_campaigns":false,"_monsterinsights_skip_tracking":false,"_monsterinsights_sitenote_active":false,"_monsterinsights_sitenote_note":"","_monsterinsights_sitenote_category":0,"site-sidebar-layout":"default","site-content-layout":"default","ast-site-content-layout":"default","site-content-style":"default","site-sidebar-style":"default","ast-global-header-display":"","ast-banner-title-visibility":"","ast-main-header-display":"","ast-hfb-above-header-display":"","ast-hfb-below-header-display":"","ast-hfb-mobile-header-display":"","site-post-title":"","ast-breadcrumbs-content":"","ast-featured-img":"","footer-sml-layout":"","ast-disable-related-posts":"","theme-transparent-header-meta":"default","adv-header-id-meta":"","stick-header-meta":"","header-above-stick-meta":"","header-main-stick-meta":"","header-below-stick-meta":"","astra-migrate-meta-layouts":"set","ast-page-background-enabled":"default","ast-page-background-meta":{"desktop":{"background-color":"","background-image":"","background-repeat":"repeat","background-position":"center center","background-size":"auto","background-attachment":"scroll","background-type":"","background-media":"","overlay-type":"","overlay-color":"","overlay-opacity":"","overlay-gradient":""},"tablet":{"background-color":"","background-image":"","background-repeat":"repeat","background-position":"center center","background-size":"auto","background-attachment":"scroll","background-type":"","background-media":"","overlay-type":"","overlay-color":"","overlay-opacity":"","overlay-gradient":""},"mobile":{"background-color":"","background-image":"","background-repeat":"repeat","background-position":"center center","background-size":"auto","background-attachment":"scroll","background-type":"","background-media":"","overlay-type":"","overlay-color":"","overlay-opacity":"","overlay-gradient":""}},"ast-content-background-meta":{"desktop":{"background-color":"var(--ast-global-color-5)","background-image":"","background-repeat":"repeat","background-position":"center center","background-size":"auto","background-attachment":"scroll","background-type":"","background-media":"","overlay-type":"","overlay-color":"","overlay-opacity":"","overlay-gradient":""},"tablet":{"background-color":"var(--ast-global-color-5)","background-image":"","background-repeat":"repeat","background-position":"center center","background-size":"auto","background-attachment":"scroll","background-type":"","background-media":"","overlay-type":"","overlay-color":"","overlay-opacity":"","overlay-gradient":""},"mobile":{"background-color":"var(--ast-global-color-5)","background-image":"","background-repeat":"repeat","background-position":"center center","background-size":"auto","background-attachment":"scroll","background-type":"","background-media":"","overlay-type":"","overlay-color":"","overlay-opacity":"","overlay-gradient":""}},"_joinchat":[]},"product_brand":[],"product_cat":[87,86],"product_tag":[293],"class_list":{"0":"post-4925","1":"product","2":"type-product","3":"status-publish","4":"has-post-thumbnail","6":"product_cat-ultrasonic-weather-station","7":"product_cat-weather-station","8":"product_tag-weather-station","9":"desktop-align-left","10":"tablet-align-left","11":"mobile-align-left","13":"first","14":"instock","15":"shipping-taxable","16":"purchasable","17":"product-type-simple"},"jetpack_sharing_enabled":true,"_links":{"self":[{"href":"https:\/\/ecosentec.com\/de\/wp-json\/wp\/v2\/product\/4925","targetHints":{"allow":["GET"]}}],"collection":[{"href":"https:\/\/ecosentec.com\/de\/wp-json\/wp\/v2\/product"}],"about":[{"href":"https:\/\/ecosentec.com\/de\/wp-json\/wp\/v2\/types\/product"}],"version-history":[{"count":2,"href":"https:\/\/ecosentec.com\/de\/wp-json\/wp\/v2\/product\/4925\/revisions"}],"predecessor-version":[{"id":5825,"href":"https:\/\/ecosentec.com\/de\/wp-json\/wp\/v2\/product\/4925\/revisions\/5825"}],"wp:featuredmedia":[{"embeddable":true,"href":"https:\/\/ecosentec.com\/de\/wp-json\/wp\/v2\/media\/6005"}],"wp:attachment":[{"href":"https:\/\/ecosentec.com\/de\/wp-json\/wp\/v2\/media?parent=4925"}],"wp:term":[{"taxonomy":"product_brand","embeddable":true,"href":"https:\/\/ecosentec.com\/de\/wp-json\/wp\/v2\/product_brand?post=4925"},{"taxonomy":"product_cat","embeddable":true,"href":"https:\/\/ecosentec.com\/de\/wp-json\/wp\/v2\/product_cat?post=4925"},{"taxonomy":"product_tag","embeddable":true,"href":"https:\/\/ecosentec.com\/de\/wp-json\/wp\/v2\/product_tag?post=4925"}],"curies":[{"name":"wp","href":"https:\/\/api.w.org\/{rel}","templated":true}]}}