{"id":4924,"date":"2025-03-27T08:11:55","date_gmt":"2025-03-27T08:11:55","guid":{"rendered":"https:\/\/ecosentec.com\/?post_type=product&#038;p=4924"},"modified":"2025-07-02T08:16:52","modified_gmt":"2025-07-02T08:16:52","slug":"kippwaage-regenmesser-ultraschall-wetterstation","status":"publish","type":"product","link":"https:\/\/ecosentec.com\/de\/produkt\/kippwaage-regenmesser-ultraschall-wetterstation\/","title":{"rendered":"ES-W5000Z Mikro-Kippwaage-Regenmesser-Ultraschall-Wetterstation"},"content":{"rendered":"<p class=\"p1\">ES-W5000Z realisiert auf innovative Weise die sechs meteorologischen Standardparameter (T, RH, P, WD, WDIR, Rianfall) durch eine hochintegrierte Struktur, die eine kontinuierliche Online-\u00dcberwachung der meteorologischen Parameter im Freien rund um die Uhr erm\u00f6glicht und die sechs Parameter gleichzeitig \u00fcber die digitale Kommunikationsschnittstelle an den Benutzer ausgibt. Dar\u00fcber hinaus kann es erweitert werden, um andere meteorologische und Umweltparameter zu erh\u00f6hen (sechs AQI-Parameter: CO, NO2, SO2, O3, PM2,5, PM10).<\/p>\n<p class=\"p2\">Sie k\u00f6nnen vielseitig eingesetzt werden in der st\u00e4dtischen Umwelt\u00fcberwachung, der Windenergieerzeugung, der Wetter\u00fcberwachung, bei Br\u00fccken, Tunneln, Schiffen, Flugh\u00e4fen, in der Agrarmeteorologie, der Wasserschutzmeteorologie, der Energieumgebung, der Autobahnwetter\u00fcberwachung und in anderen Bereichen. Es sind keine Wartung und keine Kalibrierung vor Ort erforderlich.<\/p>","protected":false},"excerpt":{"rendered":"<p class=\"p1\">ES-W5000Z realisiert auf innovative Weise die sechs meteorologischen Standardparameter (T, RH, P, WD, WDIR, Rianfall) durch eine hochintegrierte Struktur, die eine kontinuierliche Online-\u00dcberwachung der meteorologischen Parameter im Freien rund um die Uhr erm\u00f6glicht und die sechs Parameter gleichzeitig \u00fcber die digitale Kommunikationsschnittstelle an den Benutzer ausgibt. Dar\u00fcber hinaus kann es erweitert werden, um weitere meteorologische und Umweltparameter zu erh\u00f6hen<\/p>","protected":false},"featured_media":4981,"template":"","meta":{"om_disable_all_campaigns":false,"_monsterinsights_skip_tracking":false,"_monsterinsights_sitenote_active":false,"_monsterinsights_sitenote_note":"","_monsterinsights_sitenote_category":0,"site-sidebar-layout":"default","site-content-layout":"default","ast-site-content-layout":"default","site-content-style":"default","site-sidebar-style":"default","ast-global-header-display":"","ast-banner-title-visibility":"","ast-main-header-display":"","ast-hfb-above-header-display":"","ast-hfb-below-header-display":"","ast-hfb-mobile-header-display":"","site-post-title":"","ast-breadcrumbs-content":"","ast-featured-img":"","footer-sml-layout":"","ast-disable-related-posts":"","theme-transparent-header-meta":"default","adv-header-id-meta":"","stick-header-meta":"","header-above-stick-meta":"","header-main-stick-meta":"","header-below-stick-meta":"","astra-migrate-meta-layouts":"set","ast-page-background-enabled":"default","ast-page-background-meta":{"desktop":{"background-color":"","background-image":"","background-repeat":"repeat","background-position":"center center","background-size":"auto","background-attachment":"scroll","background-type":"","background-media":"","overlay-type":"","overlay-color":"","overlay-opacity":"","overlay-gradient":""},"tablet":{"background-color":"","background-image":"","background-repeat":"repeat","background-position":"center center","background-size":"auto","background-attachment":"scroll","background-type":"","background-media":"","overlay-type":"","overlay-color":"","overlay-opacity":"","overlay-gradient":""},"mobile":{"background-color":"","background-image":"","background-repeat":"repeat","background-position":"center center","background-size":"auto","background-attachment":"scroll","background-type":"","background-media":"","overlay-type":"","overlay-color":"","overlay-opacity":"","overlay-gradient":""}},"ast-content-background-meta":{"desktop":{"background-color":"var(--ast-global-color-5)","background-image":"","background-repeat":"repeat","background-position":"center center","background-size":"auto","background-attachment":"scroll","background-type":"","background-media":"","overlay-type":"","overlay-color":"","overlay-opacity":"","overlay-gradient":""},"tablet":{"background-color":"var(--ast-global-color-5)","background-image":"","background-repeat":"repeat","background-position":"center center","background-size":"auto","background-attachment":"scroll","background-type":"","background-media":"","overlay-type":"","overlay-color":"","overlay-opacity":"","overlay-gradient":""},"mobile":{"background-color":"var(--ast-global-color-5)","background-image":"","background-repeat":"repeat","background-position":"center center","background-size":"auto","background-attachment":"scroll","background-type":"","background-media":"","overlay-type":"","overlay-color":"","overlay-opacity":"","overlay-gradient":""}},"_joinchat":[]},"product_brand":[],"product_cat":[87,86],"product_tag":[299,300],"class_list":{"0":"post-4924","1":"product","2":"type-product","3":"status-publish","4":"has-post-thumbnail","6":"product_cat-ultrasonic-weather-station","7":"product_cat-weather-station","8":"product_tag-ultrasonic-anemometer","9":"product_tag-wind-sensor","10":"desktop-align-left","11":"tablet-align-left","12":"mobile-align-left","14":"first","15":"instock","16":"shipping-taxable","17":"purchasable","18":"product-type-simple"},"jetpack_sharing_enabled":true,"_links":{"self":[{"href":"https:\/\/ecosentec.com\/de\/wp-json\/wp\/v2\/product\/4924","targetHints":{"allow":["GET"]}}],"collection":[{"href":"https:\/\/ecosentec.com\/de\/wp-json\/wp\/v2\/product"}],"about":[{"href":"https:\/\/ecosentec.com\/de\/wp-json\/wp\/v2\/types\/product"}],"version-history":[{"count":3,"href":"https:\/\/ecosentec.com\/de\/wp-json\/wp\/v2\/product\/4924\/revisions"}],"predecessor-version":[{"id":5860,"href":"https:\/\/ecosentec.com\/de\/wp-json\/wp\/v2\/product\/4924\/revisions\/5860"}],"wp:featuredmedia":[{"embeddable":true,"href":"https:\/\/ecosentec.com\/de\/wp-json\/wp\/v2\/media\/4981"}],"wp:attachment":[{"href":"https:\/\/ecosentec.com\/de\/wp-json\/wp\/v2\/media?parent=4924"}],"wp:term":[{"taxonomy":"product_brand","embeddable":true,"href":"https:\/\/ecosentec.com\/de\/wp-json\/wp\/v2\/product_brand?post=4924"},{"taxonomy":"product_cat","embeddable":true,"href":"https:\/\/ecosentec.com\/de\/wp-json\/wp\/v2\/product_cat?post=4924"},{"taxonomy":"product_tag","embeddable":true,"href":"https:\/\/ecosentec.com\/de\/wp-json\/wp\/v2\/product_tag?post=4924"}],"curies":[{"name":"wp","href":"https:\/\/api.w.org\/{rel}","templated":true}]}}