{"id":4922,"date":"2025-03-27T08:11:54","date_gmt":"2025-03-27T08:11:54","guid":{"rendered":"https:\/\/ecosentec.com\/?post_type=product&#038;p=4922"},"modified":"2025-06-16T10:10:51","modified_gmt":"2025-06-16T10:10:51","slug":"tragbare-wetterstation","status":"publish","type":"product","link":"https:\/\/ecosentec.com\/de\/produkt\/tragbare-wetterstation\/","title":{"rendered":"ES-W4000 Tragbare Handwetterstation"},"content":{"rendered":"<p class=\"p1\">Die tragbare Mikrowetterstation ES-W4000 besteht aus mehreren Sensoren zur Messung von Windgeschwindigkeit und -richtung basierend auf der Laufzeitdifferenz von Ultraschallwellen in der Luft. Sie verf\u00fcgt \u00fcber optionale Temperatur-, Feuchtigkeits- und Luftdrucksensoren sowie zus\u00e4tzliche Module wie Griff, Stromversorgung, Anzeige, Modul zur drahtlosen Daten\u00fcbertragung und Software.<\/p>\n<p class=\"p1\">Angesichts der Arbeitsanforderungen und der Umgebung der tragbaren Wetterstation haben wir spezielle Designs entwickelt, beispielsweise ein Display, das es Beobachtern vor Ort erleichtert, die Daten direkt abzulesen, und die Speicherung auf dem internen Chip, der bis zu 365 Tage Messdaten speichern kann. Die dedizierte App-Software nutzt Bluetooth zur Daten\u00fcbertragung und empf\u00e4ngt die Messdaten in Echtzeit auf dem Mobiltelefon. Gleichzeitig werden die Daten \u00fcber das Internet der Dinge auf den Cloud-Server hochgeladen und gespeichert, sodass der Benutzer sie jederzeit einsehen kann.<\/p>\n<p class=\"p1\">Der speziell entwickelte Griff (aus einer Aluminiumlegierung) ist leicht und l\u00e4sst sich bequem mit einer Hand halten. Er eignet sich besonders f\u00fcr Inspektionen vor Ort.<\/p>","protected":false},"excerpt":{"rendered":"<p>Die tragbare Mikrowetterstation ES-W4000 besteht aus mehreren Sensoren zur Messung von Windgeschwindigkeit und -richtung basierend auf der Laufzeitdifferenz von Ultraschallwellen in der Luft. Sie verf\u00fcgt \u00fcber optionale Temperatur-, Feuchtigkeits- und Luftdrucksensoren sowie zus\u00e4tzliche Module wie Griff, Stromversorgung, Anzeige, Modul zur drahtlosen Daten\u00fcbertragung und Software.<\/p>","protected":false},"featured_media":5822,"template":"","meta":{"om_disable_all_campaigns":false,"_monsterinsights_skip_tracking":false,"_monsterinsights_sitenote_active":false,"_monsterinsights_sitenote_note":"","_monsterinsights_sitenote_category":0,"site-sidebar-layout":"default","site-content-layout":"default","ast-site-content-layout":"default","site-content-style":"default","site-sidebar-style":"default","ast-global-header-display":"","ast-banner-title-visibility":"","ast-main-header-display":"","ast-hfb-above-header-display":"","ast-hfb-below-header-display":"","ast-hfb-mobile-header-display":"","site-post-title":"","ast-breadcrumbs-content":"","ast-featured-img":"","footer-sml-layout":"","ast-disable-related-posts":"","theme-transparent-header-meta":"default","adv-header-id-meta":"","stick-header-meta":"","header-above-stick-meta":"","header-main-stick-meta":"","header-below-stick-meta":"","astra-migrate-meta-layouts":"set","ast-page-background-enabled":"default","ast-page-background-meta":{"desktop":{"background-color":"","background-image":"","background-repeat":"repeat","background-position":"center center","background-size":"auto","background-attachment":"scroll","background-type":"","background-media":"","overlay-type":"","overlay-color":"","overlay-opacity":"","overlay-gradient":""},"tablet":{"background-color":"","background-image":"","background-repeat":"repeat","background-position":"center center","background-size":"auto","background-attachment":"scroll","background-type":"","background-media":"","overlay-type":"","overlay-color":"","overlay-opacity":"","overlay-gradient":""},"mobile":{"background-color":"","background-image":"","background-repeat":"repeat","background-position":"center center","background-size":"auto","background-attachment":"scroll","background-type":"","background-media":"","overlay-type":"","overlay-color":"","overlay-opacity":"","overlay-gradient":""}},"ast-content-background-meta":{"desktop":{"background-color":"var(--ast-global-color-5)","background-image":"","background-repeat":"repeat","background-position":"center center","background-size":"auto","background-attachment":"scroll","background-type":"","background-media":"","overlay-type":"","overlay-color":"","overlay-opacity":"","overlay-gradient":""},"tablet":{"background-color":"var(--ast-global-color-5)","background-image":"","background-repeat":"repeat","background-position":"center center","background-size":"auto","background-attachment":"scroll","background-type":"","background-media":"","overlay-type":"","overlay-color":"","overlay-opacity":"","overlay-gradient":""},"mobile":{"background-color":"var(--ast-global-color-5)","background-image":"","background-repeat":"repeat","background-position":"center center","background-size":"auto","background-attachment":"scroll","background-type":"","background-media":"","overlay-type":"","overlay-color":"","overlay-opacity":"","overlay-gradient":""}},"_joinchat":[]},"product_brand":[],"product_cat":[87,86],"product_tag":[293],"class_list":{"0":"post-4922","1":"product","2":"type-product","3":"status-publish","4":"has-post-thumbnail","6":"product_cat-ultrasonic-weather-station","7":"product_cat-weather-station","8":"product_tag-weather-station","9":"desktop-align-left","10":"tablet-align-left","11":"mobile-align-left","13":"first","14":"instock","15":"shipping-taxable","16":"purchasable","17":"product-type-simple"},"jetpack_sharing_enabled":true,"_links":{"self":[{"href":"https:\/\/ecosentec.com\/de\/wp-json\/wp\/v2\/product\/4922","targetHints":{"allow":["GET"]}}],"collection":[{"href":"https:\/\/ecosentec.com\/de\/wp-json\/wp\/v2\/product"}],"about":[{"href":"https:\/\/ecosentec.com\/de\/wp-json\/wp\/v2\/types\/product"}],"version-history":[{"count":2,"href":"https:\/\/ecosentec.com\/de\/wp-json\/wp\/v2\/product\/4922\/revisions"}],"predecessor-version":[{"id":5824,"href":"https:\/\/ecosentec.com\/de\/wp-json\/wp\/v2\/product\/4922\/revisions\/5824"}],"wp:featuredmedia":[{"embeddable":true,"href":"https:\/\/ecosentec.com\/de\/wp-json\/wp\/v2\/media\/5822"}],"wp:attachment":[{"href":"https:\/\/ecosentec.com\/de\/wp-json\/wp\/v2\/media?parent=4922"}],"wp:term":[{"taxonomy":"product_brand","embeddable":true,"href":"https:\/\/ecosentec.com\/de\/wp-json\/wp\/v2\/product_brand?post=4922"},{"taxonomy":"product_cat","embeddable":true,"href":"https:\/\/ecosentec.com\/de\/wp-json\/wp\/v2\/product_cat?post=4922"},{"taxonomy":"product_tag","embeddable":true,"href":"https:\/\/ecosentec.com\/de\/wp-json\/wp\/v2\/product_tag?post=4922"}],"curies":[{"name":"wp","href":"https:\/\/api.w.org\/{rel}","templated":true}]}}