{"id":4891,"date":"2025-03-27T08:11:01","date_gmt":"2025-03-27T08:11:01","guid":{"rendered":"https:\/\/ecosentec.com\/?post_type=product&#038;p=4891"},"modified":"2025-04-02T07:44:04","modified_gmt":"2025-04-02T07:44:04","slug":"kostengunstige-ultraschall-wetterstation","status":"publish","type":"product","link":"https:\/\/ecosentec.com\/de\/produkt\/kostengunstige-ultraschall-wetterstation\/","title":{"rendered":"ES-W1002 Kosteng\u00fcnstige Ultraschall-Wetterstation"},"content":{"rendered":"<p class=\"p1\">Die integrierte Wetterstation ES-W1002 eignet sich vielseitig zur Umwelterfassung und integriert Windgeschwindigkeit, Windrichtung, Temperatur und Luftfeuchtigkeit, Ger\u00e4uscherfassung, PM2,5 und PM10, CO2, Luftdruck und Licht. Das Ger\u00e4t verwendet das standardm\u00e4\u00dfige ModBus-RTU-Kommunikationsprotokoll und einen RS485-Signalausgang. Die Kommunikationsdistanz betr\u00e4gt bis zu 2000 Meter. Die Daten k\u00f6nnen \u00fcber 485-Kommunikation in die \u00dcberwachungssoftware des Kunden oder in die SPS-Konfiguration hochgeladen werden. Dar\u00fcber hinaus unterst\u00fctzt das Ger\u00e4t die Sekund\u00e4rentwicklung.<\/p>\n<p class=\"p1\">Bei Ger\u00e4ten mit eingebauter elektronischer Kompassauswahl ist bei der Installation keine Ausrichtung mehr erforderlich. Es muss lediglich eine horizontale Installation gew\u00e4hrleistet sein. Es eignet sich f\u00fcr den mobilen Einsatz, beispielsweise auf Seeschiffen und im Autoverkehr. Bei der Installation ist keine Richtungsvorgabe erforderlich.<\/p>\n<p class=\"p1\">Es wird h\u00e4ufig bei verschiedenen Gelegenheiten eingesetzt, bei denen Umgebungstemperatur und -feuchtigkeit, L\u00e4rm, Luftqualit\u00e4t, CO2, Luftdruck, Licht usw. gemessen werden m\u00fcssen. Es ist sicher und zuverl\u00e4ssig, einfach zu installieren und langlebig.<\/p>","protected":false},"excerpt":{"rendered":"<p>Die integrierte Wetterstation ES-W1002 eignet sich f\u00fcr die Umgebungserfassung und integriert Windgeschwindigkeit, Windrichtung, Temperatur und Luftfeuchtigkeit, L\u00e4rm, PM2,5 und PM10, CO2, Luftdruck und Licht. Das Ger\u00e4t verwendet das Standard-Kommunikationsprotokoll ModBus-RTU und einen RS485-Signalausgang.<\/p>","protected":false},"featured_media":5816,"template":"","meta":{"om_disable_all_campaigns":false,"_monsterinsights_skip_tracking":false,"_monsterinsights_sitenote_active":false,"_monsterinsights_sitenote_note":"","_monsterinsights_sitenote_category":0,"site-sidebar-layout":"default","site-content-layout":"default","ast-site-content-layout":"default","site-content-style":"default","site-sidebar-style":"default","ast-global-header-display":"","ast-banner-title-visibility":"","ast-main-header-display":"","ast-hfb-above-header-display":"","ast-hfb-below-header-display":"","ast-hfb-mobile-header-display":"","site-post-title":"","ast-breadcrumbs-content":"","ast-featured-img":"","footer-sml-layout":"","ast-disable-related-posts":"","theme-transparent-header-meta":"default","adv-header-id-meta":"","stick-header-meta":"","header-above-stick-meta":"","header-main-stick-meta":"","header-below-stick-meta":"","astra-migrate-meta-layouts":"set","ast-page-background-enabled":"default","ast-page-background-meta":{"desktop":{"background-color":"","background-image":"","background-repeat":"repeat","background-position":"center center","background-size":"auto","background-attachment":"scroll","background-type":"","background-media":"","overlay-type":"","overlay-color":"","overlay-opacity":"","overlay-gradient":""},"tablet":{"background-color":"","background-image":"","background-repeat":"repeat","background-position":"center center","background-size":"auto","background-attachment":"scroll","background-type":"","background-media":"","overlay-type":"","overlay-color":"","overlay-opacity":"","overlay-gradient":""},"mobile":{"background-color":"","background-image":"","background-repeat":"repeat","background-position":"center center","background-size":"auto","background-attachment":"scroll","background-type":"","background-media":"","overlay-type":"","overlay-color":"","overlay-opacity":"","overlay-gradient":""}},"ast-content-background-meta":{"desktop":{"background-color":"var(--ast-global-color-5)","background-image":"","background-repeat":"repeat","background-position":"center center","background-size":"auto","background-attachment":"scroll","background-type":"","background-media":"","overlay-type":"","overlay-color":"","overlay-opacity":"","overlay-gradient":""},"tablet":{"background-color":"var(--ast-global-color-5)","background-image":"","background-repeat":"repeat","background-position":"center center","background-size":"auto","background-attachment":"scroll","background-type":"","background-media":"","overlay-type":"","overlay-color":"","overlay-opacity":"","overlay-gradient":""},"mobile":{"background-color":"var(--ast-global-color-5)","background-image":"","background-repeat":"repeat","background-position":"center center","background-size":"auto","background-attachment":"scroll","background-type":"","background-media":"","overlay-type":"","overlay-color":"","overlay-opacity":"","overlay-gradient":""}},"_joinchat":[]},"product_brand":[],"product_cat":[87,86],"product_tag":[],"class_list":{"0":"post-4891","1":"product","2":"type-product","3":"status-publish","4":"has-post-thumbnail","6":"product_cat-ultrasonic-weather-station","7":"product_cat-weather-station","8":"desktop-align-left","9":"tablet-align-left","10":"mobile-align-left","12":"first","13":"instock","14":"shipping-taxable","15":"purchasable","16":"product-type-simple"},"jetpack_sharing_enabled":true,"_links":{"self":[{"href":"https:\/\/ecosentec.com\/de\/wp-json\/wp\/v2\/product\/4891","targetHints":{"allow":["GET"]}}],"collection":[{"href":"https:\/\/ecosentec.com\/de\/wp-json\/wp\/v2\/product"}],"about":[{"href":"https:\/\/ecosentec.com\/de\/wp-json\/wp\/v2\/types\/product"}],"version-history":[{"count":2,"href":"https:\/\/ecosentec.com\/de\/wp-json\/wp\/v2\/product\/4891\/revisions"}],"predecessor-version":[{"id":5819,"href":"https:\/\/ecosentec.com\/de\/wp-json\/wp\/v2\/product\/4891\/revisions\/5819"}],"wp:featuredmedia":[{"embeddable":true,"href":"https:\/\/ecosentec.com\/de\/wp-json\/wp\/v2\/media\/5816"}],"wp:attachment":[{"href":"https:\/\/ecosentec.com\/de\/wp-json\/wp\/v2\/media?parent=4891"}],"wp:term":[{"taxonomy":"product_brand","embeddable":true,"href":"https:\/\/ecosentec.com\/de\/wp-json\/wp\/v2\/product_brand?post=4891"},{"taxonomy":"product_cat","embeddable":true,"href":"https:\/\/ecosentec.com\/de\/wp-json\/wp\/v2\/product_cat?post=4891"},{"taxonomy":"product_tag","embeddable":true,"href":"https:\/\/ecosentec.com\/de\/wp-json\/wp\/v2\/product_tag?post=4891"}],"curies":[{"name":"wp","href":"https:\/\/api.w.org\/{rel}","templated":true}]}}