{"id":4890,"date":"2025-03-27T08:11:01","date_gmt":"2025-03-27T08:11:01","guid":{"rendered":"https:\/\/ecosentec.com\/?post_type=product&#038;p=4890"},"modified":"2025-07-08T07:44:53","modified_gmt":"2025-07-08T07:44:53","slug":"flussigkristall-lcd-gassensor","status":"publish","type":"product","link":"https:\/\/ecosentec.com\/de\/produkt\/flussigkristall-lcd-gassensor\/","title":{"rendered":"ES-G334 Fl\u00fcssigkristall-LCD-Gassensor"},"content":{"rendered":"<p class=\"p1\">Der Fl\u00fcssigkristall-LCD-Gassensor ES-G334 dient zur Erfassung der Gaskonzentrationsparameter in der Luft. \u00dcberschreitet die Konzentration den voreingestellten Alarmwert, werden akustische und optische Alarmsignale ausgegeben, um den Benutzer daran zu erinnern, rechtzeitig Sicherheitsma\u00dfnahmen zu ergreifen, um Explosionen und Vergiftungen zu verhindern und so die Sicherheit von Leben und Eigentum zu gew\u00e4hrleisten.<\/p>\n<p class=\"p1\">Der Gastransmitter ES-G334 verwendet den elektrochemischen Sensor bekannter Marken, der sich durch schnelles und empfindliches Ansprechverhalten sowie hohe Entst\u00f6rungsf\u00e4higkeit auszeichnet. Dank unseres einzigartigen Kompensationsalgorithmus und der mehrstufigen Standard-Gaskalibrierung bietet er zudem eine lange Lebensdauer, hohe Pr\u00e4zision, hohe Wiederholgenauigkeit und hohe Stabilit\u00e4t sowie ein gro\u00dfes LCD-Display.<\/p>\n<p class=\"p1\">Der Gastransmitter ES-G334 verf\u00fcgt \u00fcber eine Weitspannungsversorgung mit 10\u201330 V Gleichstrom, einen 485-Signalausgang und ein standardm\u00e4\u00dfiges Modbus-RTU-Kommunikationsprotokoll. Die ModBus-Adresse kann eingestellt und die Baudrate ge\u00e4ndert werden. Die Kommunikationsdistanz betr\u00e4gt bis zu 2000 Meter.<\/p>","protected":false},"excerpt":{"rendered":"<p>Der Fl\u00fcssigkristall-LCD-Gassensor ES-G334 dient zur Erfassung der Gaskonzentrationsparameter in der Luft. \u00dcberschreitet die Konzentration den voreingestellten Alarmwert, werden akustische und optische Alarmsignale ausgegeben, um den Benutzer daran zu erinnern, rechtzeitig Sicherheitsma\u00dfnahmen zu ergreifen, um Explosionen und Vergiftungen zu verhindern und so die Sicherheit von Leben und Eigentum zu gew\u00e4hrleisten.<\/p>","protected":false},"featured_media":6100,"template":"","meta":{"om_disable_all_campaigns":false,"_monsterinsights_skip_tracking":false,"_monsterinsights_sitenote_active":false,"_monsterinsights_sitenote_note":"","_monsterinsights_sitenote_category":0,"site-sidebar-layout":"default","site-content-layout":"default","ast-site-content-layout":"default","site-content-style":"default","site-sidebar-style":"default","ast-global-header-display":"","ast-banner-title-visibility":"","ast-main-header-display":"","ast-hfb-above-header-display":"","ast-hfb-below-header-display":"","ast-hfb-mobile-header-display":"","site-post-title":"","ast-breadcrumbs-content":"","ast-featured-img":"","footer-sml-layout":"","ast-disable-related-posts":"","theme-transparent-header-meta":"default","adv-header-id-meta":"","stick-header-meta":"","header-above-stick-meta":"","header-main-stick-meta":"","header-below-stick-meta":"","astra-migrate-meta-layouts":"set","ast-page-background-enabled":"default","ast-page-background-meta":{"desktop":{"background-color":"","background-image":"","background-repeat":"repeat","background-position":"center center","background-size":"auto","background-attachment":"scroll","background-type":"","background-media":"","overlay-type":"","overlay-color":"","overlay-opacity":"","overlay-gradient":""},"tablet":{"background-color":"","background-image":"","background-repeat":"repeat","background-position":"center center","background-size":"auto","background-attachment":"scroll","background-type":"","background-media":"","overlay-type":"","overlay-color":"","overlay-opacity":"","overlay-gradient":""},"mobile":{"background-color":"","background-image":"","background-repeat":"repeat","background-position":"center center","background-size":"auto","background-attachment":"scroll","background-type":"","background-media":"","overlay-type":"","overlay-color":"","overlay-opacity":"","overlay-gradient":""}},"ast-content-background-meta":{"desktop":{"background-color":"var(--ast-global-color-5)","background-image":"","background-repeat":"repeat","background-position":"center center","background-size":"auto","background-attachment":"scroll","background-type":"","background-media":"","overlay-type":"","overlay-color":"","overlay-opacity":"","overlay-gradient":""},"tablet":{"background-color":"var(--ast-global-color-5)","background-image":"","background-repeat":"repeat","background-position":"center center","background-size":"auto","background-attachment":"scroll","background-type":"","background-media":"","overlay-type":"","overlay-color":"","overlay-opacity":"","overlay-gradient":""},"mobile":{"background-color":"var(--ast-global-color-5)","background-image":"","background-repeat":"repeat","background-position":"center center","background-size":"auto","background-attachment":"scroll","background-type":"","background-media":"","overlay-type":"","overlay-color":"","overlay-opacity":"","overlay-gradient":""}},"_joinchat":[]},"product_brand":[],"product_cat":[89,93],"product_tag":[297,301],"class_list":{"0":"post-4890","1":"product","2":"type-product","3":"status-publish","4":"has-post-thumbnail","6":"product_cat-ambient-sensor","7":"product_cat-gas-concentration-sensor","8":"product_tag-air-quality","9":"product_tag-ambient-sensor","10":"desktop-align-left","11":"tablet-align-left","12":"mobile-align-left","14":"first","15":"instock","16":"shipping-taxable","17":"purchasable","18":"product-type-simple"},"jetpack_sharing_enabled":true,"_links":{"self":[{"href":"https:\/\/ecosentec.com\/de\/wp-json\/wp\/v2\/product\/4890","targetHints":{"allow":["GET"]}}],"collection":[{"href":"https:\/\/ecosentec.com\/de\/wp-json\/wp\/v2\/product"}],"about":[{"href":"https:\/\/ecosentec.com\/de\/wp-json\/wp\/v2\/types\/product"}],"version-history":[{"count":4,"href":"https:\/\/ecosentec.com\/de\/wp-json\/wp\/v2\/product\/4890\/revisions"}],"predecessor-version":[{"id":6103,"href":"https:\/\/ecosentec.com\/de\/wp-json\/wp\/v2\/product\/4890\/revisions\/6103"}],"wp:featuredmedia":[{"embeddable":true,"href":"https:\/\/ecosentec.com\/de\/wp-json\/wp\/v2\/media\/6100"}],"wp:attachment":[{"href":"https:\/\/ecosentec.com\/de\/wp-json\/wp\/v2\/media?parent=4890"}],"wp:term":[{"taxonomy":"product_brand","embeddable":true,"href":"https:\/\/ecosentec.com\/de\/wp-json\/wp\/v2\/product_brand?post=4890"},{"taxonomy":"product_cat","embeddable":true,"href":"https:\/\/ecosentec.com\/de\/wp-json\/wp\/v2\/product_cat?post=4890"},{"taxonomy":"product_tag","embeddable":true,"href":"https:\/\/ecosentec.com\/de\/wp-json\/wp\/v2\/product_tag?post=4890"}],"curies":[{"name":"wp","href":"https:\/\/api.w.org\/{rel}","templated":true}]}}