{"id":4889,"date":"2025-03-27T08:11:00","date_gmt":"2025-03-27T08:11:00","guid":{"rendered":"https:\/\/ecosentec.com\/?post_type=product&#038;p=4889"},"modified":"2025-04-10T10:17:42","modified_gmt":"2025-04-10T10:17:42","slug":"tragbarer-gasdetektor","status":"publish","type":"product","link":"https:\/\/ecosentec.com\/de\/produkt\/tragbarer-gasdetektor\/","title":{"rendered":"Tragbarer Gasdetektor ES-G332"},"content":{"rendered":"<p class=\"p1\">Der tragbare Gasdetektor ES-G332 nutzt modernste digitale integrierte Schaltkreistechnologie und internationale Gasdetektionstechnologie, um einen neuen intelligenten Gasdetektor zu entwickeln. Der SEM332 verf\u00fcgt \u00fcber ein gro\u00dfes Vollfarb-LCD-Display zur Anzeige von Echtzeitmesswerten. Als Sonde kommt eine Sonde eines namhaften Herstellers zum Einsatz. Basierend auf langj\u00e4hriger Erfahrung in der Entwicklung von Gastransmittern wird eine ausgereifte und stabile Sondenl\u00f6sung mit langer Lebensdauer verwendet. Der Detektor nutzt ein nat\u00fcrliches Diffusionsverfahren zur Gaserkennung.<\/p>\n<p class=\"p1\">Der tragbare Gasdetektor ES-G332, der mit dem digitalen Chip eines internationalen Herstellers entwickelt wurde, kann eine sehr hohe Empfindlichkeit und hervorragende Wiederholgenauigkeit erreichen. Das Geh\u00e4use besteht aus industriellem, hochfestem Verbundkunststoff, der eine hohe Festigkeit und gute Haptik aufweist und \u00fcber Funktionen wie Wasser- und Staubdichtigkeit verf\u00fcgt.<\/p>","protected":false},"excerpt":{"rendered":"<p>Der tragbare Gasdetektor ES-G332 nutzt modernste digitale integrierte Schaltkreistechnologie und internationale Gasdetektionstechnologie, um einen neuen intelligenten Gasdetektor zu entwickeln. Der SEM332 verf\u00fcgt \u00fcber ein gro\u00dfes Vollfarb-LCD-Display zur Anzeige von Echtzeitmesswerten. Als Sonde kommt eine Sonde eines namhaften Herstellers zum Einsatz.<\/p>","protected":false},"featured_media":6094,"template":"","meta":{"om_disable_all_campaigns":false,"_monsterinsights_skip_tracking":false,"_monsterinsights_sitenote_active":false,"_monsterinsights_sitenote_note":"","_monsterinsights_sitenote_category":0,"site-sidebar-layout":"default","site-content-layout":"default","ast-site-content-layout":"default","site-content-style":"default","site-sidebar-style":"default","ast-global-header-display":"","ast-banner-title-visibility":"","ast-main-header-display":"","ast-hfb-above-header-display":"","ast-hfb-below-header-display":"","ast-hfb-mobile-header-display":"","site-post-title":"","ast-breadcrumbs-content":"","ast-featured-img":"","footer-sml-layout":"","ast-disable-related-posts":"","theme-transparent-header-meta":"default","adv-header-id-meta":"","stick-header-meta":"","header-above-stick-meta":"","header-main-stick-meta":"","header-below-stick-meta":"","astra-migrate-meta-layouts":"set","ast-page-background-enabled":"default","ast-page-background-meta":{"desktop":{"background-color":"","background-image":"","background-repeat":"repeat","background-position":"center center","background-size":"auto","background-attachment":"scroll","background-type":"","background-media":"","overlay-type":"","overlay-color":"","overlay-opacity":"","overlay-gradient":""},"tablet":{"background-color":"","background-image":"","background-repeat":"repeat","background-position":"center center","background-size":"auto","background-attachment":"scroll","background-type":"","background-media":"","overlay-type":"","overlay-color":"","overlay-opacity":"","overlay-gradient":""},"mobile":{"background-color":"","background-image":"","background-repeat":"repeat","background-position":"center center","background-size":"auto","background-attachment":"scroll","background-type":"","background-media":"","overlay-type":"","overlay-color":"","overlay-opacity":"","overlay-gradient":""}},"ast-content-background-meta":{"desktop":{"background-color":"var(--ast-global-color-5)","background-image":"","background-repeat":"repeat","background-position":"center center","background-size":"auto","background-attachment":"scroll","background-type":"","background-media":"","overlay-type":"","overlay-color":"","overlay-opacity":"","overlay-gradient":""},"tablet":{"background-color":"var(--ast-global-color-5)","background-image":"","background-repeat":"repeat","background-position":"center center","background-size":"auto","background-attachment":"scroll","background-type":"","background-media":"","overlay-type":"","overlay-color":"","overlay-opacity":"","overlay-gradient":""},"mobile":{"background-color":"var(--ast-global-color-5)","background-image":"","background-repeat":"repeat","background-position":"center center","background-size":"auto","background-attachment":"scroll","background-type":"","background-media":"","overlay-type":"","overlay-color":"","overlay-opacity":"","overlay-gradient":""}},"_joinchat":[]},"product_brand":[],"product_cat":[89,93],"product_tag":[],"class_list":{"0":"post-4889","1":"product","2":"type-product","3":"status-publish","4":"has-post-thumbnail","6":"product_cat-ambient-sensor","7":"product_cat-gas-concentration-sensor","8":"desktop-align-left","9":"tablet-align-left","10":"mobile-align-left","12":"first","13":"instock","14":"shipping-taxable","15":"purchasable","16":"product-type-simple"},"jetpack_sharing_enabled":true,"_links":{"self":[{"href":"https:\/\/ecosentec.com\/de\/wp-json\/wp\/v2\/product\/4889","targetHints":{"allow":["GET"]}}],"collection":[{"href":"https:\/\/ecosentec.com\/de\/wp-json\/wp\/v2\/product"}],"about":[{"href":"https:\/\/ecosentec.com\/de\/wp-json\/wp\/v2\/types\/product"}],"version-history":[{"count":3,"href":"https:\/\/ecosentec.com\/de\/wp-json\/wp\/v2\/product\/4889\/revisions"}],"predecessor-version":[{"id":6095,"href":"https:\/\/ecosentec.com\/de\/wp-json\/wp\/v2\/product\/4889\/revisions\/6095"}],"wp:featuredmedia":[{"embeddable":true,"href":"https:\/\/ecosentec.com\/de\/wp-json\/wp\/v2\/media\/6094"}],"wp:attachment":[{"href":"https:\/\/ecosentec.com\/de\/wp-json\/wp\/v2\/media?parent=4889"}],"wp:term":[{"taxonomy":"product_brand","embeddable":true,"href":"https:\/\/ecosentec.com\/de\/wp-json\/wp\/v2\/product_brand?post=4889"},{"taxonomy":"product_cat","embeddable":true,"href":"https:\/\/ecosentec.com\/de\/wp-json\/wp\/v2\/product_cat?post=4889"},{"taxonomy":"product_tag","embeddable":true,"href":"https:\/\/ecosentec.com\/de\/wp-json\/wp\/v2\/product_tag?post=4889"}],"curies":[{"name":"wp","href":"https:\/\/api.w.org\/{rel}","templated":true}]}}