{"id":4887,"date":"2025-03-27T08:11:00","date_gmt":"2025-03-27T08:11:00","guid":{"rendered":"https:\/\/ecosentec.com\/?post_type=product&#038;p=4887"},"modified":"2025-06-26T09:32:42","modified_gmt":"2025-06-26T09:32:42","slug":"explosionsgeschutzter-gassensor","status":"publish","type":"product","link":"https:\/\/ecosentec.com\/de\/produkt\/explosionsgeschutzter-gassensor\/","title":{"rendered":"Explosionsgesch\u00fctzter Gassensor ES-G328"},"content":{"rendered":"<p class=\"p1\">Der explosionsgesch\u00fctzte Gassensor ES-G328 dient zur Erfassung der Gaskonzentration in der Luft. \u00dcberschreitet die Konzentration den voreingestellten Alarmwert, ert\u00f6nt ein akustisches und optisches Alarmsignal, um den Benutzer rechtzeitig an Sicherheitsma\u00dfnahmen zu erinnern, um Explosionen und Vergiftungen vorzubeugen und so Leben und Eigentum zu sch\u00fctzen. Der Transmitter verwendet importierte elektrochemische Sensoren erstklassiger Marken, die sich durch schnelle Reaktion und hohe Entst\u00f6rungsf\u00e4higkeit auszeichnen. Dank unseres einzigartigen Kompensationsalgorithmus und der mehrstufigen Standard-Gaskalibrierung zeichnet er sich zudem durch lange Lebensdauer, hohe Pr\u00e4zision, hohe Wiederholgenauigkeit und hohe Stabilit\u00e4t aus. Mit seinem gro\u00dfen LCD-Display, Schutzart IP65 und Explosionsschutzkennzeichnung Ex d IIC T6 Gb eignet er sich f\u00fcr den Einsatz in rauen Au\u00dfenumgebungen.<\/p>","protected":false},"excerpt":{"rendered":"<p>Der explosionsgesch\u00fctzte Gassensor ES-G328 dient zur Erkennung der Gaskonzentration in der Luft. \u00dcberschreitet die Konzentration den voreingestellten Alarmwert, ert\u00f6nt ein akustisches und optisches Alarmsignal. Das erinnert den Benutzer daran, rechtzeitig Sicherheitsma\u00dfnahmen zu ergreifen, um Explosionen und Vergiftungen vorzubeugen und so Leben und Eigentum zu sch\u00fctzen.<\/p>","protected":false},"featured_media":6090,"template":"","meta":{"om_disable_all_campaigns":false,"_monsterinsights_skip_tracking":false,"_monsterinsights_sitenote_active":false,"_monsterinsights_sitenote_note":"","_monsterinsights_sitenote_category":0,"site-sidebar-layout":"default","site-content-layout":"default","ast-site-content-layout":"default","site-content-style":"default","site-sidebar-style":"default","ast-global-header-display":"","ast-banner-title-visibility":"","ast-main-header-display":"","ast-hfb-above-header-display":"","ast-hfb-below-header-display":"","ast-hfb-mobile-header-display":"","site-post-title":"","ast-breadcrumbs-content":"","ast-featured-img":"","footer-sml-layout":"","ast-disable-related-posts":"","theme-transparent-header-meta":"default","adv-header-id-meta":"","stick-header-meta":"","header-above-stick-meta":"","header-main-stick-meta":"","header-below-stick-meta":"","astra-migrate-meta-layouts":"set","ast-page-background-enabled":"default","ast-page-background-meta":{"desktop":{"background-color":"","background-image":"","background-repeat":"repeat","background-position":"center center","background-size":"auto","background-attachment":"scroll","background-type":"","background-media":"","overlay-type":"","overlay-color":"","overlay-opacity":"","overlay-gradient":""},"tablet":{"background-color":"","background-image":"","background-repeat":"repeat","background-position":"center center","background-size":"auto","background-attachment":"scroll","background-type":"","background-media":"","overlay-type":"","overlay-color":"","overlay-opacity":"","overlay-gradient":""},"mobile":{"background-color":"","background-image":"","background-repeat":"repeat","background-position":"center center","background-size":"auto","background-attachment":"scroll","background-type":"","background-media":"","overlay-type":"","overlay-color":"","overlay-opacity":"","overlay-gradient":""}},"ast-content-background-meta":{"desktop":{"background-color":"var(--ast-global-color-5)","background-image":"","background-repeat":"repeat","background-position":"center center","background-size":"auto","background-attachment":"scroll","background-type":"","background-media":"","overlay-type":"","overlay-color":"","overlay-opacity":"","overlay-gradient":""},"tablet":{"background-color":"var(--ast-global-color-5)","background-image":"","background-repeat":"repeat","background-position":"center center","background-size":"auto","background-attachment":"scroll","background-type":"","background-media":"","overlay-type":"","overlay-color":"","overlay-opacity":"","overlay-gradient":""},"mobile":{"background-color":"var(--ast-global-color-5)","background-image":"","background-repeat":"repeat","background-position":"center center","background-size":"auto","background-attachment":"scroll","background-type":"","background-media":"","overlay-type":"","overlay-color":"","overlay-opacity":"","overlay-gradient":""}},"_joinchat":[]},"product_brand":[],"product_cat":[89,93],"product_tag":[298],"class_list":{"0":"post-4887","1":"product","2":"type-product","3":"status-publish","4":"has-post-thumbnail","6":"product_cat-ambient-sensor","7":"product_cat-gas-concentration-sensor","8":"product_tag-gas-detector","9":"desktop-align-left","10":"tablet-align-left","11":"mobile-align-left","13":"first","14":"instock","15":"shipping-taxable","16":"purchasable","17":"product-type-simple"},"jetpack_sharing_enabled":true,"_links":{"self":[{"href":"https:\/\/ecosentec.com\/de\/wp-json\/wp\/v2\/product\/4887","targetHints":{"allow":["GET"]}}],"collection":[{"href":"https:\/\/ecosentec.com\/de\/wp-json\/wp\/v2\/product"}],"about":[{"href":"https:\/\/ecosentec.com\/de\/wp-json\/wp\/v2\/types\/product"}],"version-history":[{"count":2,"href":"https:\/\/ecosentec.com\/de\/wp-json\/wp\/v2\/product\/4887\/revisions"}],"predecessor-version":[{"id":6091,"href":"https:\/\/ecosentec.com\/de\/wp-json\/wp\/v2\/product\/4887\/revisions\/6091"}],"wp:featuredmedia":[{"embeddable":true,"href":"https:\/\/ecosentec.com\/de\/wp-json\/wp\/v2\/media\/6090"}],"wp:attachment":[{"href":"https:\/\/ecosentec.com\/de\/wp-json\/wp\/v2\/media?parent=4887"}],"wp:term":[{"taxonomy":"product_brand","embeddable":true,"href":"https:\/\/ecosentec.com\/de\/wp-json\/wp\/v2\/product_brand?post=4887"},{"taxonomy":"product_cat","embeddable":true,"href":"https:\/\/ecosentec.com\/de\/wp-json\/wp\/v2\/product_cat?post=4887"},{"taxonomy":"product_tag","embeddable":true,"href":"https:\/\/ecosentec.com\/de\/wp-json\/wp\/v2\/product_tag?post=4887"}],"curies":[{"name":"wp","href":"https:\/\/api.w.org\/{rel}","templated":true}]}}