{"id":4836,"date":"2025-03-27T08:10:01","date_gmt":"2025-03-27T08:10:01","guid":{"rendered":"https:\/\/ecosentec.com\/?post_type=product&#038;p=4836"},"modified":"2025-06-26T09:33:30","modified_gmt":"2025-06-26T09:33:30","slug":"wandmontierter-gassensor","status":"publish","type":"product","link":"https:\/\/ecosentec.com\/de\/produkt\/wandmontierter-gassensor\/","title":{"rendered":"ES-GXXX Wandmontierter CO2-, NH3-, H2-, CO-, H2S-, CH4-, NO2-, SO2-, O3-, O2-, PH3-, TVOC-, CH2O-Gassensor"},"content":{"rendered":"<p class=\"p1\">Zu den Gassensoren der ES-GXXX-Serie geh\u00f6ren Kohlenmonoxidsensoren, Kohlendioxidsensoren, drahtlose Kohlendioxidsensoren, industriell wandmontierte Kohlendioxidsensoren, Sauerstoffsensoren, Ozonsensoren, Schwefelhexafluoridsensoren, Schwefelwasserstoffsensoren, Ammoniaksensoren, Schwefeldioxidsensoren, Stickstoffdioxidsensoren, TVOC-Sensoren, Phosphinsensoren, Wasserstoffsensoren, Methansensoren, Formaldehydsensoren usw.<\/p>\n<p class=\"p1\">Die Gastransmitter der ES-GXXX-Serie verwenden importierte Sensoren, die sich durch schnelle Reaktionszeiten und hohe Entst\u00f6rungsf\u00e4higkeit auszeichnen. Hohe Pr\u00e4zision, hohe Wiederholgenauigkeit und hohe Stabilit\u00e4t. Das Ger\u00e4t verf\u00fcgt \u00fcber ein wasserdichtes Geh\u00e4use und wird zur Wandmontage verwendet. Es kann mit einem hochwertigen OLED-Display ausgestattet werden, sodass der Messwert direkt vor Ort abgelesen werden kann. Das st\u00f6rungsfreie Schaltungsdesign h\u00e4lt verschiedenen starken elektromagnetischen St\u00f6rungen stand, beispielsweise durch Frequenzumrichter vor Ort.<\/p>\n<p class=\"p1\">Sie unterst\u00fctzen mehrere Signalausg\u00e4nge wie RS485 und analog (4~20 mA\/0~10 V\/0~5 V).<\/p>","protected":false},"excerpt":{"rendered":"<p>Zu den Gassensoren der ES-GXXX-Serie geh\u00f6ren Kohlenmonoxidsensoren, Kohlendioxidsensoren, drahtlose Kohlendioxidsensoren, industriell wandmontierte Kohlendioxidsensoren, Sauerstoffsensoren, Ozonsensoren, Schwefelhexafluoridsensoren, Schwefelwasserstoffsensoren, Ammoniaksensoren, Schwefeldioxidsensoren, Stickstoffdioxidsensoren, TVOC-Sensoren, Phosphinsensoren, Wasserstoffsensoren, Methansensoren, Formaldehydsensoren usw.<\/p>","protected":false},"featured_media":6074,"template":"","meta":{"om_disable_all_campaigns":false,"_monsterinsights_skip_tracking":false,"_monsterinsights_sitenote_active":false,"_monsterinsights_sitenote_note":"","_monsterinsights_sitenote_category":0,"site-sidebar-layout":"default","site-content-layout":"default","ast-site-content-layout":"default","site-content-style":"default","site-sidebar-style":"default","ast-global-header-display":"","ast-banner-title-visibility":"","ast-main-header-display":"","ast-hfb-above-header-display":"","ast-hfb-below-header-display":"","ast-hfb-mobile-header-display":"","site-post-title":"","ast-breadcrumbs-content":"","ast-featured-img":"","footer-sml-layout":"","ast-disable-related-posts":"","theme-transparent-header-meta":"default","adv-header-id-meta":"","stick-header-meta":"","header-above-stick-meta":"","header-main-stick-meta":"","header-below-stick-meta":"","astra-migrate-meta-layouts":"set","ast-page-background-enabled":"default","ast-page-background-meta":{"desktop":{"background-color":"","background-image":"","background-repeat":"repeat","background-position":"center center","background-size":"auto","background-attachment":"scroll","background-type":"","background-media":"","overlay-type":"","overlay-color":"","overlay-opacity":"","overlay-gradient":""},"tablet":{"background-color":"","background-image":"","background-repeat":"repeat","background-position":"center center","background-size":"auto","background-attachment":"scroll","background-type":"","background-media":"","overlay-type":"","overlay-color":"","overlay-opacity":"","overlay-gradient":""},"mobile":{"background-color":"","background-image":"","background-repeat":"repeat","background-position":"center center","background-size":"auto","background-attachment":"scroll","background-type":"","background-media":"","overlay-type":"","overlay-color":"","overlay-opacity":"","overlay-gradient":""}},"ast-content-background-meta":{"desktop":{"background-color":"var(--ast-global-color-5)","background-image":"","background-repeat":"repeat","background-position":"center center","background-size":"auto","background-attachment":"scroll","background-type":"","background-media":"","overlay-type":"","overlay-color":"","overlay-opacity":"","overlay-gradient":""},"tablet":{"background-color":"var(--ast-global-color-5)","background-image":"","background-repeat":"repeat","background-position":"center center","background-size":"auto","background-attachment":"scroll","background-type":"","background-media":"","overlay-type":"","overlay-color":"","overlay-opacity":"","overlay-gradient":""},"mobile":{"background-color":"var(--ast-global-color-5)","background-image":"","background-repeat":"repeat","background-position":"center center","background-size":"auto","background-attachment":"scroll","background-type":"","background-media":"","overlay-type":"","overlay-color":"","overlay-opacity":"","overlay-gradient":""}},"_joinchat":[]},"product_brand":[],"product_cat":[89,93],"product_tag":[297,298],"class_list":{"0":"post-4836","1":"product","2":"type-product","3":"status-publish","4":"has-post-thumbnail","6":"product_cat-ambient-sensor","7":"product_cat-gas-concentration-sensor","8":"product_tag-air-quality","9":"product_tag-gas-detector","10":"desktop-align-left","11":"tablet-align-left","12":"mobile-align-left","14":"first","15":"instock","16":"shipping-taxable","17":"purchasable","18":"product-type-simple"},"jetpack_sharing_enabled":true,"_links":{"self":[{"href":"https:\/\/ecosentec.com\/de\/wp-json\/wp\/v2\/product\/4836","targetHints":{"allow":["GET"]}}],"collection":[{"href":"https:\/\/ecosentec.com\/de\/wp-json\/wp\/v2\/product"}],"about":[{"href":"https:\/\/ecosentec.com\/de\/wp-json\/wp\/v2\/types\/product"}],"version-history":[{"count":3,"href":"https:\/\/ecosentec.com\/de\/wp-json\/wp\/v2\/product\/4836\/revisions"}],"predecessor-version":[{"id":6078,"href":"https:\/\/ecosentec.com\/de\/wp-json\/wp\/v2\/product\/4836\/revisions\/6078"}],"wp:featuredmedia":[{"embeddable":true,"href":"https:\/\/ecosentec.com\/de\/wp-json\/wp\/v2\/media\/6074"}],"wp:attachment":[{"href":"https:\/\/ecosentec.com\/de\/wp-json\/wp\/v2\/media?parent=4836"}],"wp:term":[{"taxonomy":"product_brand","embeddable":true,"href":"https:\/\/ecosentec.com\/de\/wp-json\/wp\/v2\/product_brand?post=4836"},{"taxonomy":"product_cat","embeddable":true,"href":"https:\/\/ecosentec.com\/de\/wp-json\/wp\/v2\/product_cat?post=4836"},{"taxonomy":"product_tag","embeddable":true,"href":"https:\/\/ecosentec.com\/de\/wp-json\/wp\/v2\/product_tag?post=4836"}],"curies":[{"name":"wp","href":"https:\/\/api.w.org\/{rel}","templated":true}]}}