{"id":4832,"date":"2025-03-27T08:10:00","date_gmt":"2025-03-27T08:10:00","guid":{"rendered":"https:\/\/ecosentec.com\/?post_type=product&#038;p=4832"},"modified":"2025-04-10T10:37:21","modified_gmt":"2025-04-10T10:37:21","slug":"wandmontierter-mehrelement-sender","status":"publish","type":"product","link":"https:\/\/ecosentec.com\/de\/produkt\/wandmontierter-mehrelement-sender\/","title":{"rendered":"ES-A240U Wandmontierter Mehrelement-Sender"},"content":{"rendered":"<p class=\"p1\">Die Luft- und Gassensoren ES-A240U verwenden importierte digitale Temperatur- und Feuchtigkeitssensoren, die w\u00e4hrend der Produktion fein kalibriert werden und deren Kalibrierungsdaten im internen Speicher abgelegt werden.<\/p>\n<p class=\"p1\">Dieser Sensor verf\u00fcgt \u00fcber einen digitalen Ausgang und ist vollst\u00e4ndig austauschbar. Er erfordert keine komplexen Verifizierungs- und Kalibrierungsprozesse und bietet herausragende Leistung hinsichtlich Messgenauigkeit, Linearit\u00e4t, Wiederholbarkeit, Austauschbarkeit und Konsistenz.<\/p>\n<p class=\"p1\">Der wandmontierte Mehrelement-Transmitter ES-A240U kann vielseitig zur Umwelt\u00fcberwachung eingesetzt werden und kann Temperatur und Luftfeuchtigkeit, Luftdruck, PM, CO2, TVOC, L\u00e4rm, Formaldehyd und andere Faktoren \u00fcberwachen.<\/p>\n<p class=\"p1\">Es verf\u00fcgt au\u00dferdem \u00fcber eine Vielzahl von Signalausgabemethoden, die f\u00fcr den Einsatz in verschiedenen Umgebungen praktisch sind. Es ist sicher und zuverl\u00e4ssig, hat ein kleines Design, ist einfach zu installieren und langlebig.<\/p>","protected":false},"excerpt":{"rendered":"<p>Der wandmontierte Mehrelement-Transmitter ES-A240U kann vielseitig zur Umwelt\u00fcberwachung eingesetzt werden und kann Temperatur und Luftfeuchtigkeit, Luftdruck, PM, CO2, TVOC, L\u00e4rm, Formaldehyd und andere Faktoren \u00fcberwachen.<\/p>","protected":false},"featured_media":6049,"template":"","meta":{"om_disable_all_campaigns":false,"_monsterinsights_skip_tracking":false,"_monsterinsights_sitenote_active":false,"_monsterinsights_sitenote_note":"","_monsterinsights_sitenote_category":0,"site-sidebar-layout":"default","site-content-layout":"default","ast-site-content-layout":"default","site-content-style":"default","site-sidebar-style":"default","ast-global-header-display":"","ast-banner-title-visibility":"","ast-main-header-display":"","ast-hfb-above-header-display":"","ast-hfb-below-header-display":"","ast-hfb-mobile-header-display":"","site-post-title":"","ast-breadcrumbs-content":"","ast-featured-img":"","footer-sml-layout":"","ast-disable-related-posts":"","theme-transparent-header-meta":"default","adv-header-id-meta":"","stick-header-meta":"","header-above-stick-meta":"","header-main-stick-meta":"","header-below-stick-meta":"","astra-migrate-meta-layouts":"set","ast-page-background-enabled":"default","ast-page-background-meta":{"desktop":{"background-color":"","background-image":"","background-repeat":"repeat","background-position":"center center","background-size":"auto","background-attachment":"scroll","background-type":"","background-media":"","overlay-type":"","overlay-color":"","overlay-opacity":"","overlay-gradient":""},"tablet":{"background-color":"","background-image":"","background-repeat":"repeat","background-position":"center center","background-size":"auto","background-attachment":"scroll","background-type":"","background-media":"","overlay-type":"","overlay-color":"","overlay-opacity":"","overlay-gradient":""},"mobile":{"background-color":"","background-image":"","background-repeat":"repeat","background-position":"center center","background-size":"auto","background-attachment":"scroll","background-type":"","background-media":"","overlay-type":"","overlay-color":"","overlay-opacity":"","overlay-gradient":""}},"ast-content-background-meta":{"desktop":{"background-color":"var(--ast-global-color-5)","background-image":"","background-repeat":"repeat","background-position":"center center","background-size":"auto","background-attachment":"scroll","background-type":"","background-media":"","overlay-type":"","overlay-color":"","overlay-opacity":"","overlay-gradient":""},"tablet":{"background-color":"var(--ast-global-color-5)","background-image":"","background-repeat":"repeat","background-position":"center center","background-size":"auto","background-attachment":"scroll","background-type":"","background-media":"","overlay-type":"","overlay-color":"","overlay-opacity":"","overlay-gradient":""},"mobile":{"background-color":"var(--ast-global-color-5)","background-image":"","background-repeat":"repeat","background-position":"center center","background-size":"auto","background-attachment":"scroll","background-type":"","background-media":"","overlay-type":"","overlay-color":"","overlay-opacity":"","overlay-gradient":""}},"_joinchat":[]},"product_brand":[],"product_cat":[91,97,89,259,93,92,90],"product_tag":[],"class_list":{"0":"post-4832","1":"product","2":"type-product","3":"status-publish","4":"has-post-thumbnail","6":"product_cat-air-quality-pm-sensor","7":"product_cat-all-in-one-ambient-sensor","8":"product_cat-ambient-sensor","9":"product_cat-barometric-pressure-sensor","10":"product_cat-gas-concentration-sensor","11":"product_cat-noise-sensor","12":"product_cat-temperature-humidity-sensor","13":"desktop-align-left","14":"tablet-align-left","15":"mobile-align-left","17":"first","18":"instock","19":"shipping-taxable","20":"purchasable","21":"product-type-simple"},"jetpack_sharing_enabled":true,"_links":{"self":[{"href":"https:\/\/ecosentec.com\/de\/wp-json\/wp\/v2\/product\/4832","targetHints":{"allow":["GET"]}}],"collection":[{"href":"https:\/\/ecosentec.com\/de\/wp-json\/wp\/v2\/product"}],"about":[{"href":"https:\/\/ecosentec.com\/de\/wp-json\/wp\/v2\/types\/product"}],"version-history":[{"count":2,"href":"https:\/\/ecosentec.com\/de\/wp-json\/wp\/v2\/product\/4832\/revisions"}],"predecessor-version":[{"id":6045,"href":"https:\/\/ecosentec.com\/de\/wp-json\/wp\/v2\/product\/4832\/revisions\/6045"}],"wp:featuredmedia":[{"embeddable":true,"href":"https:\/\/ecosentec.com\/de\/wp-json\/wp\/v2\/media\/6049"}],"wp:attachment":[{"href":"https:\/\/ecosentec.com\/de\/wp-json\/wp\/v2\/media?parent=4832"}],"wp:term":[{"taxonomy":"product_brand","embeddable":true,"href":"https:\/\/ecosentec.com\/de\/wp-json\/wp\/v2\/product_brand?post=4832"},{"taxonomy":"product_cat","embeddable":true,"href":"https:\/\/ecosentec.com\/de\/wp-json\/wp\/v2\/product_cat?post=4832"},{"taxonomy":"product_tag","embeddable":true,"href":"https:\/\/ecosentec.com\/de\/wp-json\/wp\/v2\/product_tag?post=4832"}],"curies":[{"name":"wp","href":"https:\/\/api.w.org\/{rel}","templated":true}]}}