{"id":4830,"date":"2025-03-27T08:09:59","date_gmt":"2025-03-27T08:09:59","guid":{"rendered":"https:\/\/ecosentec.com\/?post_type=product&#038;p=4830"},"modified":"2025-06-26T09:29:00","modified_gmt":"2025-06-26T09:29:00","slug":"sonnenschutz-luft-und-gassensor","status":"publish","type":"product","link":"https:\/\/ecosentec.com\/de\/produkt\/sonnenschutz-luft-und-gassensor\/","title":{"rendered":"ES-A227 Sonnenschutz-Luft- und Gassensor"},"content":{"rendered":"<p class=\"p1\">Der integrierte Luft- und Gassensor ES-A227 mit Sonnenschutzrollladen eignet sich vielseitig zur Umwelt\u00fcberwachung und unterst\u00fctzt die \u00dcberwachung von Temperatur, Luftfeuchtigkeit, Luftdruck, Licht, L\u00e4rm, CO\u2082, PM\u2082, PM\u2081, TVOC, Formaldehyd (CH\u2082O), Ozon (O\u2083), Sauerstoff (O\u2082), Schwefelwasserstoff (H\u2082S), Methan (CH\u2084), Kohlenmonoxid (CO), Stickstoffdioxid (NO\u2082), Schwefeldioxid (SO\u2082), Wasserstoff (H\u2082), Ammoniak (NH\u2083) und weiteren Parametern. Der Sensor ist im Rollladenkasten installiert, der den internen Wettersensor vor starkem Wind, Regen und Schnee sch\u00fctzt. Gleichzeitig ist das gesamte Ger\u00e4t in Form wei\u00dfer Rolll\u00e4den konstruiert, um den Einfluss der Sonneneinstrahlung weitestgehend zu vermeiden. Dadurch wird die Luftzirkulation und -interaktion innerhalb und au\u00dferhalb des Ger\u00e4ts gew\u00e4hrleistet. Dies gew\u00e4hrleistet die Genauigkeit und Stabilit\u00e4t der Messdaten, verl\u00e4ngert die Lebensdauer meteorologischer Instrumente erheblich und reduziert die Wartungskosten. Es ist ein unverzichtbares Ger\u00e4t f\u00fcr die Wetterbeobachtung. Das Ger\u00e4t verwendet das standardm\u00e4\u00dfige MODBUS-RTU-Kommunikationsprotokoll und den RS485-Signalausgang und die maximale Kommunikationsdistanz kann 2000 Meter erreichen.<\/p>","protected":false},"excerpt":{"rendered":"<p>Der integrierte Sonnenschutz-Luft- und Gassensor ES-A227 kann vielseitig zur Umwelterkennung eingesetzt werden und unterst\u00fctzt die \u00dcberwachung von Temperatur und Luftfeuchtigkeit, Luftdruck, Licht, L\u00e4rm, CO2, PM2,5 und PM10, TVOC, Formaldehyd (CH2O), Ozon (O3), Sauerstoff (O2), Schwefelwasserstoff (H2S), Methan (CH4), Kohlenmonoxid (CO), Stickstoffdioxid (NO2), Schwefeldioxid (SO2), Wasserstoff (H2), Ammoniak (NH3) und anderen Parametern.<\/p>","protected":false},"featured_media":6040,"template":"","meta":{"om_disable_all_campaigns":false,"_monsterinsights_skip_tracking":false,"_monsterinsights_sitenote_active":false,"_monsterinsights_sitenote_note":"","_monsterinsights_sitenote_category":0,"site-sidebar-layout":"default","site-content-layout":"default","ast-site-content-layout":"default","site-content-style":"default","site-sidebar-style":"default","ast-global-header-display":"","ast-banner-title-visibility":"","ast-main-header-display":"","ast-hfb-above-header-display":"","ast-hfb-below-header-display":"","ast-hfb-mobile-header-display":"","site-post-title":"","ast-breadcrumbs-content":"","ast-featured-img":"","footer-sml-layout":"","ast-disable-related-posts":"","theme-transparent-header-meta":"default","adv-header-id-meta":"","stick-header-meta":"","header-above-stick-meta":"","header-main-stick-meta":"","header-below-stick-meta":"","astra-migrate-meta-layouts":"set","ast-page-background-enabled":"default","ast-page-background-meta":{"desktop":{"background-color":"","background-image":"","background-repeat":"repeat","background-position":"center center","background-size":"auto","background-attachment":"scroll","background-type":"","background-media":"","overlay-type":"","overlay-color":"","overlay-opacity":"","overlay-gradient":""},"tablet":{"background-color":"","background-image":"","background-repeat":"repeat","background-position":"center center","background-size":"auto","background-attachment":"scroll","background-type":"","background-media":"","overlay-type":"","overlay-color":"","overlay-opacity":"","overlay-gradient":""},"mobile":{"background-color":"","background-image":"","background-repeat":"repeat","background-position":"center center","background-size":"auto","background-attachment":"scroll","background-type":"","background-media":"","overlay-type":"","overlay-color":"","overlay-opacity":"","overlay-gradient":""}},"ast-content-background-meta":{"desktop":{"background-color":"var(--ast-global-color-5)","background-image":"","background-repeat":"repeat","background-position":"center center","background-size":"auto","background-attachment":"scroll","background-type":"","background-media":"","overlay-type":"","overlay-color":"","overlay-opacity":"","overlay-gradient":""},"tablet":{"background-color":"var(--ast-global-color-5)","background-image":"","background-repeat":"repeat","background-position":"center center","background-size":"auto","background-attachment":"scroll","background-type":"","background-media":"","overlay-type":"","overlay-color":"","overlay-opacity":"","overlay-gradient":""},"mobile":{"background-color":"var(--ast-global-color-5)","background-image":"","background-repeat":"repeat","background-position":"center center","background-size":"auto","background-attachment":"scroll","background-type":"","background-media":"","overlay-type":"","overlay-color":"","overlay-opacity":"","overlay-gradient":""}},"_joinchat":[]},"product_brand":[],"product_cat":[91,97,89,259,93,92,90],"product_tag":[297],"class_list":{"0":"post-4830","1":"product","2":"type-product","3":"status-publish","4":"has-post-thumbnail","6":"product_cat-air-quality-pm-sensor","7":"product_cat-all-in-one-ambient-sensor","8":"product_cat-ambient-sensor","9":"product_cat-barometric-pressure-sensor","10":"product_cat-gas-concentration-sensor","11":"product_cat-noise-sensor","12":"product_cat-temperature-humidity-sensor","13":"product_tag-air-quality","14":"desktop-align-left","15":"tablet-align-left","16":"mobile-align-left","18":"first","19":"instock","20":"shipping-taxable","21":"purchasable","22":"product-type-simple"},"jetpack_sharing_enabled":true,"_links":{"self":[{"href":"https:\/\/ecosentec.com\/de\/wp-json\/wp\/v2\/product\/4830","targetHints":{"allow":["GET"]}}],"collection":[{"href":"https:\/\/ecosentec.com\/de\/wp-json\/wp\/v2\/product"}],"about":[{"href":"https:\/\/ecosentec.com\/de\/wp-json\/wp\/v2\/types\/product"}],"version-history":[{"count":2,"href":"https:\/\/ecosentec.com\/de\/wp-json\/wp\/v2\/product\/4830\/revisions"}],"predecessor-version":[{"id":6042,"href":"https:\/\/ecosentec.com\/de\/wp-json\/wp\/v2\/product\/4830\/revisions\/6042"}],"wp:featuredmedia":[{"embeddable":true,"href":"https:\/\/ecosentec.com\/de\/wp-json\/wp\/v2\/media\/6040"}],"wp:attachment":[{"href":"https:\/\/ecosentec.com\/de\/wp-json\/wp\/v2\/media?parent=4830"}],"wp:term":[{"taxonomy":"product_brand","embeddable":true,"href":"https:\/\/ecosentec.com\/de\/wp-json\/wp\/v2\/product_brand?post=4830"},{"taxonomy":"product_cat","embeddable":true,"href":"https:\/\/ecosentec.com\/de\/wp-json\/wp\/v2\/product_cat?post=4830"},{"taxonomy":"product_tag","embeddable":true,"href":"https:\/\/ecosentec.com\/de\/wp-json\/wp\/v2\/product_tag?post=4830"}],"curies":[{"name":"wp","href":"https:\/\/api.w.org\/{rel}","templated":true}]}}