{"id":4827,"date":"2025-03-27T08:09:58","date_gmt":"2025-03-27T08:09:58","guid":{"rendered":"https:\/\/ecosentec.com\/?post_type=product&#038;p=4827"},"modified":"2025-04-10T09:46:42","modified_gmt":"2025-04-10T09:46:42","slug":"luftqualitats-pm-sensor","status":"publish","type":"product","link":"https:\/\/ecosentec.com\/de\/produkt\/luftqualitats-pm-sensor\/","title":{"rendered":"ES-A224 Luftqualit\u00e4ts-PM-Sensor"},"content":{"rendered":"<p class=\"p1\">Der Partikelkonzentrationssensor ES-A224 ist ein industrieller Allzweck-Partikelkonzentrationstransmitter zur Messung von PM1,0, PM2,5 und PM10. Das st\u00f6rungsfreie Schaltungsdesign widersteht verschiedenen starken elektromagnetischen St\u00f6rungen, wie z. B. Frequenzumsetzern vor Ort. Er basiert auf dem Prinzip der Laserstreumessung und nutzt die einzigartige Dualfrequenz-Datenerfassungstechnologie, um die Anzahl der Partikel mit \u00e4quivalenter Partikelgr\u00f6\u00dfe pro Volumeneinheit zu ermitteln. Ein wissenschaftlicher und einzigartiger Algorithmus berechnet die Massenkonzentration von Partikeln mit \u00e4quivalenter Partikelgr\u00f6\u00dfe pro Volumeneinheit und gibt die Daten als Pseudomengensignal (4\u201320 mA, 0\u201310 V, 0\u20135 V) oder als digitales RS485-Signal aus.<\/p>\n<p class=\"p1\">Es ist au\u00dferdem f\u00fcr die Wand- und Rohrmontage konzipiert, um verschiedenen Anwendungsszenarien gerecht zu werden. IP65-Schutzgeh\u00e4use, unterst\u00fctzt OLED-Display.<\/p>","protected":false},"excerpt":{"rendered":"<p>Der Partikelkonzentrationssensor ES-A224 ist ein industrieller Allzweck-Partikelkonzentrationstransmitter zur Messung von PM1,0, PM2,5 und PM10. Das st\u00f6rungsfreie Schaltungsdesign widersteht verschiedenen starken elektromagnetischen St\u00f6rungen, wie z. B. Frequenzumsetzern vor Ort. Er basiert auf dem Prinzip der Laserstreumessung und nutzt die einzigartige Zweifrequenz-Datenerfassungstechnologie, um die Anzahl der Partikel mit \u00e4quivalenter Partikelgr\u00f6\u00dfe pro Volumeneinheit zu ermitteln.<\/p>","protected":false},"featured_media":6086,"template":"","meta":{"om_disable_all_campaigns":false,"_monsterinsights_skip_tracking":false,"_monsterinsights_sitenote_active":false,"_monsterinsights_sitenote_note":"","_monsterinsights_sitenote_category":0,"site-sidebar-layout":"default","site-content-layout":"default","ast-site-content-layout":"default","site-content-style":"default","site-sidebar-style":"default","ast-global-header-display":"","ast-banner-title-visibility":"","ast-main-header-display":"","ast-hfb-above-header-display":"","ast-hfb-below-header-display":"","ast-hfb-mobile-header-display":"","site-post-title":"","ast-breadcrumbs-content":"","ast-featured-img":"","footer-sml-layout":"","ast-disable-related-posts":"","theme-transparent-header-meta":"default","adv-header-id-meta":"","stick-header-meta":"","header-above-stick-meta":"","header-main-stick-meta":"","header-below-stick-meta":"","astra-migrate-meta-layouts":"set","ast-page-background-enabled":"default","ast-page-background-meta":{"desktop":{"background-color":"","background-image":"","background-repeat":"repeat","background-position":"center center","background-size":"auto","background-attachment":"scroll","background-type":"","background-media":"","overlay-type":"","overlay-color":"","overlay-opacity":"","overlay-gradient":""},"tablet":{"background-color":"","background-image":"","background-repeat":"repeat","background-position":"center center","background-size":"auto","background-attachment":"scroll","background-type":"","background-media":"","overlay-type":"","overlay-color":"","overlay-opacity":"","overlay-gradient":""},"mobile":{"background-color":"","background-image":"","background-repeat":"repeat","background-position":"center center","background-size":"auto","background-attachment":"scroll","background-type":"","background-media":"","overlay-type":"","overlay-color":"","overlay-opacity":"","overlay-gradient":""}},"ast-content-background-meta":{"desktop":{"background-color":"var(--ast-global-color-5)","background-image":"","background-repeat":"repeat","background-position":"center center","background-size":"auto","background-attachment":"scroll","background-type":"","background-media":"","overlay-type":"","overlay-color":"","overlay-opacity":"","overlay-gradient":""},"tablet":{"background-color":"var(--ast-global-color-5)","background-image":"","background-repeat":"repeat","background-position":"center center","background-size":"auto","background-attachment":"scroll","background-type":"","background-media":"","overlay-type":"","overlay-color":"","overlay-opacity":"","overlay-gradient":""},"mobile":{"background-color":"var(--ast-global-color-5)","background-image":"","background-repeat":"repeat","background-position":"center center","background-size":"auto","background-attachment":"scroll","background-type":"","background-media":"","overlay-type":"","overlay-color":"","overlay-opacity":"","overlay-gradient":""}},"_joinchat":[]},"product_brand":[],"product_cat":[91,89],"product_tag":[],"class_list":{"0":"post-4827","1":"product","2":"type-product","3":"status-publish","4":"has-post-thumbnail","6":"product_cat-air-quality-pm-sensor","7":"product_cat-ambient-sensor","8":"desktop-align-left","9":"tablet-align-left","10":"mobile-align-left","12":"first","13":"instock","14":"shipping-taxable","15":"purchasable","16":"product-type-simple"},"jetpack_sharing_enabled":true,"_links":{"self":[{"href":"https:\/\/ecosentec.com\/de\/wp-json\/wp\/v2\/product\/4827","targetHints":{"allow":["GET"]}}],"collection":[{"href":"https:\/\/ecosentec.com\/de\/wp-json\/wp\/v2\/product"}],"about":[{"href":"https:\/\/ecosentec.com\/de\/wp-json\/wp\/v2\/types\/product"}],"version-history":[{"count":2,"href":"https:\/\/ecosentec.com\/de\/wp-json\/wp\/v2\/product\/4827\/revisions"}],"predecessor-version":[{"id":6072,"href":"https:\/\/ecosentec.com\/de\/wp-json\/wp\/v2\/product\/4827\/revisions\/6072"}],"wp:featuredmedia":[{"embeddable":true,"href":"https:\/\/ecosentec.com\/de\/wp-json\/wp\/v2\/media\/6086"}],"wp:attachment":[{"href":"https:\/\/ecosentec.com\/de\/wp-json\/wp\/v2\/media?parent=4827"}],"wp:term":[{"taxonomy":"product_brand","embeddable":true,"href":"https:\/\/ecosentec.com\/de\/wp-json\/wp\/v2\/product_brand?post=4827"},{"taxonomy":"product_cat","embeddable":true,"href":"https:\/\/ecosentec.com\/de\/wp-json\/wp\/v2\/product_cat?post=4827"},{"taxonomy":"product_tag","embeddable":true,"href":"https:\/\/ecosentec.com\/de\/wp-json\/wp\/v2\/product_tag?post=4827"}],"curies":[{"name":"wp","href":"https:\/\/api.w.org\/{rel}","templated":true}]}}