{"id":4826,"date":"2025-03-27T08:09:58","date_gmt":"2025-03-27T08:09:58","guid":{"rendered":"https:\/\/ecosentec.com\/?post_type=product&#038;p=4826"},"modified":"2025-04-11T03:53:45","modified_gmt":"2025-04-11T03:53:45","slug":"ultraviolett-uv-sensor","status":"publish","type":"product","link":"https:\/\/ecosentec.com\/de\/produkt\/ultraviolett-uv-sensor\/","title":{"rendered":"ES-S320 Ultraviolett-UV-Sensor"},"content":{"rendered":"<p class=\"p1\">Der UV-Sensor ES-S320 basiert auf dem Prinzip, dass lichtempfindliche Elemente UV-Strahlen in messbare elektrische Signale umwandeln, um eine Online-\u00dcberwachung der UV-Strahlung zu erm\u00f6glichen. Die Schaltung verwendet industrietaugliche Mikroprozessorchips aus den USA und importierte hochpr\u00e4zise UV-Sensoren, um die hervorragende Zuverl\u00e4ssigkeit und hohe Pr\u00e4zision des Produkts zu gew\u00e4hrleisten. Das Produktgeh\u00e4use ist ein wandmontiertes Hochschutzgeh\u00e4use mit Schutzart IP65 und somit regen- und schneefest.<\/p>\n<p class=\"p1\">Das Produkt integriert Temperatur- und Feuchtigkeitssensoren in einem und die Messdaten sind umfassender. Das Produkt gibt 485 Signale aus (Standard-Modbus-RTU-Protokoll), kann bis zu 2000 Meter kommunizieren und unterst\u00fctzt die Sekund\u00e4rentwicklung.<\/p>","protected":false},"excerpt":{"rendered":"<p>Der UV-Sensor ES-S320 basiert auf dem Prinzip, dass lichtempfindliche Elemente UV-Strahlen in messbare elektrische Signale umwandeln, um eine Online-\u00dcberwachung der UV-Strahlen zu erm\u00f6glichen.<\/p>","protected":false},"featured_media":6120,"template":"","meta":{"om_disable_all_campaigns":false,"_monsterinsights_skip_tracking":false,"_monsterinsights_sitenote_active":false,"_monsterinsights_sitenote_note":"","_monsterinsights_sitenote_category":0,"site-sidebar-layout":"default","site-content-layout":"default","ast-site-content-layout":"default","site-content-style":"default","site-sidebar-style":"default","ast-global-header-display":"","ast-banner-title-visibility":"","ast-main-header-display":"","ast-hfb-above-header-display":"","ast-hfb-below-header-display":"","ast-hfb-mobile-header-display":"","site-post-title":"","ast-breadcrumbs-content":"","ast-featured-img":"","footer-sml-layout":"","ast-disable-related-posts":"","theme-transparent-header-meta":"default","adv-header-id-meta":"","stick-header-meta":"","header-above-stick-meta":"","header-main-stick-meta":"","header-below-stick-meta":"","astra-migrate-meta-layouts":"set","ast-page-background-enabled":"default","ast-page-background-meta":{"desktop":{"background-color":"","background-image":"","background-repeat":"repeat","background-position":"center center","background-size":"auto","background-attachment":"scroll","background-type":"","background-media":"","overlay-type":"","overlay-color":"","overlay-opacity":"","overlay-gradient":""},"tablet":{"background-color":"","background-image":"","background-repeat":"repeat","background-position":"center center","background-size":"auto","background-attachment":"scroll","background-type":"","background-media":"","overlay-type":"","overlay-color":"","overlay-opacity":"","overlay-gradient":""},"mobile":{"background-color":"","background-image":"","background-repeat":"repeat","background-position":"center center","background-size":"auto","background-attachment":"scroll","background-type":"","background-media":"","overlay-type":"","overlay-color":"","overlay-opacity":"","overlay-gradient":""}},"ast-content-background-meta":{"desktop":{"background-color":"var(--ast-global-color-5)","background-image":"","background-repeat":"repeat","background-position":"center center","background-size":"auto","background-attachment":"scroll","background-type":"","background-media":"","overlay-type":"","overlay-color":"","overlay-opacity":"","overlay-gradient":""},"tablet":{"background-color":"var(--ast-global-color-5)","background-image":"","background-repeat":"repeat","background-position":"center center","background-size":"auto","background-attachment":"scroll","background-type":"","background-media":"","overlay-type":"","overlay-color":"","overlay-opacity":"","overlay-gradient":""},"mobile":{"background-color":"var(--ast-global-color-5)","background-image":"","background-repeat":"repeat","background-position":"center center","background-size":"auto","background-attachment":"scroll","background-type":"","background-media":"","overlay-type":"","overlay-color":"","overlay-opacity":"","overlay-gradient":""}},"_joinchat":[]},"product_brand":[],"product_cat":[76,85],"product_tag":[],"class_list":{"0":"post-4826","1":"product","2":"type-product","3":"status-publish","4":"has-post-thumbnail","6":"product_cat-solar-radiation-sensor","7":"product_cat-uv-radiometers","8":"desktop-align-left","9":"tablet-align-left","10":"mobile-align-left","12":"first","13":"instock","14":"shipping-taxable","15":"purchasable","16":"product-type-simple"},"jetpack_sharing_enabled":true,"_links":{"self":[{"href":"https:\/\/ecosentec.com\/de\/wp-json\/wp\/v2\/product\/4826","targetHints":{"allow":["GET"]}}],"collection":[{"href":"https:\/\/ecosentec.com\/de\/wp-json\/wp\/v2\/product"}],"about":[{"href":"https:\/\/ecosentec.com\/de\/wp-json\/wp\/v2\/types\/product"}],"version-history":[{"count":2,"href":"https:\/\/ecosentec.com\/de\/wp-json\/wp\/v2\/product\/4826\/revisions"}],"predecessor-version":[{"id":6121,"href":"https:\/\/ecosentec.com\/de\/wp-json\/wp\/v2\/product\/4826\/revisions\/6121"}],"wp:featuredmedia":[{"embeddable":true,"href":"https:\/\/ecosentec.com\/de\/wp-json\/wp\/v2\/media\/6120"}],"wp:attachment":[{"href":"https:\/\/ecosentec.com\/de\/wp-json\/wp\/v2\/media?parent=4826"}],"wp:term":[{"taxonomy":"product_brand","embeddable":true,"href":"https:\/\/ecosentec.com\/de\/wp-json\/wp\/v2\/product_brand?post=4826"},{"taxonomy":"product_cat","embeddable":true,"href":"https:\/\/ecosentec.com\/de\/wp-json\/wp\/v2\/product_cat?post=4826"},{"taxonomy":"product_tag","embeddable":true,"href":"https:\/\/ecosentec.com\/de\/wp-json\/wp\/v2\/product_tag?post=4826"}],"curies":[{"name":"wp","href":"https:\/\/api.w.org\/{rel}","templated":true}]}}