{"id":4825,"date":"2025-03-27T08:09:58","date_gmt":"2025-03-27T08:09:58","guid":{"rendered":"https:\/\/ecosentec.com\/?post_type=product&#038;p=4825"},"modified":"2025-10-24T09:00:25","modified_gmt":"2025-10-24T09:00:25","slug":"ultraviolettsensor","status":"publish","type":"product","link":"https:\/\/ecosentec.com\/de\/produkt\/ultraviolettsensor\/","title":{"rendered":"ES-S228V Ultraviolettsensor"},"content":{"rendered":"<p class=\"p1\"><span class=\"s1\">ES-S228V <\/span>ist ein von unserem Unternehmen entwickelter UV-Sensor. Dieses Produkt basiert auf dem Prinzip, dass ein lichtempfindliches Element UV-Licht in ein messbares elektrisches Signal umwandelt, um eine Online-\u00dcberwachung des UV-Lichts zu erm\u00f6glichen. Die Schaltung verwendet aus den USA importierte Industrie-Mikroprozessorchips und importierte hochpr\u00e4zise UV-Sensoren, um die hervorragende Zuverl\u00e4ssigkeit und hohe Pr\u00e4zision des Produkts zu gew\u00e4hrleisten. Der integrierte Sensor liefert umfassendere Messdaten. Das Produkt gibt 485 Signale aus (Standard-Modbus-RTU-Protokoll), kann bis zu 2000 Meter weit kommunizieren und unterst\u00fctzt die Sekund\u00e4rentwicklung. Das Geh\u00e4use ist hochgesch\u00fctzt und entspricht der Schutzart IP67.<\/p>","protected":false},"excerpt":{"rendered":"<p><span class=\"s1\">ES-S228V <\/span>ist ein von unserem Unternehmen entwickelter UV-Sensor. Dieses Produkt basiert auf dem Prinzip, dass ein lichtempfindliches Element ultraviolettes Licht in ein messbares elektrisches Signal umwandelt, um eine Online-\u00dcberwachung des ultravioletten Lichts zu erm\u00f6glichen.<\/p>","protected":false},"featured_media":6548,"template":"","meta":{"om_disable_all_campaigns":false,"_monsterinsights_skip_tracking":false,"_monsterinsights_sitenote_active":false,"_monsterinsights_sitenote_note":"","_monsterinsights_sitenote_category":0,"site-sidebar-layout":"default","site-content-layout":"default","ast-site-content-layout":"default","site-content-style":"default","site-sidebar-style":"default","ast-global-header-display":"","ast-banner-title-visibility":"","ast-main-header-display":"","ast-hfb-above-header-display":"","ast-hfb-below-header-display":"","ast-hfb-mobile-header-display":"","site-post-title":"","ast-breadcrumbs-content":"","ast-featured-img":"","footer-sml-layout":"","ast-disable-related-posts":"","theme-transparent-header-meta":"default","adv-header-id-meta":"","stick-header-meta":"","header-above-stick-meta":"","header-main-stick-meta":"","header-below-stick-meta":"","astra-migrate-meta-layouts":"set","ast-page-background-enabled":"default","ast-page-background-meta":{"desktop":{"background-color":"","background-image":"","background-repeat":"repeat","background-position":"center center","background-size":"auto","background-attachment":"scroll","background-type":"","background-media":"","overlay-type":"","overlay-color":"","overlay-opacity":"","overlay-gradient":""},"tablet":{"background-color":"","background-image":"","background-repeat":"repeat","background-position":"center center","background-size":"auto","background-attachment":"scroll","background-type":"","background-media":"","overlay-type":"","overlay-color":"","overlay-opacity":"","overlay-gradient":""},"mobile":{"background-color":"","background-image":"","background-repeat":"repeat","background-position":"center center","background-size":"auto","background-attachment":"scroll","background-type":"","background-media":"","overlay-type":"","overlay-color":"","overlay-opacity":"","overlay-gradient":""}},"ast-content-background-meta":{"desktop":{"background-color":"var(--ast-global-color-5)","background-image":"","background-repeat":"repeat","background-position":"center center","background-size":"auto","background-attachment":"scroll","background-type":"","background-media":"","overlay-type":"","overlay-color":"","overlay-opacity":"","overlay-gradient":""},"tablet":{"background-color":"var(--ast-global-color-5)","background-image":"","background-repeat":"repeat","background-position":"center center","background-size":"auto","background-attachment":"scroll","background-type":"","background-media":"","overlay-type":"","overlay-color":"","overlay-opacity":"","overlay-gradient":""},"mobile":{"background-color":"var(--ast-global-color-5)","background-image":"","background-repeat":"repeat","background-position":"center center","background-size":"auto","background-attachment":"scroll","background-type":"","background-media":"","overlay-type":"","overlay-color":"","overlay-opacity":"","overlay-gradient":""}},"_joinchat":[]},"product_brand":[],"product_cat":[76,85],"product_tag":[302],"class_list":{"0":"post-4825","1":"product","2":"type-product","3":"status-publish","4":"has-post-thumbnail","6":"product_cat-solar-radiation-sensor","7":"product_cat-uv-radiometers","8":"product_tag-solar-radiation-sensor","9":"desktop-align-left","10":"tablet-align-left","11":"mobile-align-left","13":"first","14":"instock","15":"shipping-taxable","16":"purchasable","17":"product-type-simple"},"jetpack_sharing_enabled":true,"_links":{"self":[{"href":"https:\/\/ecosentec.com\/de\/wp-json\/wp\/v2\/product\/4825","targetHints":{"allow":["GET"]}}],"collection":[{"href":"https:\/\/ecosentec.com\/de\/wp-json\/wp\/v2\/product"}],"about":[{"href":"https:\/\/ecosentec.com\/de\/wp-json\/wp\/v2\/types\/product"}],"version-history":[{"count":2,"href":"https:\/\/ecosentec.com\/de\/wp-json\/wp\/v2\/product\/4825\/revisions"}],"predecessor-version":[{"id":6182,"href":"https:\/\/ecosentec.com\/de\/wp-json\/wp\/v2\/product\/4825\/revisions\/6182"}],"wp:featuredmedia":[{"embeddable":true,"href":"https:\/\/ecosentec.com\/de\/wp-json\/wp\/v2\/media\/6548"}],"wp:attachment":[{"href":"https:\/\/ecosentec.com\/de\/wp-json\/wp\/v2\/media?parent=4825"}],"wp:term":[{"taxonomy":"product_brand","embeddable":true,"href":"https:\/\/ecosentec.com\/de\/wp-json\/wp\/v2\/product_brand?post=4825"},{"taxonomy":"product_cat","embeddable":true,"href":"https:\/\/ecosentec.com\/de\/wp-json\/wp\/v2\/product_cat?post=4825"},{"taxonomy":"product_tag","embeddable":true,"href":"https:\/\/ecosentec.com\/de\/wp-json\/wp\/v2\/product_tag?post=4825"}],"curies":[{"name":"wp","href":"https:\/\/api.w.org\/{rel}","templated":true}]}}