{"id":4824,"date":"2025-03-27T08:09:58","date_gmt":"2025-03-27T08:09:58","guid":{"rendered":"https:\/\/ecosentec.com\/?post_type=product&#038;p=4824"},"modified":"2025-10-24T09:00:15","modified_gmt":"2025-10-24T09:00:15","slug":"solarpyranometer","status":"publish","type":"product","link":"https:\/\/ecosentec.com\/de\/produkt\/solarpyranometer\/","title":{"rendered":"ES-S228T Thermoelektrisches globales Solarpyranometer"},"content":{"rendered":"<p class=\"p1\">Das thermoelektrische globale Solarpyranometer ES-S228T basiert auf dem thermoelektrischen Prinzip und misst Sonnenstrahlung in einem Spektralbereich von 0,3 bis 3 \u03bcm. Das Sensorelement besteht aus einer drahtgewickelten, galvanisierten Thermos\u00e4ule, deren Sensoroberfl\u00e4che eine schwarze Schicht mit hohem Absorptionsverm\u00f6gen ist. Durch die thermische Wirkung der Strahlung absorbiert es Sonnenstrahlung und wandelt sie in thermoelektromotorische Kraft um. Es verf\u00fcgt au\u00dferdem \u00fcber eine Temperaturkompensationsfunktion, die eine pr\u00e4zise Messung der Sonnenstrahlung erm\u00f6glicht. Die doppelschichtige Glasabdeckung \u00fcber der Sensoroberfl\u00e4che reduziert nicht nur den Einfluss der Luftkonvektion auf das Ger\u00e4t, sondern blockiert auch die Strahlung der Abdeckung selbst. Zus\u00e4tzlich ist ein Strahlungsschild zur Messung der Streustrahlung integriert.<\/p>\n<p class=\"p1\">ES-S228T unterst\u00fctzt standardm\u00e4\u00dfige analoge Signale oder das Modbus-RTU 485-Kommunikationsprotokoll, wodurch der aktuelle Gesamtwert der Sonneneinstrahlung direkt abgelesen werden kann. Die Verdrahtung ist einfach. Das Ger\u00e4t sieht ansprechend aus und ben\u00f6tigt nur wenig Platz.<\/p>","protected":false},"excerpt":{"rendered":"<p>Das thermoelektrische globale Solarpyranometer ES-S228T basiert auf dem thermoelektrischen Prinzip und misst Sonnenstrahlung in einem Spektralbereich von 0,3 bis 3 \u03bcm. Das Sensorelement besteht aus einer drahtgewickelten, galvanisierten Thermos\u00e4ule, deren Sensoroberfl\u00e4che eine schwarze Schicht mit hohem Absorptionsverm\u00f6gen ist. Durch die thermische Wirkung der Strahlung absorbiert es Sonnenstrahlung und wandelt sie in thermoelektromotorische Kraft um.<\/p>","protected":false},"featured_media":6550,"template":"","meta":{"om_disable_all_campaigns":false,"_monsterinsights_skip_tracking":false,"_monsterinsights_sitenote_active":false,"_monsterinsights_sitenote_note":"","_monsterinsights_sitenote_category":0,"site-sidebar-layout":"default","site-content-layout":"default","ast-site-content-layout":"default","site-content-style":"default","site-sidebar-style":"default","ast-global-header-display":"","ast-banner-title-visibility":"","ast-main-header-display":"","ast-hfb-above-header-display":"","ast-hfb-below-header-display":"","ast-hfb-mobile-header-display":"","site-post-title":"","ast-breadcrumbs-content":"","ast-featured-img":"","footer-sml-layout":"","ast-disable-related-posts":"","theme-transparent-header-meta":"default","adv-header-id-meta":"","stick-header-meta":"","header-above-stick-meta":"","header-main-stick-meta":"","header-below-stick-meta":"","astra-migrate-meta-layouts":"set","ast-page-background-enabled":"default","ast-page-background-meta":{"desktop":{"background-color":"","background-image":"","background-repeat":"repeat","background-position":"center center","background-size":"auto","background-attachment":"scroll","background-type":"","background-media":"","overlay-type":"","overlay-color":"","overlay-opacity":"","overlay-gradient":""},"tablet":{"background-color":"","background-image":"","background-repeat":"repeat","background-position":"center center","background-size":"auto","background-attachment":"scroll","background-type":"","background-media":"","overlay-type":"","overlay-color":"","overlay-opacity":"","overlay-gradient":""},"mobile":{"background-color":"","background-image":"","background-repeat":"repeat","background-position":"center center","background-size":"auto","background-attachment":"scroll","background-type":"","background-media":"","overlay-type":"","overlay-color":"","overlay-opacity":"","overlay-gradient":""}},"ast-content-background-meta":{"desktop":{"background-color":"var(--ast-global-color-5)","background-image":"","background-repeat":"repeat","background-position":"center center","background-size":"auto","background-attachment":"scroll","background-type":"","background-media":"","overlay-type":"","overlay-color":"","overlay-opacity":"","overlay-gradient":""},"tablet":{"background-color":"var(--ast-global-color-5)","background-image":"","background-repeat":"repeat","background-position":"center center","background-size":"auto","background-attachment":"scroll","background-type":"","background-media":"","overlay-type":"","overlay-color":"","overlay-opacity":"","overlay-gradient":""},"mobile":{"background-color":"var(--ast-global-color-5)","background-image":"","background-repeat":"repeat","background-position":"center center","background-size":"auto","background-attachment":"scroll","background-type":"","background-media":"","overlay-type":"","overlay-color":"","overlay-opacity":"","overlay-gradient":""}},"_joinchat":[]},"product_brand":[],"product_cat":[84,76],"product_tag":[291,302],"class_list":{"0":"post-4824","1":"product","2":"type-product","3":"status-publish","4":"has-post-thumbnail","6":"product_cat-pyrgeometers","7":"product_cat-solar-radiation-sensor","8":"product_tag-solar","9":"product_tag-solar-radiation-sensor","10":"desktop-align-left","11":"tablet-align-left","12":"mobile-align-left","14":"first","15":"instock","16":"shipping-taxable","17":"purchasable","18":"product-type-simple"},"jetpack_sharing_enabled":true,"_links":{"self":[{"href":"https:\/\/ecosentec.com\/de\/wp-json\/wp\/v2\/product\/4824","targetHints":{"allow":["GET"]}}],"collection":[{"href":"https:\/\/ecosentec.com\/de\/wp-json\/wp\/v2\/product"}],"about":[{"href":"https:\/\/ecosentec.com\/de\/wp-json\/wp\/v2\/types\/product"}],"version-history":[{"count":3,"href":"https:\/\/ecosentec.com\/de\/wp-json\/wp\/v2\/product\/4824\/revisions"}],"predecessor-version":[{"id":6552,"href":"https:\/\/ecosentec.com\/de\/wp-json\/wp\/v2\/product\/4824\/revisions\/6552"}],"wp:featuredmedia":[{"embeddable":true,"href":"https:\/\/ecosentec.com\/de\/wp-json\/wp\/v2\/media\/6550"}],"wp:attachment":[{"href":"https:\/\/ecosentec.com\/de\/wp-json\/wp\/v2\/media?parent=4824"}],"wp:term":[{"taxonomy":"product_brand","embeddable":true,"href":"https:\/\/ecosentec.com\/de\/wp-json\/wp\/v2\/product_brand?post=4824"},{"taxonomy":"product_cat","embeddable":true,"href":"https:\/\/ecosentec.com\/de\/wp-json\/wp\/v2\/product_cat?post=4824"},{"taxonomy":"product_tag","embeddable":true,"href":"https:\/\/ecosentec.com\/de\/wp-json\/wp\/v2\/product_tag?post=4824"}],"curies":[{"name":"wp","href":"https:\/\/api.w.org\/{rel}","templated":true}]}}