{"id":4823,"date":"2025-03-27T08:09:58","date_gmt":"2025-03-27T08:09:58","guid":{"rendered":"https:\/\/ecosentec.com\/?post_type=product&#038;p=4823"},"modified":"2025-06-11T10:26:00","modified_gmt":"2025-06-11T10:26:00","slug":"photosynthetisch-aktiver-strahlungssensor","status":"publish","type":"product","link":"https:\/\/ecosentec.com\/de\/produkt\/photosynthetisch-aktiver-strahlungssensor\/","title":{"rendered":"ES-S228P photosynthetisch aktiver Strahlungssensor"},"content":{"rendered":"<p class=\"p1\"><span class=\"s1\">ES-S228P <\/span>Der photosynthetisch aktive Strahlungssensor nutzt das photoelektrische Sensorprinzip und kann photosynthetisch aktive Strahlung im Spektralbereich von 400 bis 700 nm messen. Der Sensor verwendet hochpr\u00e4zise photoelektrische Sensorelemente, ein breites Absorptionsspektrum, eine hohe Absorption im Bereich von 400 bis 700 nm und eine hohe Stabilit\u00e4t. Bei Lichteinfall erzeugt er ein Spannungssignal proportional zur Intensit\u00e4t der einfallenden Strahlung. Seine Empfindlichkeit ist geringer als die des einfallenden Lichts. Der Kosinus des direkten Winkels ist proportional. Die Staubschutzh\u00fclle ist speziell behandelt, um die Staubaufnahme zu reduzieren, die Beeintr\u00e4chtigung interner Komponenten durch Umwelteinfl\u00fcsse wirksam zu verhindern und die Menge der photosynthetisch aktiven Strahlung genauer zu messen.<\/p>\n<p class=\"p1\">Das Produkt verwendet das standardm\u00e4\u00dfige Modbus-RTU 485-Kommunikationsprotokoll, das den aktuellen photosynthetischen effektiven Strahlungswert direkt ablesen kann. Die Verdrahtung ist einfach. Das Erscheinungsbild ist klein und ansprechend, und der Installationsraum ist klein.<\/p>","protected":false},"excerpt":{"rendered":"<p><span class=\"s1\">ES-S228P <\/span>Der photosynthetisch aktive Strahlungssensor verwendet das photoelektrische Sensorprinzip, mit dem photosynthetisch aktive Strahlung im Spektralbereich von 400 bis 700 nm gemessen werden kann.<\/p>","protected":false},"featured_media":6548,"template":"","meta":{"om_disable_all_campaigns":false,"_monsterinsights_skip_tracking":false,"_monsterinsights_sitenote_active":false,"_monsterinsights_sitenote_note":"","_monsterinsights_sitenote_category":0,"site-sidebar-layout":"default","site-content-layout":"default","ast-site-content-layout":"default","site-content-style":"default","site-sidebar-style":"default","ast-global-header-display":"","ast-banner-title-visibility":"","ast-main-header-display":"","ast-hfb-above-header-display":"","ast-hfb-below-header-display":"","ast-hfb-mobile-header-display":"","site-post-title":"","ast-breadcrumbs-content":"","ast-featured-img":"","footer-sml-layout":"","ast-disable-related-posts":"","theme-transparent-header-meta":"default","adv-header-id-meta":"","stick-header-meta":"","header-above-stick-meta":"","header-main-stick-meta":"","header-below-stick-meta":"","astra-migrate-meta-layouts":"set","ast-page-background-enabled":"default","ast-page-background-meta":{"desktop":{"background-color":"","background-image":"","background-repeat":"repeat","background-position":"center center","background-size":"auto","background-attachment":"scroll","background-type":"","background-media":"","overlay-type":"","overlay-color":"","overlay-opacity":"","overlay-gradient":""},"tablet":{"background-color":"","background-image":"","background-repeat":"repeat","background-position":"center center","background-size":"auto","background-attachment":"scroll","background-type":"","background-media":"","overlay-type":"","overlay-color":"","overlay-opacity":"","overlay-gradient":""},"mobile":{"background-color":"","background-image":"","background-repeat":"repeat","background-position":"center center","background-size":"auto","background-attachment":"scroll","background-type":"","background-media":"","overlay-type":"","overlay-color":"","overlay-opacity":"","overlay-gradient":""}},"ast-content-background-meta":{"desktop":{"background-color":"var(--ast-global-color-5)","background-image":"","background-repeat":"repeat","background-position":"center center","background-size":"auto","background-attachment":"scroll","background-type":"","background-media":"","overlay-type":"","overlay-color":"","overlay-opacity":"","overlay-gradient":""},"tablet":{"background-color":"var(--ast-global-color-5)","background-image":"","background-repeat":"repeat","background-position":"center center","background-size":"auto","background-attachment":"scroll","background-type":"","background-media":"","overlay-type":"","overlay-color":"","overlay-opacity":"","overlay-gradient":""},"mobile":{"background-color":"var(--ast-global-color-5)","background-image":"","background-repeat":"repeat","background-position":"center center","background-size":"auto","background-attachment":"scroll","background-type":"","background-media":"","overlay-type":"","overlay-color":"","overlay-opacity":"","overlay-gradient":""}},"_joinchat":[]},"product_brand":[],"product_cat":[84,76],"product_tag":[291],"class_list":{"0":"post-4823","1":"product","2":"type-product","3":"status-publish","4":"has-post-thumbnail","6":"product_cat-pyrgeometers","7":"product_cat-solar-radiation-sensor","8":"product_tag-solar","9":"desktop-align-left","10":"tablet-align-left","11":"mobile-align-left","13":"first","14":"instock","15":"shipping-taxable","16":"purchasable","17":"product-type-simple"},"jetpack_sharing_enabled":true,"_links":{"self":[{"href":"https:\/\/ecosentec.com\/de\/wp-json\/wp\/v2\/product\/4823","targetHints":{"allow":["GET"]}}],"collection":[{"href":"https:\/\/ecosentec.com\/de\/wp-json\/wp\/v2\/product"}],"about":[{"href":"https:\/\/ecosentec.com\/de\/wp-json\/wp\/v2\/types\/product"}],"version-history":[{"count":2,"href":"https:\/\/ecosentec.com\/de\/wp-json\/wp\/v2\/product\/4823\/revisions"}],"predecessor-version":[{"id":6183,"href":"https:\/\/ecosentec.com\/de\/wp-json\/wp\/v2\/product\/4823\/revisions\/6183"}],"wp:featuredmedia":[{"embeddable":true,"href":"https:\/\/ecosentec.com\/de\/wp-json\/wp\/v2\/media\/6548"}],"wp:attachment":[{"href":"https:\/\/ecosentec.com\/de\/wp-json\/wp\/v2\/media?parent=4823"}],"wp:term":[{"taxonomy":"product_brand","embeddable":true,"href":"https:\/\/ecosentec.com\/de\/wp-json\/wp\/v2\/product_brand?post=4823"},{"taxonomy":"product_cat","embeddable":true,"href":"https:\/\/ecosentec.com\/de\/wp-json\/wp\/v2\/product_cat?post=4823"},{"taxonomy":"product_tag","embeddable":true,"href":"https:\/\/ecosentec.com\/de\/wp-json\/wp\/v2\/product_tag?post=4823"}],"curies":[{"name":"wp","href":"https:\/\/api.w.org\/{rel}","templated":true}]}}