{"id":4822,"date":"2025-03-27T08:09:57","date_gmt":"2025-03-27T08:09:57","guid":{"rendered":"https:\/\/ecosentec.com\/?post_type=product&#038;p=4822"},"modified":"2025-10-24T08:59:54","modified_gmt":"2025-10-24T08:59:54","slug":"sonnenstrahlungssensor-2","status":"publish","type":"product","link":"https:\/\/ecosentec.com\/de\/produkt\/sonnenstrahlungssensor-2\/","title":{"rendered":"ES-S228A Photoelektrischer Globalstrahlungssensor"},"content":{"rendered":"<p class=\"p1\">Der fotoelektrische Gesamtstrahlungssensor ES-S228A basiert auf dem fotoelektrischen Prinzip und misst die Gesamtstrahlung im Sonnenlicht. Der Strahlungssensor verf\u00fcgt \u00fcber ein hochpr\u00e4zises lichtempfindliches Element mit breiter spektraler Absorption, hoher Absorption im gesamten Spektralbereich und guter Stabilit\u00e4t. Zus\u00e4tzlich ist eine Staubschutzh\u00fclle mit einer Lichtdurchl\u00e4ssigkeit von bis zu 95% au\u00dferhalb des Sensorelements angebracht. Die Staubschutzh\u00fclle ist speziell behandelt, um Staub zu reduzieren. Die Adsorption verhindert effektiv die Beeinflussung interner Komponenten durch Umwelteinfl\u00fcsse und erm\u00f6glicht eine pr\u00e4zisere Messung der Sonneneinstrahlung.<span class=\"s1\"><br \/>\n<\/span>Das Produkt unterst\u00fctzt einen standardm\u00e4\u00dfigen analogen Ausgang oder das Modbus-RTU 485-Kommunikationsprotokoll, mit dem der aktuelle Sonneneinstrahlungswert direkt abgelesen werden kann. Die Verdrahtung ist einfach. Das Erscheinungsbild ist klein und ansprechend und ben\u00f6tigt wenig Installationsraum.<\/p>","protected":false},"excerpt":{"rendered":"<p>Der fotoelektrische Gesamtstrahlungssensor ES-S228A basiert auf dem fotoelektrischen Prinzip und misst die Gesamtstrahlung im Sonnenlicht. Der Strahlungssensor verf\u00fcgt \u00fcber ein hochpr\u00e4zises lichtempfindliches Element mit breiter spektraler Absorption, hoher Absorption im gesamten Spektralbereich und guter Stabilit\u00e4t. Zus\u00e4tzlich ist eine Staubschutzh\u00fclle mit einer Lichtdurchl\u00e4ssigkeit von bis zu 95% au\u00dferhalb des Sensorelements angebracht. Die Staubschutzh\u00fclle ist speziell behandelt, um Staub zu reduzieren. Die Adsorption verhindert effektiv die Beeinflussung interner Komponenten durch Umwelteinfl\u00fcsse und erm\u00f6glicht eine pr\u00e4zisere Messung der Sonneneinstrahlung.<\/p>","protected":false},"featured_media":6547,"template":"","meta":{"om_disable_all_campaigns":false,"_monsterinsights_skip_tracking":false,"_monsterinsights_sitenote_active":false,"_monsterinsights_sitenote_note":"","_monsterinsights_sitenote_category":0,"site-sidebar-layout":"default","site-content-layout":"default","ast-site-content-layout":"default","site-content-style":"default","site-sidebar-style":"default","ast-global-header-display":"","ast-banner-title-visibility":"","ast-main-header-display":"","ast-hfb-above-header-display":"","ast-hfb-below-header-display":"","ast-hfb-mobile-header-display":"","site-post-title":"","ast-breadcrumbs-content":"","ast-featured-img":"","footer-sml-layout":"","ast-disable-related-posts":"","theme-transparent-header-meta":"default","adv-header-id-meta":"","stick-header-meta":"","header-above-stick-meta":"","header-main-stick-meta":"","header-below-stick-meta":"","astra-migrate-meta-layouts":"set","ast-page-background-enabled":"default","ast-page-background-meta":{"desktop":{"background-color":"","background-image":"","background-repeat":"repeat","background-position":"center center","background-size":"auto","background-attachment":"scroll","background-type":"","background-media":"","overlay-type":"","overlay-color":"","overlay-opacity":"","overlay-gradient":""},"tablet":{"background-color":"","background-image":"","background-repeat":"repeat","background-position":"center center","background-size":"auto","background-attachment":"scroll","background-type":"","background-media":"","overlay-type":"","overlay-color":"","overlay-opacity":"","overlay-gradient":""},"mobile":{"background-color":"","background-image":"","background-repeat":"repeat","background-position":"center center","background-size":"auto","background-attachment":"scroll","background-type":"","background-media":"","overlay-type":"","overlay-color":"","overlay-opacity":"","overlay-gradient":""}},"ast-content-background-meta":{"desktop":{"background-color":"var(--ast-global-color-5)","background-image":"","background-repeat":"repeat","background-position":"center center","background-size":"auto","background-attachment":"scroll","background-type":"","background-media":"","overlay-type":"","overlay-color":"","overlay-opacity":"","overlay-gradient":""},"tablet":{"background-color":"var(--ast-global-color-5)","background-image":"","background-repeat":"repeat","background-position":"center center","background-size":"auto","background-attachment":"scroll","background-type":"","background-media":"","overlay-type":"","overlay-color":"","overlay-opacity":"","overlay-gradient":""},"mobile":{"background-color":"var(--ast-global-color-5)","background-image":"","background-repeat":"repeat","background-position":"center center","background-size":"auto","background-attachment":"scroll","background-type":"","background-media":"","overlay-type":"","overlay-color":"","overlay-opacity":"","overlay-gradient":""}},"_joinchat":[]},"product_brand":[],"product_cat":[84,76],"product_tag":[302],"class_list":{"0":"post-4822","1":"product","2":"type-product","3":"status-publish","4":"has-post-thumbnail","6":"product_cat-pyrgeometers","7":"product_cat-solar-radiation-sensor","8":"product_tag-solar-radiation-sensor","9":"desktop-align-left","10":"tablet-align-left","11":"mobile-align-left","13":"first","14":"instock","15":"shipping-taxable","16":"purchasable","17":"product-type-simple"},"jetpack_sharing_enabled":true,"_links":{"self":[{"href":"https:\/\/ecosentec.com\/de\/wp-json\/wp\/v2\/product\/4822","targetHints":{"allow":["GET"]}}],"collection":[{"href":"https:\/\/ecosentec.com\/de\/wp-json\/wp\/v2\/product"}],"about":[{"href":"https:\/\/ecosentec.com\/de\/wp-json\/wp\/v2\/types\/product"}],"version-history":[{"count":2,"href":"https:\/\/ecosentec.com\/de\/wp-json\/wp\/v2\/product\/4822\/revisions"}],"predecessor-version":[{"id":6184,"href":"https:\/\/ecosentec.com\/de\/wp-json\/wp\/v2\/product\/4822\/revisions\/6184"}],"wp:featuredmedia":[{"embeddable":true,"href":"https:\/\/ecosentec.com\/de\/wp-json\/wp\/v2\/media\/6547"}],"wp:attachment":[{"href":"https:\/\/ecosentec.com\/de\/wp-json\/wp\/v2\/media?parent=4822"}],"wp:term":[{"taxonomy":"product_brand","embeddable":true,"href":"https:\/\/ecosentec.com\/de\/wp-json\/wp\/v2\/product_brand?post=4822"},{"taxonomy":"product_cat","embeddable":true,"href":"https:\/\/ecosentec.com\/de\/wp-json\/wp\/v2\/product_cat?post=4822"},{"taxonomy":"product_tag","embeddable":true,"href":"https:\/\/ecosentec.com\/de\/wp-json\/wp\/v2\/product_tag?post=4822"}],"curies":[{"name":"wp","href":"https:\/\/api.w.org\/{rel}","templated":true}]}}