{"id":4821,"date":"2025-03-27T08:09:56","date_gmt":"2025-03-27T08:09:56","guid":{"rendered":"https:\/\/ecosentec.com\/?post_type=product&#038;p=4821"},"modified":"2025-06-24T08:32:29","modified_gmt":"2025-06-24T08:32:29","slug":"beleuchtungssender","status":"publish","type":"product","link":"https:\/\/ecosentec.com\/de\/produkt\/beleuchtungssender\/","title":{"rendered":"ES-S222C Beleuchtungssender"},"content":{"rendered":"<p class=\"p1\">Der Deckenlichtsender ES-S222C ist ein hochpr\u00e4ziser, lichtempfindlicher Sender. Die Ma\u00dfeinheit f\u00fcr den Ausgangswert ist Lux. Das Ger\u00e4t ist in einem Deckengeh\u00e4use untergebracht. Der Deckenlichtsender ist kompakt gebaut und einfach zu installieren und zu bedienen.<\/p>\n<p class=\"p1\">Der Lichtsensor ist ein praktisches Produkt mit einem hochempfindlichen lichtempfindlichen Detektor und einer hochpr\u00e4zisen linearen Verst\u00e4rkerschaltung. Er wurde streng gepr\u00fcft und pr\u00e4zise hergestellt und verf\u00fcgt \u00fcber verschiedene Lichtmessbereiche und Signalausgangsarten.<\/p>\n<p class=\"p1\">Es unterst\u00fctzt acht analoge oder 485-Ausg\u00e4nge, das Standard-ModBus-RTU-Kommunikationsprotokoll, Kommunikationsadresse und Baudrate k\u00f6nnen eingestellt werden, die maximale Kommunikationsentfernung betr\u00e4gt 2000 Meter und die Produktstromversorgung ist eine 10-30-V-Weitspannungsversorgung<\/p>","protected":false},"excerpt":{"rendered":"<p class=\"p1\">Der Deckenlichtsender ES-S222C ist ein hochpr\u00e4ziser, lichtempfindlicher Sender. Die Ma\u00dfeinheit f\u00fcr den Ausgangswert ist Lux. Das Ger\u00e4t ist in einem Deckengeh\u00e4use untergebracht. Der Deckenlichtsender ist kompakt gebaut und einfach zu installieren und zu bedienen.<\/p>","protected":false},"featured_media":6117,"template":"","meta":{"om_disable_all_campaigns":false,"_monsterinsights_skip_tracking":false,"_monsterinsights_sitenote_active":false,"_monsterinsights_sitenote_note":"","_monsterinsights_sitenote_category":0,"site-sidebar-layout":"default","site-content-layout":"default","ast-site-content-layout":"default","site-content-style":"default","site-sidebar-style":"default","ast-global-header-display":"","ast-banner-title-visibility":"","ast-main-header-display":"","ast-hfb-above-header-display":"","ast-hfb-below-header-display":"","ast-hfb-mobile-header-display":"","site-post-title":"","ast-breadcrumbs-content":"","ast-featured-img":"","footer-sml-layout":"","ast-disable-related-posts":"","theme-transparent-header-meta":"default","adv-header-id-meta":"","stick-header-meta":"","header-above-stick-meta":"","header-main-stick-meta":"","header-below-stick-meta":"","astra-migrate-meta-layouts":"set","ast-page-background-enabled":"default","ast-page-background-meta":{"desktop":{"background-color":"","background-image":"","background-repeat":"repeat","background-position":"center center","background-size":"auto","background-attachment":"scroll","background-type":"","background-media":"","overlay-type":"","overlay-color":"","overlay-opacity":"","overlay-gradient":""},"tablet":{"background-color":"","background-image":"","background-repeat":"repeat","background-position":"center center","background-size":"auto","background-attachment":"scroll","background-type":"","background-media":"","overlay-type":"","overlay-color":"","overlay-opacity":"","overlay-gradient":""},"mobile":{"background-color":"","background-image":"","background-repeat":"repeat","background-position":"center center","background-size":"auto","background-attachment":"scroll","background-type":"","background-media":"","overlay-type":"","overlay-color":"","overlay-opacity":"","overlay-gradient":""}},"ast-content-background-meta":{"desktop":{"background-color":"var(--ast-global-color-5)","background-image":"","background-repeat":"repeat","background-position":"center center","background-size":"auto","background-attachment":"scroll","background-type":"","background-media":"","overlay-type":"","overlay-color":"","overlay-opacity":"","overlay-gradient":""},"tablet":{"background-color":"var(--ast-global-color-5)","background-image":"","background-repeat":"repeat","background-position":"center center","background-size":"auto","background-attachment":"scroll","background-type":"","background-media":"","overlay-type":"","overlay-color":"","overlay-opacity":"","overlay-gradient":""},"mobile":{"background-color":"var(--ast-global-color-5)","background-image":"","background-repeat":"repeat","background-position":"center center","background-size":"auto","background-attachment":"scroll","background-type":"","background-media":"","overlay-type":"","overlay-color":"","overlay-opacity":"","overlay-gradient":""}},"_joinchat":[]},"product_brand":[],"product_cat":[79,76],"product_tag":[296],"class_list":{"0":"post-4821","1":"product","2":"type-product","3":"status-publish","4":"has-post-thumbnail","6":"product_cat-illumination-sensor","7":"product_cat-solar-radiation-sensor","8":"product_tag-illuminance","9":"desktop-align-left","10":"tablet-align-left","11":"mobile-align-left","13":"first","14":"instock","15":"shipping-taxable","16":"purchasable","17":"product-type-simple"},"jetpack_sharing_enabled":true,"_links":{"self":[{"href":"https:\/\/ecosentec.com\/de\/wp-json\/wp\/v2\/product\/4821","targetHints":{"allow":["GET"]}}],"collection":[{"href":"https:\/\/ecosentec.com\/de\/wp-json\/wp\/v2\/product"}],"about":[{"href":"https:\/\/ecosentec.com\/de\/wp-json\/wp\/v2\/types\/product"}],"version-history":[{"count":2,"href":"https:\/\/ecosentec.com\/de\/wp-json\/wp\/v2\/product\/4821\/revisions"}],"predecessor-version":[{"id":6118,"href":"https:\/\/ecosentec.com\/de\/wp-json\/wp\/v2\/product\/4821\/revisions\/6118"}],"wp:featuredmedia":[{"embeddable":true,"href":"https:\/\/ecosentec.com\/de\/wp-json\/wp\/v2\/media\/6117"}],"wp:attachment":[{"href":"https:\/\/ecosentec.com\/de\/wp-json\/wp\/v2\/media?parent=4821"}],"wp:term":[{"taxonomy":"product_brand","embeddable":true,"href":"https:\/\/ecosentec.com\/de\/wp-json\/wp\/v2\/product_brand?post=4821"},{"taxonomy":"product_cat","embeddable":true,"href":"https:\/\/ecosentec.com\/de\/wp-json\/wp\/v2\/product_cat?post=4821"},{"taxonomy":"product_tag","embeddable":true,"href":"https:\/\/ecosentec.com\/de\/wp-json\/wp\/v2\/product_tag?post=4821"}],"curies":[{"name":"wp","href":"https:\/\/api.w.org\/{rel}","templated":true}]}}