{"id":4820,"date":"2025-03-27T08:09:54","date_gmt":"2025-03-27T08:09:54","guid":{"rendered":"https:\/\/ecosentec.com\/?post_type=product&#038;p=4820"},"modified":"2025-06-24T08:32:41","modified_gmt":"2025-06-24T08:32:41","slug":"beleuchtungssensor","status":"publish","type":"product","link":"https:\/\/ecosentec.com\/de\/produkt\/beleuchtungssensor\/","title":{"rendered":"ES-S222 Beleuchtungssensor"},"content":{"rendered":"<p class=\"p1\">Der ES-S222 ist ein hochpr\u00e4ziser Beleuchtungssensor mit einer Ausgabeeinheit in Lux. Das Ger\u00e4t verwendet einen importierten Chip mit hoher Stabilit\u00e4t. Es verf\u00fcgt \u00fcber ein wasserdichtes Geh\u00e4use f\u00fcr die Wandmontage und die Schutzart IP65.<\/p>\n<p class=\"p1\">Es unterst\u00fctzt die Messung einzelner Beleuchtungsst\u00e4rken oder die gleichzeitige Messung von Temperatur, Luftfeuchtigkeit und Beleuchtungsst\u00e4rke. Das Produkt wird standardm\u00e4\u00dfig \u00fcber eine 10\u201330 V breite Spannungsversorgung mit Strom versorgt.<\/p>\n<p class=\"p1\">Es unterst\u00fctzt mehrere analoge Ausgangssignale (4\u201320 mA\/0\u201310 V\/0\u20135 V) oder RS485-Modbus-Ausgang. Das standardm\u00e4\u00dfige Modbus-RTU-Kommunikationsprotokoll unterst\u00fctzt bei Bedarf auch kundenspezifische Erweiterungen. Der Endbenutzer kann je nach Anwendung einen beliebigen Signaltyp w\u00e4hlen.<\/p>","protected":false},"excerpt":{"rendered":"<p class=\"p1\">Der ES-S222 ist ein hochpr\u00e4ziser Beleuchtungssensor mit einer Ausgabeeinheit in Lux. Das Ger\u00e4t verwendet einen importierten Chip mit hoher Stabilit\u00e4t. Es verf\u00fcgt \u00fcber ein wasserdichtes Geh\u00e4use f\u00fcr die Wandmontage und die Schutzart IP65.<\/p>\n<p class=\"p1\">","protected":false},"featured_media":6114,"template":"","meta":{"om_disable_all_campaigns":false,"_monsterinsights_skip_tracking":false,"_monsterinsights_sitenote_active":false,"_monsterinsights_sitenote_note":"","_monsterinsights_sitenote_category":0,"site-sidebar-layout":"default","site-content-layout":"default","ast-site-content-layout":"default","site-content-style":"default","site-sidebar-style":"default","ast-global-header-display":"","ast-banner-title-visibility":"","ast-main-header-display":"","ast-hfb-above-header-display":"","ast-hfb-below-header-display":"","ast-hfb-mobile-header-display":"","site-post-title":"","ast-breadcrumbs-content":"","ast-featured-img":"","footer-sml-layout":"","ast-disable-related-posts":"","theme-transparent-header-meta":"default","adv-header-id-meta":"","stick-header-meta":"","header-above-stick-meta":"","header-main-stick-meta":"","header-below-stick-meta":"","astra-migrate-meta-layouts":"set","ast-page-background-enabled":"default","ast-page-background-meta":{"desktop":{"background-color":"","background-image":"","background-repeat":"repeat","background-position":"center center","background-size":"auto","background-attachment":"scroll","background-type":"","background-media":"","overlay-type":"","overlay-color":"","overlay-opacity":"","overlay-gradient":""},"tablet":{"background-color":"","background-image":"","background-repeat":"repeat","background-position":"center center","background-size":"auto","background-attachment":"scroll","background-type":"","background-media":"","overlay-type":"","overlay-color":"","overlay-opacity":"","overlay-gradient":""},"mobile":{"background-color":"","background-image":"","background-repeat":"repeat","background-position":"center center","background-size":"auto","background-attachment":"scroll","background-type":"","background-media":"","overlay-type":"","overlay-color":"","overlay-opacity":"","overlay-gradient":""}},"ast-content-background-meta":{"desktop":{"background-color":"var(--ast-global-color-5)","background-image":"","background-repeat":"repeat","background-position":"center center","background-size":"auto","background-attachment":"scroll","background-type":"","background-media":"","overlay-type":"","overlay-color":"","overlay-opacity":"","overlay-gradient":""},"tablet":{"background-color":"var(--ast-global-color-5)","background-image":"","background-repeat":"repeat","background-position":"center center","background-size":"auto","background-attachment":"scroll","background-type":"","background-media":"","overlay-type":"","overlay-color":"","overlay-opacity":"","overlay-gradient":""},"mobile":{"background-color":"var(--ast-global-color-5)","background-image":"","background-repeat":"repeat","background-position":"center center","background-size":"auto","background-attachment":"scroll","background-type":"","background-media":"","overlay-type":"","overlay-color":"","overlay-opacity":"","overlay-gradient":""}},"_joinchat":[]},"product_brand":[],"product_cat":[79,76],"product_tag":[296],"class_list":{"0":"post-4820","1":"product","2":"type-product","3":"status-publish","4":"has-post-thumbnail","6":"product_cat-illumination-sensor","7":"product_cat-solar-radiation-sensor","8":"product_tag-illuminance","9":"desktop-align-left","10":"tablet-align-left","11":"mobile-align-left","13":"first","14":"instock","15":"shipping-taxable","16":"purchasable","17":"product-type-simple"},"jetpack_sharing_enabled":true,"_links":{"self":[{"href":"https:\/\/ecosentec.com\/de\/wp-json\/wp\/v2\/product\/4820","targetHints":{"allow":["GET"]}}],"collection":[{"href":"https:\/\/ecosentec.com\/de\/wp-json\/wp\/v2\/product"}],"about":[{"href":"https:\/\/ecosentec.com\/de\/wp-json\/wp\/v2\/types\/product"}],"version-history":[{"count":2,"href":"https:\/\/ecosentec.com\/de\/wp-json\/wp\/v2\/product\/4820\/revisions"}],"predecessor-version":[{"id":6115,"href":"https:\/\/ecosentec.com\/de\/wp-json\/wp\/v2\/product\/4820\/revisions\/6115"}],"wp:featuredmedia":[{"embeddable":true,"href":"https:\/\/ecosentec.com\/de\/wp-json\/wp\/v2\/media\/6114"}],"wp:attachment":[{"href":"https:\/\/ecosentec.com\/de\/wp-json\/wp\/v2\/media?parent=4820"}],"wp:term":[{"taxonomy":"product_brand","embeddable":true,"href":"https:\/\/ecosentec.com\/de\/wp-json\/wp\/v2\/product_brand?post=4820"},{"taxonomy":"product_cat","embeddable":true,"href":"https:\/\/ecosentec.com\/de\/wp-json\/wp\/v2\/product_cat?post=4820"},{"taxonomy":"product_tag","embeddable":true,"href":"https:\/\/ecosentec.com\/de\/wp-json\/wp\/v2\/product_tag?post=4820"}],"curies":[{"name":"wp","href":"https:\/\/api.w.org\/{rel}","templated":true}]}}