{"id":6622,"date":"2025-04-26T07:30:45","date_gmt":"2025-04-26T07:30:45","guid":{"rendered":"https:\/\/ecosentec.com\/?page_id=6622"},"modified":"2025-04-26T07:42:32","modified_gmt":"2025-04-26T07:42:32","slug":"mobiles-bodenuntersuchungsgerat","status":"publish","type":"page","link":"https:\/\/ecosentec.com\/de\/mobiles-bodenuntersuchungsgerat\/","title":{"rendered":"Mobiles Bodenuntersuchungsger\u00e4t"},"content":{"rendered":"<div data-elementor-type=\"wp-page\" data-elementor-id=\"6622\" class=\"elementor elementor-6622\" data-elementor-post-type=\"page\">\n\t\t\t\t\t\t<section data-particle_enable=\"false\" data-particle-mobile-disabled=\"false\" class=\"elementor-section elementor-top-section elementor-element elementor-element-4c223391 elementor-section-full_width elementor-section-height-default elementor-section-height-default\" data-id=\"4c223391\" data-element_type=\"section\">\n\t\t\t\t\t\t<div class=\"elementor-container elementor-column-gap-no\">\n\t\t\t\t\t<div class=\"elementor-column elementor-col-100 elementor-top-column elementor-element elementor-element-104d2d0e\" data-id=\"104d2d0e\" data-element_type=\"column\" data-settings=\"{&quot;background_background&quot;:&quot;classic&quot;}\">\n\t\t\t<div class=\"elementor-widget-wrap elementor-element-populated\">\n\t\t\t\t\t\t<section data-particle_enable=\"false\" data-particle-mobile-disabled=\"false\" class=\"elementor-section elementor-inner-section elementor-element elementor-element-353916d7 elementor-section-content-middle elementor-section-boxed elementor-section-height-default elementor-section-height-default\" data-id=\"353916d7\" data-element_type=\"section\">\n\t\t\t\t\t\t<div class=\"elementor-container elementor-column-gap-no\">\n\t\t\t\t\t<div class=\"elementor-column elementor-col-100 elementor-inner-column elementor-element elementor-element-106e1e91\" data-id=\"106e1e91\" data-element_type=\"column\">\n\t\t\t<div class=\"elementor-widget-wrap elementor-element-populated\">\n\t\t\t\t\t\t<div class=\"elementor-element elementor-element-5e5bcd3f elementor-widget__width-auto elementor-widget elementor-widget-heading\" data-id=\"5e5bcd3f\" data-element_type=\"widget\" data-widget_type=\"heading.default\">\n\t\t\t\t<div class=\"elementor-widget-container\">\n\t\t\t\t\t<h2 class=\"elementor-heading-title elementor-size-default\">Mobiles Bodenuntersuchungsger\u00e4t<\/h2>\t\t\t\t<\/div>\n\t\t\t\t<\/div>\n\t\t\t\t\t<\/div>\n\t\t<\/div>\n\t\t\t\t\t<\/div>\n\t\t<\/section>\n\t\t\t\t\t<\/div>\n\t\t<\/div>\n\t\t\t\t\t<\/div>\n\t\t<\/section>\n\t\t\t\t<section data-particle_enable=\"false\" data-particle-mobile-disabled=\"false\" class=\"elementor-section elementor-top-section elementor-element elementor-element-1958cb80 elementor-section-full_width elementor-section-height-default elementor-section-height-default\" data-id=\"1958cb80\" data-element_type=\"section\">\n\t\t\t\t\t\t<div class=\"elementor-container elementor-column-gap-no\">\n\t\t\t\t\t<div class=\"elementor-column elementor-col-100 elementor-top-column elementor-element elementor-element-2e4c1778\" data-id=\"2e4c1778\" data-element_type=\"column\" data-settings=\"{&quot;background_background&quot;:&quot;classic&quot;}\">\n\t\t\t<div class=\"elementor-widget-wrap elementor-element-populated\">\n\t\t\t\t\t\t<section data-particle_enable=\"false\" data-particle-mobile-disabled=\"false\" class=\"elementor-section elementor-inner-section elementor-element elementor-element-8087949 elementor-section-boxed elementor-section-height-default elementor-section-height-default\" data-id=\"8087949\" data-element_type=\"section\">\n\t\t\t\t\t\t<div class=\"elementor-container elementor-column-gap-no\">\n\t\t\t\t\t<div class=\"elementor-column elementor-col-66 elementor-inner-column elementor-element elementor-element-130bc4cf elementor-invisible\" data-id=\"130bc4cf\" data-element_type=\"column\" data-settings=\"{&quot;animation&quot;:&quot;fadeInLeft&quot;}\">\n\t\t\t<div class=\"elementor-widget-wrap elementor-element-populated\">\n\t\t\t\t\t\t<div class=\"elementor-element elementor-element-19c3c85c elementor-widget elementor-widget-heading\" data-id=\"19c3c85c\" data-element_type=\"widget\" data-widget_type=\"heading.default\">\n\t\t\t\t<div class=\"elementor-widget-container\">\n\t\t\t\t\t<h2 class=\"elementor-heading-title elementor-size-default\">Mobile Bodentestl\u00f6sung von EcoSentec<\/h2>\t\t\t\t<\/div>\n\t\t\t\t<\/div>\n\t\t\t\t\t<\/div>\n\t\t<\/div>\n\t\t\t\t<div class=\"elementor-column elementor-col-33 elementor-inner-column elementor-element elementor-element-6edb8775\" data-id=\"6edb8775\" data-element_type=\"column\">\n\t\t\t<div class=\"elementor-widget-wrap\">\n\t\t\t\t\t\t\t<\/div>\n\t\t<\/div>\n\t\t\t\t\t<\/div>\n\t\t<\/section>\n\t\t\t\t<section data-particle_enable=\"false\" data-particle-mobile-disabled=\"false\" class=\"elementor-section elementor-inner-section elementor-element elementor-element-644f4479 elementor-section-boxed elementor-section-height-default elementor-section-height-default\" data-id=\"644f4479\" data-element_type=\"section\">\n\t\t\t\t\t\t<div class=\"elementor-container elementor-column-gap-no\">\n\t\t\t\t\t<div class=\"elementor-column elementor-col-100 elementor-inner-column elementor-element elementor-element-1a2a3722\" data-id=\"1a2a3722\" data-element_type=\"column\">\n\t\t\t<div class=\"elementor-widget-wrap elementor-element-populated\">\n\t\t\t\t\t\t<div class=\"elementor-element elementor-element-56f55d3d elementor-invisible elementor-widget elementor-widget-eael-adv-tabs\" data-id=\"56f55d3d\" data-element_type=\"widget\" data-settings=\"{&quot;_animation&quot;:&quot;fadeInUp&quot;}\" data-widget_type=\"eael-adv-tabs.default\">\n\t\t\t\t<div class=\"elementor-widget-container\">\n\t\t\t\t\t        <div data-scroll-on-click=\"no\" data-scroll-speed=\"300\" id=\"eael-advance-tabs-56f55d3d\" class=\"eael-advance-tabs eael-tabs-vertical eael-tab-auto-active  active-caret-on\" data-tabid=\"56f55d3d\">\n            <div class=\"eael-tabs-nav\">\n                <ul class=\"\" role=\"tablist\">\n                                            <li id=\"system-introduction\" class=\"inactive eael-tab-item-trigger eael-tab-nav-item\" aria-selected=\"true\" data-tab=\"1\" role=\"tab\" tabindex=\"0\" aria-controls=\"system-introduction-tab\" aria-expanded=\"false\">\n                            \n                            \n                            \n                                                            <span class=\"eael-tab-title title-after-icon\" >Systemeinf\u00fchrung<\/span>                                                    <\/li>\n                                            <li id=\"technicalspecification\" class=\"inactive eael-tab-item-trigger eael-tab-nav-item\" aria-selected=\"false\" data-tab=\"2\" role=\"tab\" tabindex=\"-1\" aria-controls=\"technicalspecification-tab\" aria-expanded=\"false\">\n                            \n                            \n                            \n                                                            <span class=\"eael-tab-title title-after-icon\" >technische Spezifikation<\/span>                                                    <\/li>\n                                            <li id=\"selection-of-testing-methods\" class=\"inactive eael-tab-item-trigger eael-tab-nav-item\" aria-selected=\"false\" data-tab=\"3\" role=\"tab\" tabindex=\"-1\" aria-controls=\"selection-of-testing-methods-tab\" aria-expanded=\"false\">\n                            \n                            \n                            \n                                                            <span class=\"eael-tab-title title-after-icon\" >Auswahl der Pr\u00fcfmethoden<\/span>                                                    <\/li>\n                                    <\/ul>\n            <\/div>\n            \n            <div class=\"eael-tabs-content\">\n\t\t        \n                    <div id=\"system-introduction-tab\" class=\"clearfix eael-tab-content-item inactive\" data-title-link=\"system-introduction-tab\">\n\t\t\t\t        <h2 class=\"elementor-heading-title elementor-size-default elementor-inline-editing pen\" contenteditable=\"true\" data-elementor-setting-key=\"title\" data-pen-placeholder=\"Type Here...\">Mobiles Bodenpr\u00fcfger\u00e4t<\/h2><p class=\"\" data-start=\"74\" data-end=\"800\">Dieses kompakte und benutzerfreundliche mobile Bodenpr\u00fcfger\u00e4t erm\u00f6glicht schnelle und pr\u00e4zise Bodenanalysen vor Ort. Es l\u00e4sst sich direkt mit Ihrem Smartphone verbinden und arbeitet nahtlos mit einer kostenlosen, intuitiven App zusammen. Dank sofortiger Messung und Echtzeit-Datenanzeige erhalten Anwender jederzeit und \u00fcberall pr\u00e4zise Bodenzustandsmessungen. Dank seines tragbaren Designs eignet es sich ideal f\u00fcr Feldarbeit, Landwirtschaft, Gartenbau und Umwelt\u00fcberwachung.<\/p><p data-start=\"74\" data-end=\"800\"><img fetchpriority=\"high\" decoding=\"async\" data-recalc-dims=\"1\" class=\"alignnone wp-image-6624 size-full\" src=\"https:\/\/i0.wp.com\/ecosentec.com\/wp-content\/uploads\/2025\/04\/mobile-soil-sensor-parameter.jpg?resize=650%2C500&#038;ssl=1\" alt=\"mobiler Bodensensor\" width=\"650\" height=\"500\" srcset=\"https:\/\/i0.wp.com\/ecosentec.com\/wp-content\/uploads\/2025\/04\/mobile-soil-sensor-parameter.jpg?w=650&amp;ssl=1 650w, https:\/\/i0.wp.com\/ecosentec.com\/wp-content\/uploads\/2025\/04\/mobile-soil-sensor-parameter.jpg?resize=300%2C231&amp;ssl=1 300w, https:\/\/i0.wp.com\/ecosentec.com\/wp-content\/uploads\/2025\/04\/mobile-soil-sensor-parameter.jpg?resize=600%2C462&amp;ssl=1 600w\" sizes=\"(max-width: 650px) 100vw, 650px\" \/><\/p>                    <\/div>\n\t\t        \n                    <div id=\"technicalspecification-tab\" class=\"clearfix eael-tab-content-item inactive\" data-title-link=\"technicalspecification-tab\">\n\t\t\t\t        <table><tbody><tr><td><p>PARAMETER<\/p><\/td><td><p>Bodenfeuchtigkeit<\/p><\/td><td><p>Bodentemperatur<\/p><\/td><td><p>Boden-Leitf\u00e4higkeit<\/p><\/td><td><p>Boden-pH<\/p><\/td><td><p>Boden-NPK<\/p><\/td><\/tr><tr><td><p>Reichweite<\/p><\/td><td><p>0%-100%<\/p><\/td><td><p>-40\u2103~+80\u2103<\/p><\/td><td><p>0-20000\u00a0\u00b5s\/cm<\/p><\/td><td><p>3~9PH<\/p><\/td><td><p>0~1999 mg\/kg<\/p><\/td><\/tr><tr><td><p>Genauigkeit<\/p><\/td><td><p>\u00b12% innerhalb von 0-50%, \u00b13% innerhalb von 50-100%<\/p><p>(Braunerde, 60%, 25\u2103)<\/p><\/td><td><p>\u00b10,5 \u00b0C (25 \u00b0C)<\/p><\/td><td><p>\u00b13% (0-10000\u00a0\u00b5s\/cm); \u00b15% (10000-20000\u00a0\u00b5s\/cm)<\/p><p>(Braunerde, 60%RH, 25\u2103)<\/p><\/td><td><p>\u00b10,3PH (Braunerde, 60%RH, 25\u2103)<\/p><\/td><td><p>\u00b12%F.S<\/p><\/td><\/tr><tr><td><p>Aufl\u00f6sung<\/p><\/td><td><p>0.1%<\/p><\/td><td><p>0,1 \u00b0C<\/p><\/td><td><p>1\u00a0\u00b5s\/cm<\/p><\/td><td><p>0.1<\/p><\/td><td><p>1 mg\/kg (mg\/l)<\/p><\/td><\/tr><tr><td><p>Arbeitstemperatur<\/p><\/td><td colspan=\"5\"><p>-20 ~+60\u2103<\/p><\/td><\/tr><tr><td><p>Kompensationstemperatur<\/p><\/td><td colspan=\"5\"><p>Kompensationsbereich 0-50\u2103<\/p><\/td><\/tr><tr><td><p>Stromversorgung<\/p><\/td><td colspan=\"5\"><p>5~30 V Gleichstrom<\/p><\/td><\/tr><tr><td><p>Max. Stromverbrauch<\/p><\/td><td colspan=\"5\"><p>RS485: 0,5 W (24 V DC); Strom: 0,4 W (12 V DC); Spannung: 0,3 W (12 V DC)<\/p><\/td><\/tr><tr><td><p>Signalausgang<\/p><\/td><td colspan=\"5\"><p>4~20 mA, 0~5 V, RS485, SDI-12<\/p><\/td><\/tr><tr><td><p>Schutz<\/p><\/td><td colspan=\"5\"><p>IP68<\/p><\/td><\/tr><tr><td><p>Sensorsondenmaterial<\/p><\/td><td colspan=\"5\"><p>316, Korrosionsschutz-Spezialelektrode<\/p><\/td><\/tr><tr><td><p>Dichtungsmaterial<\/p><\/td><td colspan=\"5\"><p>Schwarzes flammhemmendes Epoxidharz<\/p><\/td><\/tr><tr><td><p>Kabell\u00e4nge<\/p><\/td><td colspan=\"5\"><p>Standardm\u00e4\u00dfig 2 Meter, Kabell\u00e4nge kann nach Bedarf angepasst werden<\/p><\/td><\/tr><tr><td><p>Dimension<\/p><\/td><td colspan=\"5\"><p>45*15*123 mm<\/p><\/td><\/tr><\/tbody><\/table>                    <\/div>\n\t\t        \n                    <div id=\"selection-of-testing-methods-tab\" class=\"clearfix eael-tab-content-item inactive\" data-title-link=\"selection-of-testing-methods-tab\">\n\t\t\t\t        <p class=\"\" data-start=\"556\" data-end=\"632\">Das Ger\u00e4t unterst\u00fctzt sowohl <strong data-start=\"581\" data-end=\"598\">Schnelltests<\/strong> Und <strong data-start=\"603\" data-end=\"621\">Vergrabene Tests<\/strong> Methoden:<\/p><ul data-start=\"633\" data-end=\"939\"><li class=\"\" data-start=\"633\" data-end=\"778\"><p class=\"\" data-start=\"635\" data-end=\"778\"><strong data-start=\"635\" data-end=\"659\">Schnelle Testmethode<\/strong>: Messen Sie schnell Bodenparameter, indem Sie den Sensor direkt in die Bodenoberfl\u00e4che einf\u00fchren, ideal f\u00fcr schnelle Stichprobenkontrollen.<\/p><\/li><li class=\"\" data-start=\"779\" data-end=\"939\"><p class=\"\" data-start=\"781\" data-end=\"939\"><strong data-start=\"781\" data-end=\"806\">Vergrabene Testmethode<\/strong>: Vergraben Sie den Sensor in bestimmten Tiefen f\u00fcr eine stabilere, langfristige Boden\u00fcberwachung, perfekt f\u00fcr detaillierte Forschung und Erntemanagement.<\/p><\/li><\/ul><article class=\"text-token-text-primary w-full\" dir=\"auto\" data-testid=\"conversation-turn-8\" data-scroll-anchor=\"true\"><div class=\"text-base my-auto mx-auto py-5 [--thread-content-margin:--spacing(4)] @[37rem]:[--thread-content-margin:--spacing(6)] @[70rem]:[--thread-content-margin:--spacing(12)] px-(--thread-content-margin)\"><div class=\"[--thread-content-max-width:32rem] @[34rem]:[--thread-content-max-width:40rem] @[64rem]:[--thread-content-max-width:48rem] mx-auto flex max-w-(--thread-content-max-width) flex-1 text-base gap-4 md:gap-5 lg:gap-6 group\/turn-messages focus-visible:outline-hidden\" tabindex=\"-1\"><div class=\"group\/conversation-turn relative flex w-full min-w-0 flex-col agent-turn\"><div class=\"relative flex-col gap-1 md:gap-3\"><div class=\"mt-3 w-full empty:hidden\"><div class=\"text-center\"><img decoding=\"async\" data-recalc-dims=\"1\" class=\"aligncenter wp-image-6625 size-full\" src=\"https:\/\/i0.wp.com\/ecosentec.com\/wp-content\/uploads\/2025\/04\/two-method-measure.jpg?resize=650%2C500&#038;ssl=1\" alt=\"Bodensensor mit zwei Messmethoden\" width=\"650\" height=\"500\" srcset=\"https:\/\/i0.wp.com\/ecosentec.com\/wp-content\/uploads\/2025\/04\/two-method-measure.jpg?w=650&amp;ssl=1 650w, https:\/\/i0.wp.com\/ecosentec.com\/wp-content\/uploads\/2025\/04\/two-method-measure.jpg?resize=300%2C231&amp;ssl=1 300w, https:\/\/i0.wp.com\/ecosentec.com\/wp-content\/uploads\/2025\/04\/two-method-measure.jpg?resize=600%2C462&amp;ssl=1 600w\" sizes=\"(max-width: 650px) 100vw, 650px\" \/><\/div><\/div><\/div><div class=\"absolute\"><div class=\"flex items-center justify-center\">\u00a0<\/div><\/div><\/div><\/div><\/div><\/article><div class=\"pointer-events-none h-px w-px\" aria-hidden=\"true\" data-edge=\"true\">\u00a0<\/div>                    <\/div>\n\t\t                    <\/div>\n        <\/div>\n\t\t\t\t<\/div>\n\t\t\t\t<\/div>\n\t\t\t\t\t<\/div>\n\t\t<\/div>\n\t\t\t\t\t<\/div>\n\t\t<\/section>\n\t\t\t\t\t<\/div>\n\t\t<\/div>\n\t\t\t\t\t<\/div>\n\t\t<\/section>\n\t\t\t\t<section data-particle_enable=\"false\" data-particle-mobile-disabled=\"false\" class=\"elementor-section elementor-top-section elementor-element elementor-element-bee132b elementor-section-full_width elementor-section-height-default elementor-section-height-default\" data-id=\"bee132b\" data-element_type=\"section\">\n\t\t\t\t\t\t<div class=\"elementor-container elementor-column-gap-no\">\n\t\t\t\t\t<div class=\"elementor-column elementor-col-100 elementor-top-column elementor-element elementor-element-53f035c\" data-id=\"53f035c\" data-element_type=\"column\" data-settings=\"{&quot;background_background&quot;:&quot;classic&quot;}\">\n\t\t\t<div class=\"elementor-widget-wrap elementor-element-populated\">\n\t\t\t\t\t\t<section data-particle_enable=\"false\" data-particle-mobile-disabled=\"false\" class=\"elementor-section elementor-inner-section elementor-element elementor-element-207b8b9 elementor-section-boxed elementor-section-height-default elementor-section-height-default\" data-id=\"207b8b9\" data-element_type=\"section\">\n\t\t\t\t\t\t<div class=\"elementor-container elementor-column-gap-no\">\n\t\t\t\t\t<div class=\"elementor-column elementor-col-66 elementor-inner-column elementor-element elementor-element-2fecacb elementor-invisible\" data-id=\"2fecacb\" data-element_type=\"column\" data-settings=\"{&quot;animation&quot;:&quot;fadeInLeft&quot;}\">\n\t\t\t<div class=\"elementor-widget-wrap elementor-element-populated\">\n\t\t\t\t\t\t<div class=\"elementor-element elementor-element-e53fab9 elementor-widget elementor-widget-heading\" data-id=\"e53fab9\" data-element_type=\"widget\" data-widget_type=\"heading.default\">\n\t\t\t\t<div class=\"elementor-widget-container\">\n\t\t\t\t\t<h2 class=\"elementor-heading-title elementor-size-default\">Einf\u00fchrung in App-Funktionen<\/h2>\t\t\t\t<\/div>\n\t\t\t\t<\/div>\n\t\t\t\t\t<\/div>\n\t\t<\/div>\n\t\t\t\t<div class=\"elementor-column elementor-col-33 elementor-inner-column elementor-element elementor-element-d530129\" data-id=\"d530129\" data-element_type=\"column\">\n\t\t\t<div class=\"elementor-widget-wrap\">\n\t\t\t\t\t\t\t<\/div>\n\t\t<\/div>\n\t\t\t\t\t<\/div>\n\t\t<\/section>\n\t\t\t\t<section data-particle_enable=\"false\" data-particle-mobile-disabled=\"false\" class=\"elementor-section elementor-inner-section elementor-element elementor-element-dfc17dd elementor-section-boxed elementor-section-height-default elementor-section-height-default\" data-id=\"dfc17dd\" data-element_type=\"section\">\n\t\t\t\t\t\t<div class=\"elementor-container elementor-column-gap-no\">\n\t\t\t\t\t<div class=\"elementor-column elementor-col-100 elementor-inner-column elementor-element elementor-element-ced9af7\" data-id=\"ced9af7\" data-element_type=\"column\">\n\t\t\t<div class=\"elementor-widget-wrap elementor-element-populated\">\n\t\t\t\t\t\t<div class=\"elementor-element elementor-element-44ca729 elementor-widget elementor-widget-text-editor\" data-id=\"44ca729\" data-element_type=\"widget\" data-widget_type=\"text-editor.default\">\n\t\t\t\t<div class=\"elementor-widget-container\">\n\t\t\t\t\t\t\t\t\t<p class=\"\" data-start=\"145\" data-end=\"324\">Die mobile App ist auf Benutzerfreundlichkeit und professionelle Analysen ausgelegt und erweitert die Funktionalit\u00e4t des Bodenpr\u00fcfger\u00e4ts um leistungsstarke Funktionen:<\/p><p class=\"\" data-start=\"328\" data-end=\"462\">\ud83c\udf10 <strong data-start=\"331\" data-end=\"357\">Mehrsprachige Benutzeroberfl\u00e4che<\/strong>: Unterst\u00fctzt den Schnittstellenaustausch zwischen <strong data-start=\"403\" data-end=\"418\">8 Sprachen<\/strong>, wodurch es Benutzern weltweit zug\u00e4nglich wird.<\/p><p class=\"\" data-start=\"328\" data-end=\"462\">\ud83d\udcca <strong data-start=\"468\" data-end=\"494\">Echtzeit-Datenanzeige<\/strong>: Sehen Sie sich Bodenwerte sofort auf Ihrem Mobilger\u00e4t an.<\/p><p data-start=\"328\" data-end=\"462\"><img decoding=\"async\" data-recalc-dims=\"1\" class=\"aligncenter wp-image-6627 size-full\" src=\"https:\/\/i0.wp.com\/ecosentec.com\/wp-content\/uploads\/2025\/04\/soil-sensor-app-functions-2.jpg?resize=650%2C500&#038;ssl=1\" alt=\"Funktionen der Bodensensor-App\" width=\"650\" height=\"500\" srcset=\"https:\/\/i0.wp.com\/ecosentec.com\/wp-content\/uploads\/2025\/04\/soil-sensor-app-functions-2.jpg?w=650&amp;ssl=1 650w, https:\/\/i0.wp.com\/ecosentec.com\/wp-content\/uploads\/2025\/04\/soil-sensor-app-functions-2.jpg?resize=300%2C231&amp;ssl=1 300w, https:\/\/i0.wp.com\/ecosentec.com\/wp-content\/uploads\/2025\/04\/soil-sensor-app-functions-2.jpg?resize=600%2C462&amp;ssl=1 600w\" sizes=\"(max-width: 650px) 100vw, 650px\" \/><\/p><p class=\"\" data-start=\"552\" data-end=\"671\">\ud83d\uddc3\ufe0f <strong data-start=\"556\" data-end=\"596\">Speicherung und Verwaltung historischer Daten<\/strong>: Speichern, Anzeigen und Verwalten fr\u00fcherer Messdatens\u00e4tze f\u00fcr die Langzeitanalyse.<\/p><p class=\"\" data-start=\"674\" data-end=\"781\">\ud83d\udcc8 <strong data-start=\"677\" data-end=\"705\">Grafische Trendanalyse<\/strong>: Visualisieren Sie \u00c4nderungen der Bodenparameter im Laufe der Zeit mit leicht lesbaren Diagrammen.<\/p><p class=\"\" data-start=\"784\" data-end=\"886\">\ud83d\udce4 <strong data-start=\"787\" data-end=\"812\">Datenexport mit einem Klick<\/strong>:Daten exportieren in <strong data-start=\"829\" data-end=\"838\">Excel<\/strong> oder <strong data-start=\"842\" data-end=\"849\">PDF<\/strong> Formate f\u00fcr die Berichterstattung und den Austausch.<\/p><p><img loading=\"lazy\" decoding=\"async\" data-recalc-dims=\"1\" class=\"aligncenter wp-image-6626 size-full\" src=\"https:\/\/i0.wp.com\/ecosentec.com\/wp-content\/uploads\/2025\/04\/soil-sensor-mobile-function.jpg?resize=650%2C500&#038;ssl=1\" alt=\"Bodensensor Mobile Funktionen\" width=\"650\" height=\"500\" srcset=\"https:\/\/i0.wp.com\/ecosentec.com\/wp-content\/uploads\/2025\/04\/soil-sensor-mobile-function.jpg?w=650&amp;ssl=1 650w, https:\/\/i0.wp.com\/ecosentec.com\/wp-content\/uploads\/2025\/04\/soil-sensor-mobile-function.jpg?resize=300%2C231&amp;ssl=1 300w, https:\/\/i0.wp.com\/ecosentec.com\/wp-content\/uploads\/2025\/04\/soil-sensor-mobile-function.jpg?resize=600%2C462&amp;ssl=1 600w\" sizes=\"(max-width: 650px) 100vw, 650px\" \/><\/p><p>\u00a0<\/p>\t\t\t\t\t\t\t\t<\/div>\n\t\t\t\t<\/div>\n\t\t\t\t\t<\/div>\n\t\t<\/div>\n\t\t\t\t\t<\/div>\n\t\t<\/section>\n\t\t\t\t\t<\/div>\n\t\t<\/div>\n\t\t\t\t\t<\/div>\n\t\t<\/section>\n\t\t\t\t<\/div>","protected":false},"excerpt":{"rendered":"<p>Mobile soil testing instrument EcoSentec Mobile Soil Testing \u200bSolution System Introduction technical\u00a0specification Selection of testing methods Mobile Soil Testing Instrument\u200b This compact and user-friendly mobile soil testing instrument is designed for quick and accurate on-site soil analysis. It connects directly to your smartphone and works seamlessly with a free, intuitive app. With immediate measurement and [&hellip;]<\/p>","protected":false},"author":1,"featured_media":0,"parent":0,"menu_order":0,"comment_status":"closed","ping_status":"closed","template":"elementor_header_footer","meta":{"om_disable_all_campaigns":false,"_monsterinsights_skip_tracking":false,"_monsterinsights_sitenote_active":false,"_monsterinsights_sitenote_note":"","_monsterinsights_sitenote_category":0,"site-sidebar-layout":"no-sidebar","site-content-layout":"page-builder","ast-site-content-layout":"full-width-container","site-content-style":"default","site-sidebar-style":"default","ast-global-header-display":"","ast-banner-title-visibility":"","ast-main-header-display":"","ast-hfb-above-header-display":"","ast-hfb-below-header-display":"","ast-hfb-mobile-header-display":"","site-post-title":"disabled","ast-breadcrumbs-content":"","ast-featured-img":"disabled","footer-sml-layout":"","ast-disable-related-posts":"","theme-transparent-header-meta":"","adv-header-id-meta":"","stick-header-meta":"","header-above-stick-meta":"","header-main-stick-meta":"","header-below-stick-meta":"","astra-migrate-meta-layouts":"set","ast-page-background-enabled":"default","ast-page-background-meta":{"desktop":{"background-color":"","background-image":"","background-repeat":"repeat","background-position":"center center","background-size":"auto","background-attachment":"scroll","background-type":"","background-media":"","overlay-type":"","overlay-color":"","overlay-opacity":"","overlay-gradient":""},"tablet":{"background-color":"","background-image":"","background-repeat":"repeat","background-position":"center center","background-size":"auto","background-attachment":"scroll","background-type":"","background-media":"","overlay-type":"","overlay-color":"","overlay-opacity":"","overlay-gradient":""},"mobile":{"background-color":"","background-image":"","background-repeat":"repeat","background-position":"center center","background-size":"auto","background-attachment":"scroll","background-type":"","background-media":"","overlay-type":"","overlay-color":"","overlay-opacity":"","overlay-gradient":""}},"ast-content-background-meta":{"desktop":{"background-color":"var(--ast-global-color-5)","background-image":"","background-repeat":"repeat","background-position":"center center","background-size":"auto","background-attachment":"scroll","background-type":"","background-media":"","overlay-type":"","overlay-color":"","overlay-opacity":"","overlay-gradient":""},"tablet":{"background-color":"var(--ast-global-color-5)","background-image":"","background-repeat":"repeat","background-position":"center center","background-size":"auto","background-attachment":"scroll","background-type":"","background-media":"","overlay-type":"","overlay-color":"","overlay-opacity":"","overlay-gradient":""},"mobile":{"background-color":"var(--ast-global-color-5)","background-image":"","background-repeat":"repeat","background-position":"center center","background-size":"auto","background-attachment":"scroll","background-type":"","background-media":"","overlay-type":"","overlay-color":"","overlay-opacity":"","overlay-gradient":""}},"_joinchat":[],"footnotes":""},"class_list":["post-6622","page","type-page","status-publish","hentry"],"jetpack_sharing_enabled":true,"_links":{"self":[{"href":"https:\/\/ecosentec.com\/de\/wp-json\/wp\/v2\/pages\/6622","targetHints":{"allow":["GET"]}}],"collection":[{"href":"https:\/\/ecosentec.com\/de\/wp-json\/wp\/v2\/pages"}],"about":[{"href":"https:\/\/ecosentec.com\/de\/wp-json\/wp\/v2\/types\/page"}],"author":[{"embeddable":true,"href":"https:\/\/ecosentec.com\/de\/wp-json\/wp\/v2\/users\/1"}],"replies":[{"embeddable":true,"href":"https:\/\/ecosentec.com\/de\/wp-json\/wp\/v2\/comments?post=6622"}],"version-history":[{"count":3,"href":"https:\/\/ecosentec.com\/de\/wp-json\/wp\/v2\/pages\/6622\/revisions"}],"predecessor-version":[{"id":6630,"href":"https:\/\/ecosentec.com\/de\/wp-json\/wp\/v2\/pages\/6622\/revisions\/6630"}],"wp:attachment":[{"href":"https:\/\/ecosentec.com\/de\/wp-json\/wp\/v2\/media?parent=6622"}],"curies":[{"name":"wp","href":"https:\/\/api.w.org\/{rel}","templated":true}]}}